{"id":40059,"date":"2024-07-02T09:29:14","date_gmt":"2024-07-02T07:29:20","guid":{"rendered":"https:\/\/www.printer-box.com\/?post_type=product&#038;p=40059"},"modified":"2024-09-02T15:59:14","modified_gmt":"2024-09-02T13:59:14","slug":"spool-tank-avec-kit-dintegration-mmu-pour-prusabox-copy-2","status":"publish","type":"product","link":"https:\/\/www.printer-box.com\/fr\/produit\/spool-tank-avec-kit-dintegration-mmu-pour-prusabox-copy-2\/","title":{"rendered":"Pi\u00e8ces imprim\u00e9es pour le syst\u00e8me de rembobinage automatique dans le Spool Tank"},"content":{"rendered":"<p>[et_pb_section fb_built=\u00a0\u00bb1&Prime; _builder_version=\u00a0\u00bb4.16&Prime; _module_preset=\u00a0\u00bbdefault\u00a0\u00bb custom_padding=\u00a0\u00bb12px||15px|||\u00a0\u00bb locked=\u00a0\u00bboff\u00a0\u00bb global_colors_info=\u00a0\u00bb{}\u00a0\u00bb][et_pb_row column_structure=\u00a0\u00bb3_5,2_5&Prime; _builder_version=\u00a0\u00bb4.16&Prime; _module_preset=\u00a0\u00bbdefault\u00a0\u00bb max_width=\u00a0\u00bb1484px\u00a0\u00bb module_alignment=\u00a0\u00bbcenter\u00a0\u00bb custom_padding=\u00a0\u00bb||4px|||\u00a0\u00bb global_colors_info=\u00a0\u00bb{}\u00a0\u00bb][et_pb_column type=\u00a0\u00bb3_5&Prime; _builder_version=\u00a0\u00bb4.16&Prime; _module_preset=\u00a0\u00bbdefault\u00a0\u00bb global_colors_info=\u00a0\u00bb{}\u00a0\u00bb][et_pb_text _builder_version=\u00a0\u00bb4.23&Prime; text_font=\u00a0\u00bbRoboto||||||||\u00a0\u00bb text_text_color=\u00a0\u00bb#000000&Prime; text_letter_spacing=\u00a0\u00bb3px\u00a0\u00bb text_line_height=\u00a0\u00bb1.8em\u00a0\u00bb ul_letter_spacing=\u00a0\u00bb1px\u00a0\u00bb ul_line_height=\u00a0\u00bb1.4em\u00a0\u00bb header_font=\u00a0\u00bbRoboto|700|||||||\u00a0\u00bb header_text_align=\u00a0\u00bbcenter\u00a0\u00bb header_text_color=\u00a0\u00bb#242424&Prime; header_font_size=\u00a0\u00bb36px\u00a0\u00bb header_line_height=\u00a0\u00bb1.2em\u00a0\u00bb header_2_font=\u00a0\u00bb||||||||\u00a0\u00bb header_2_text_color=\u00a0\u00bb#242424&Prime; text_orientation=\u00a0\u00bbcenter\u00a0\u00bb background_layout=\u00a0\u00bbdark\u00a0\u00bb module_alignment=\u00a0\u00bbcenter\u00a0\u00bb custom_margin=\u00a0\u00bb15px||13px||false|false\u00a0\u00bb text_font_size_last_edited=\u00a0\u00bboff|desktop\u00a0\u00bb header_font_size_tablet=\u00a0\u00bb40px\u00a0\u00bb header_font_size_phone=\u00a0\u00bb32px\u00a0\u00bb header_font_size_last_edited=\u00a0\u00bboff|desktop\u00a0\u00bb global_colors_info=\u00a0\u00bb{}\u00a0\u00bb]<\/p>\n<h2>\n            <span style=\"font-size: 23px; font-weight: 500; text-align: justify;\">Gardez votre filament propre, sec et pr\u00eat \u00e0 l&#8217;emploi avec le MultiMaterial Unit !<\/span><br \/>\n          <\/h2>\n<p>[\/et_pb_text][et_pb_wc_images _builder_version=\u00a0\u00bb4.23&Prime; _module_preset=\u00a0\u00bbdefault\u00a0\u00bb max_height=\u00a0\u00bb283px\u00a0\u00bb global_colors_info=\u00a0\u00bb{}\u00a0\u00bb][\/et_pb_wc_images][\/et_pb_column][et_pb_column type=\u00a0\u00bb2_5&Prime; _builder_version=\u00a0\u00bb4.16&Prime; _module_preset=\u00a0\u00bbdefault\u00a0\u00bb global_colors_info=\u00a0\u00bb{}\u00a0\u00bb][et_pb_text _builder_version=\u00a0\u00bb4.23.4&Prime; text_font=\u00a0\u00bbRoboto||||||||\u00a0\u00bb text_text_color=\u00a0\u00bb#000000&Prime; text_letter_spacing=\u00a0\u00bb3px\u00a0\u00bb text_line_height=\u00a0\u00bb1.8em\u00a0\u00bb ul_letter_spacing=\u00a0\u00bb1px\u00a0\u00bb ul_line_height=\u00a0\u00bb1.4em\u00a0\u00bb header_font=\u00a0\u00bbRoboto|700|||||||\u00a0\u00bb header_text_align=\u00a0\u00bbcenter\u00a0\u00bb header_text_color=\u00a0\u00bb#242424&Prime; header_font_size=\u00a0\u00bb36px\u00a0\u00bb header_line_height=\u00a0\u00bb1.2em\u00a0\u00bb header_2_font=\u00a0\u00bb||||||||\u00a0\u00bb header_2_text_color=\u00a0\u00bb#242424&Prime; text_orientation=\u00a0\u00bbjustified\u00a0\u00bb background_layout=\u00a0\u00bbdark\u00a0\u00bb module_alignment=\u00a0\u00bbcenter\u00a0\u00bb custom_margin=\u00a0\u00bb15px||12px||false|false\u00a0\u00bb text_font_size_last_edited=\u00a0\u00bboff|desktop\u00a0\u00bb header_font_size_tablet=\u00a0\u00bb40px\u00a0\u00bb header_font_size_phone=\u00a0\u00bb32px\u00a0\u00bb header_font_size_last_edited=\u00a0\u00bboff|desktop\u00a0\u00bb global_colors_info=\u00a0\u00bb{}\u00a0\u00bb]<\/p>\n<h1>Pi\u00e8ces imprim\u00e9es pour le syst\u00e8me de rembobinage automatique dans le Spool Tank<\/h1>\n<p>[\/et_pb_text][et_pb_text _builder_version=\u00a0\u00bb4.23.4&Prime; text_font=\u00a0\u00bb||||||||\u00a0\u00bb text_text_color=\u00a0\u00bb#000000&Prime; ul_line_height=\u00a0\u00bb1.4em\u00a0\u00bb header_font=\u00a0\u00bbRoboto|700|||||||\u00a0\u00bb header_text_align=\u00a0\u00bbcenter\u00a0\u00bb header_text_color=\u00a0\u00bb#242424&Prime; header_font_size=\u00a0\u00bb36px\u00a0\u00bb header_line_height=\u00a0\u00bb1.2em\u00a0\u00bb header_2_font=\u00a0\u00bb||||||||\u00a0\u00bb header_2_text_color=\u00a0\u00bb#242424&Prime; text_orientation=\u00a0\u00bbjustified\u00a0\u00bb background_layout=\u00a0\u00bbdark\u00a0\u00bb module_alignment=\u00a0\u00bbcenter\u00a0\u00bb custom_margin=\u00a0\u00bb15px||12px||false|false\u00a0\u00bb text_font_size_last_edited=\u00a0\u00bboff|desktop\u00a0\u00bb header_font_size_tablet=\u00a0\u00bb40px\u00a0\u00bb header_font_size_phone=\u00a0\u00bb32px\u00a0\u00bb header_font_size_last_edited=\u00a0\u00bboff|desktop\u00a0\u00bb global_colors_info=\u00a0\u00bb{}\u00a0\u00bb]<\/p>\n<p>\n            <strong>Obtenez des pi\u00e8ces imprim\u00e9es pour le syst\u00e8me de rembobinage automatique, compatibles dans le Spool Tank !<br \/><\/strong>\n          <\/p>\n<\/p>\n<p>Les guides d&rsquo;assemblage sont disponibles <a href=\"https:\/\/help.printer-box.com\/home\/guide\/\">ici<\/a>.<\/p>\n<\/p>\n<p>Nos kits sont fabriqu\u00e9s en France dans un atelier avec des exigences qualit\u00e9s \u00e9lev\u00e9es.<\/p>\n<p>N&rsquo;h\u00e9sitez pas \u00e0 <a href=\"https:\/\/www.printer-box.com\/fr\/contact-us\/\">nous contacter<\/a> si vous avez des questions !<\/p>\n<p>[\/et_pb_text][et_pb_wc_price disabled_on=\u00a0\u00bboff|off|off\u00a0\u00bb _builder_version=\u00a0\u00bb4.20.2&Prime; _module_preset=\u00a0\u00bbdefault\u00a0\u00bb text_orientation=\u00a0\u00bbcenter\u00a0\u00bb custom_margin=\u00a0\u00bb||2px|||\u00a0\u00bb global_colors_info=\u00a0\u00bb{}\u00a0\u00bb][\/et_pb_wc_price][et_pb_text disabled_on=\u00a0\u00bbon|on|on\u00a0\u00bb _builder_version=\u00a0\u00bb4.16&Prime; _module_preset=\u00a0\u00bbdefault\u00a0\u00bb text_font=\u00a0\u00bb|700|||||||\u00a0\u00bb text_text_color=\u00a0\u00bb#ed6b21&Prime; text_orientation=\u00a0\u00bbcenter\u00a0\u00bb disabled=\u00a0\u00bbon\u00a0\u00bb global_colors_info=\u00a0\u00bb{}\u00a0\u00bb]<span class=\"woocommerce-Price-amount amount\">55,00&nbsp;<span class=\"woocommerce-Price-currencySymbol\">&euro;<\/span><\/span> TVA non comprise[\/et_pb_text][et_pb_code disabled_on=\u00a0\u00bbon|on|on\u00a0\u00bb _builder_version=\u00a0\u00bb4.16&Prime; _module_preset=\u00a0\u00bbdefault\u00a0\u00bb disabled=\u00a0\u00bbon\u00a0\u00bb global_colors_info=\u00a0\u00bb{}\u00a0\u00bb][\/et_pb_code][et_pb_code disabled_on=\u00a0\u00bbon|on|on\u00a0\u00bb _builder_version=\u00a0\u00bb4.16&Prime; _module_preset=\u00a0\u00bbdefault\u00a0\u00bb text_orientation=\u00a0\u00bbcenter\u00a0\u00bb min_height=\u00a0\u00bb8px\u00a0\u00bb custom_margin=\u00a0\u00bb-5px||2px|||\u00a0\u00bb disabled=\u00a0\u00bbon\u00a0\u00bb global_colors_info=\u00a0\u00bb{}\u00a0\u00bb]<div class=\"woo-multi-currency wmc-shortcode\">\r\n    <div class=\"wmc-currency\">\r\n        <select class=\"wmc-nav\"\r\n                onchange=\"this.options[this.selectedIndex].value && (window.location = this.options[this.selectedIndex].value);\">\r\n\t\t\t                <option  selected='selected' value=\"\/fr\/wp-json\/wp\/v2\/product\/40059?wmc-currency=EUR\"\r\n                                                                      data-currency=\"EUR\">\r\n\t\t\t\t\tEuro                <\/option>\r\n\t\t\t                <option  value=\"\/fr\/wp-json\/wp\/v2\/product\/40059?wmc-currency=USD\"\r\n                                                                      data-currency=\"USD\">\r\n\t\t\t\t\tDollar am\u00e9ricain                <\/option>\r\n\t\t\t\r\n        <\/select>\r\n    <\/div>\r\n<\/div>[\/et_pb_code][et_pb_text disabled_on=\u00a0\u00bboff|off|off\u00a0\u00bb _builder_version=\u00a0\u00bb4.20.2&Prime; _module_preset=\u00a0\u00bbdefault\u00a0\u00bb text_font=\u00a0\u00bb|700|||||||\u00a0\u00bb text_text_color=\u00a0\u00bb#ed6b21&Prime; text_orientation=\u00a0\u00bbcenter\u00a0\u00bb custom_padding=\u00a0\u00bb10px|||||\u00a0\u00bb global_colors_info=\u00a0\u00bb{}\u00a0\u00bb]<a href=\"https:\/\/www.printer-box.com\/fr\/information-dexpedition\/\" target=\"_blank\" rel=\"noopener\">&gt;&gt; Avant de commander, v\u00e9rifier les infos d&rsquo;exp\u00e9dition! &lt;&lt;<\/a>[\/et_pb_text][et_pb_wc_add_to_cart show_quantity=\u00a0\u00bboff\u00a0\u00bb show_stock=\u00a0\u00bboff\u00a0\u00bb _builder_version=\u00a0\u00bb4.16&Prime; _module_preset=\u00a0\u00bbdefault\u00a0\u00bb text_orientation=\u00a0\u00bbcenter\u00a0\u00bb custom_margin=\u00a0\u00bb||||false|false\u00a0\u00bb global_colors_info=\u00a0\u00bb{}\u00a0\u00bb][\/et_pb_wc_add_to_cart][et_pb_text disabled_on=\u00a0\u00bbon|on|on\u00a0\u00bb _builder_version=\u00a0\u00bb4.23.4&Prime; _module_preset=\u00a0\u00bbdefault\u00a0\u00bb disabled=\u00a0\u00bbon\u00a0\u00bb global_colors_info=\u00a0\u00bb{}\u00a0\u00bb]<\/p>\n<p>\n            <span style=\"color: #ff0000;\">Sera de nouveau en stock \u00e0 la fin du mois de juin 2024.<\/span>\n          <\/p>\n<p>[\/et_pb_text][et_pb_text disabled_on=\u00a0\u00bbon|on|on\u00a0\u00bb _builder_version=\u00a0\u00bb4.16&Prime; _module_preset=\u00a0\u00bbdefault\u00a0\u00bb text_font=\u00a0\u00bb|700||on|||||\u00a0\u00bb text_text_color=\u00a0\u00bb#7cda24&Prime; text_font_size=\u00a0\u00bb15px\u00a0\u00bb text_orientation=\u00a0\u00bbcenter\u00a0\u00bb custom_margin=\u00a0\u00bb||0px|||\u00a0\u00bb disabled=\u00a0\u00bbon\u00a0\u00bb global_colors_info=\u00a0\u00bb{}\u00a0\u00bb]Paiements s\u00e9curis\u00e9s par[\/et_pb_text][et_pb_image src=\u00a0\u00bbhttps:\/\/www.printer-box.com\/wp-content\/uploads\/2021\/03\/payment_solutions.gif\u00a0\u00bb title_text=\u00a0\u00bbpayment_solutions\u00a0\u00bb align=\u00a0\u00bbcenter\u00a0\u00bb disabled_on=\u00a0\u00bbon|on|on\u00a0\u00bb _builder_version=\u00a0\u00bb4.16&Prime; _module_preset=\u00a0\u00bbdefault\u00a0\u00bb max_width=\u00a0\u00bb250px\u00a0\u00bb custom_margin=\u00a0\u00bb||6px|||\u00a0\u00bb disabled=\u00a0\u00bbon\u00a0\u00bb global_colors_info=\u00a0\u00bb{}\u00a0\u00bb][\/et_pb_image][et_pb_wc_rating disabled_on=\u00a0\u00bbon|on|on\u00a0\u00bb _builder_version=\u00a0\u00bb4.16&Prime; _module_preset=\u00a0\u00bbdefault\u00a0\u00bb rating_text_align=\u00a0\u00bbcenter\u00a0\u00bb rating_text_color=\u00a0\u00bb#ed6b21&Prime; rating_font_size=\u00a0\u00bb21px\u00a0\u00bb body_font_size=\u00a0\u00bb19px\u00a0\u00bb module_alignment=\u00a0\u00bbcenter\u00a0\u00bb custom_margin=\u00a0\u00bb0em|0em|0.6em|0em|false|false\u00a0\u00bb disabled=\u00a0\u00bbon\u00a0\u00bb global_colors_info=\u00a0\u00bb{}\u00a0\u00bb][\/et_pb_wc_rating][\/et_pb_column][\/et_pb_row][\/et_pb_section][et_pb_section fb_built=\u00a0\u00bb1&Prime; _builder_version=\u00a0\u00bb4.16&Prime; _module_preset=\u00a0\u00bbdefault\u00a0\u00bb custom_padding=\u00a0\u00bb4px||10px|||\u00a0\u00bb locked=\u00a0\u00bboff\u00a0\u00bb global_colors_info=\u00a0\u00bb{}\u00a0\u00bb][et_pb_row column_structure=\u00a0\u00bb1_2,1_2&Prime; _builder_version=\u00a0\u00bb4.23.4&Prime; _module_preset=\u00a0\u00bbdefault\u00a0\u00bb max_width=\u00a0\u00bb1484px\u00a0\u00bb module_alignment=\u00a0\u00bbcenter\u00a0\u00bb custom_padding=\u00a0\u00bb||4px|||\u00a0\u00bb locked=\u00a0\u00bboff\u00a0\u00bb global_colors_info=\u00a0\u00bb{}\u00a0\u00bb][et_pb_column type=\u00a0\u00bb1_2&Prime; _builder_version=\u00a0\u00bb4.20.2&Prime; _module_preset=\u00a0\u00bbdefault\u00a0\u00bb background_color=\u00a0\u00bbRGBA(255,255,255,0)\u00a0\u00bb background_enable_pattern_style=\u00a0\u00bbon\u00a0\u00bb background_pattern_color=\u00a0\u00bbRGBA(255,255,255,0)\u00a0\u00bb vertical_offset=\u00a0\u00bb0px\u00a0\u00bb horizontal_offset=\u00a0\u00bb0px\u00a0\u00bb custom_padding=\u00a0\u00bb8px|8px||8px|false|false\u00a0\u00bb border_radii=\u00a0\u00bbon|6px|6px|6px|6px\u00a0\u00bb border_color_all=\u00a0\u00bb#3B82BD\u00a0\u00bb box_shadow_style=\u00a0\u00bbpreset1&Prime; global_colors_info=\u00a0\u00bb{}\u00a0\u00bb][et_pb_text _builder_version=\u00a0\u00bb4.23&Prime; custom_margin=\u00a0\u00bb0px||||false|false\u00a0\u00bb global_colors_info=\u00a0\u00bb{}\u00a0\u00bb]<\/p>\n<h2 style=\"text-align: center;\">Syst\u00e8me de rembobinage automatique<\/h2>\n<p>[\/et_pb_text][et_pb_text _builder_version=\u00a0\u00bb4.23&Prime; global_colors_info=\u00a0\u00bb{}\u00a0\u00bb]<\/p>\n<ul>\n<li>En utilisant des ressorts imprim\u00e9s, g\u00e9rez votre filament lorsque vous travaillez avec le MMU ! Aucun buffer suppl\u00e9mentaire n&rsquo;est n\u00e9cessaire, seules des pi\u00e8ces imprim\u00e9es sont n\u00e9cessaires<\/li>\n<\/ul>\n<p>[\/et_pb_text][et_pb_video src=\u00a0\u00bbhttps:\/\/youtu.be\/QTEpLeZHsVM\u00a0\u00bb _builder_version=\u00a0\u00bb4.23&Prime; _module_preset=\u00a0\u00bbdefault\u00a0\u00bb global_colors_info=\u00a0\u00bb{}\u00a0\u00bb][\/et_pb_video][et_pb_code _builder_version=\u00a0\u00bb4.20.2&Prime; _module_preset=\u00a0\u00bbdefault\u00a0\u00bb global_colors_info=\u00a0\u00bb{}\u00a0\u00bb][\/et_pb_code][et_pb_code _builder_version=\u00a0\u00bb4.16&Prime; _module_preset=\u00a0\u00bbdefault\u00a0\u00bb global_colors_info=\u00a0\u00bb{}\u00a0\u00bb][\/et_pb_code][\/et_pb_column][et_pb_column type=\u00a0\u00bb1_2&Prime; _builder_version=\u00a0\u00bb4.20.2&Prime; _module_preset=\u00a0\u00bbdefault\u00a0\u00bb background_color=\u00a0\u00bbRGBA(255,255,255,0)\u00a0\u00bb background_enable_pattern_style=\u00a0\u00bbon\u00a0\u00bb background_pattern_color=\u00a0\u00bbRGBA(255,255,255,0)\u00a0\u00bb vertical_offset=\u00a0\u00bb0px\u00a0\u00bb horizontal_offset=\u00a0\u00bb0px\u00a0\u00bb custom_padding=\u00a0\u00bb8px|8px||8px|false|false\u00a0\u00bb border_radii=\u00a0\u00bbon|6px|6px|6px|6px\u00a0\u00bb border_color_all=\u00a0\u00bb#3B82BD\u00a0\u00bb box_shadow_style=\u00a0\u00bbpreset1&Prime; global_colors_info=\u00a0\u00bb{}\u00a0\u00bb][et_pb_text _builder_version=\u00a0\u00bb4.20.2&Prime; custom_margin=\u00a0\u00bb0px||||false|false\u00a0\u00bb global_colors_info=\u00a0\u00bb{}\u00a0\u00bb]<\/p>\n<h1 style=\"text-align: center;\">Large compatibilit\u00e9<\/h1>\n<p>[\/et_pb_text][et_pb_text _builder_version=\u00a0\u00bb4.23&Prime; global_colors_info=\u00a0\u00bb{}\u00a0\u00bb]<\/p>\n<p>Ce kit est compatible avec :<\/p>\n<\/p>\n<ul>\n<li>\n              <strong>Caisson PrusaBox<\/strong><\/p>\n<ul>\n<li>PrusaBox MK3<\/li>\n<li>PrusaBox MK4<\/li>\n<\/ul>\n<\/li>\n<li><strong>Syst\u00e8me MMU<br \/><\/strong>\n<\/p>\n<ul>\n<li>MMU2<\/li>\n<li>MMU3 pour MK3 et MK4<\/li>\n<\/ul>\n<\/li>\n<\/ul>\n<p>[\/et_pb_text][et_pb_code _builder_version=\u00a0\u00bb4.20.2&Prime; _module_preset=\u00a0\u00bbdefault\u00a0\u00bb global_colors_info=\u00a0\u00bb{}\u00a0\u00bb][\/et_pb_code][et_pb_code _builder_version=\u00a0\u00bb4.16&Prime; _module_preset=\u00a0\u00bbdefault\u00a0\u00bb global_colors_info=\u00a0\u00bb{}\u00a0\u00bb][\/et_pb_code][\/et_pb_column][\/et_pb_row][\/et_pb_section]<\/p>\n<span class=\"et_bloom_bottom_trigger\"><\/span>","protected":false},"excerpt":{"rendered":"<p>Gardez votre filament propre, sec et pr\u00eat \u00e0 l&#8217;emploi avec le MultiMaterial Unit ! Pi\u00e8ces imprim\u00e9es pour le syst\u00e8me de rembobinage automatique dans le Spool Tank Obtenez des pi\u00e8ces imprim\u00e9es pour le syst\u00e8me de rembobinage automatique, compatibles dans le Spool Tank ! Les guides d&rsquo;assemblage sont disponibles ici. Nos kits sont fabriqu\u00e9s en France dans [&hellip;]<\/p>\n","protected":false},"featured_media":38448,"comment_status":"open","ping_status":"closed","template":"","meta":{"_et_pb_use_builder":"on","_et_pb_old_content":"","_et_gb_content_width":""},"product_brand":[],"product_cat":[147,78],"product_tag":[],"class_list":{"0":"post-40059","1":"product","2":"type-product","3":"status-publish","4":"has-post-thumbnail","6":"product_cat-mod-integration-mmu2","7":"product_cat-filament-box-fr","9":"first","10":"outofstock","11":"taxable","12":"shipping-taxable","13":"purchasable","14":"product-type-simple"},"composite_virtual":false,"composite_layout":"","composite_add_to_cart_form_location":"","composite_editable_in_cart":false,"composite_sold_individually_context":"","composite_shop_price_calc":"","composite_components":[],"composite_scenarios":[],"exclude_global_add_ons":false,"addons":[{"name":"Couleur des pi\u00e8ces imprim\u00e9es","type":"multiple_choice","position":0,"required":true,"title_format":"label","default":"","description_enable":true,"description":"","placeholder_enable":false,"placeholder":"","display":"select","restrictions_type":"any_text","adjust_price":false,"price":"","price_type":"flat_fee","restrictions":false,"min":"0","max":"0","options":[{"label":"Non","price":"","price_type":"quantity_based","image":0,"visibility":true},{"label":"Orange","price":"32","price_type":"quantity_based","image":0,"visibility":true},{"label":"Noir","price":"32","price_type":"quantity_based","image":0,"visibility":true},{"label":"Bleu","price":"32","price_type":"quantity_based","image":0,"visibility":true},{"label":"Vert","price":"32","price_type":"quantity_based","image":0,"visibility":true}],"id":1685712793}],"yoast_head":"<!-- This site is optimized with the Yoast SEO plugin v27.4 - https:\/\/yoast.com\/product\/yoast-seo-wordpress\/ -->\n<title>Pi\u00e8ces imprim\u00e9es pour le syst\u00e8me de rembobinage automatique dans le Spool Tank - Printer Box<\/title>\n<meta name=\"robots\" content=\"index, follow, max-snippet:-1, max-image-preview:large, max-video-preview:-1\" \/>\n<link rel=\"canonical\" href=\"https:\/\/www.printer-box.com\/produit\/printed-auto-rewind\/\" \/>\n<meta property=\"og:locale\" content=\"fr_FR\" \/>\n<meta property=\"og:type\" content=\"article\" \/>\n<meta property=\"og:title\" content=\"Pi\u00e8ces imprim\u00e9es pour le syst\u00e8me de rembobinage automatique dans le Spool Tank - Printer Box\" \/>\n<meta property=\"og:description\" content=\"Gardez votre filament propre, sec et pr\u00eat \u00e0 l&#039;emploi avec le MultiMaterial Unit ! Pi\u00e8ces imprim\u00e9es pour le syst\u00e8me de rembobinage automatique dans le Spool Tank Obtenez des pi\u00e8ces imprim\u00e9es pour le syst\u00e8me de rembobinage automatique, compatibles dans le Spool Tank ! Les guides d&#039;assemblage sont disponibles ici. Nos kits sont fabriqu\u00e9s en France dans [&hellip;]\" \/>\n<meta property=\"og:url\" content=\"https:\/\/www.printer-box.com\/produit\/printed-auto-rewind\/\" \/>\n<meta property=\"og:site_name\" content=\"Printer Box\" \/>\n<meta property=\"article:publisher\" content=\"https:\/\/www.facebook.com\/theprinterbox\/\" \/>\n<meta property=\"article:modified_time\" content=\"2024-09-02T13:59:14+00:00\" \/>\n<meta property=\"og:image\" content=\"https:\/\/www.printer-box.com\/wp-content\/uploads\/2023\/11\/Printed-parts-for-auto-rewind-in-Spool-Tank.jpg\" \/>\n\t<meta property=\"og:image:width\" content=\"1920\" \/>\n\t<meta property=\"og:image:height\" content=\"1080\" \/>\n\t<meta property=\"og:image:type\" content=\"image\/jpeg\" \/>\n<meta name=\"twitter:card\" content=\"summary_large_image\" \/>\n<meta name=\"twitter:label1\" content=\"Dur\u00e9e de lecture estim\u00e9e\" \/>\n\t<meta name=\"twitter:data1\" content=\"2 minutes\" \/>\n<script type=\"application\/ld+json\" class=\"yoast-schema-graph\">{\"@context\":\"https:\\\/\\\/schema.org\",\"@graph\":[{\"@type\":\"WebPage\",\"@id\":\"https:\\\/\\\/www.printer-box.com\\\/produit\\\/printed-auto-rewind\\\/\",\"url\":\"https:\\\/\\\/www.printer-box.com\\\/produit\\\/printed-auto-rewind\\\/\",\"name\":\"Pi\u00e8ces imprim\u00e9es pour le syst\u00e8me de rembobinage automatique dans le Spool Tank - Printer Box\",\"isPartOf\":{\"@id\":\"https:\\\/\\\/www.printer-box.com\\\/de\\\/#website\"},\"primaryImageOfPage\":{\"@id\":\"https:\\\/\\\/www.printer-box.com\\\/produit\\\/printed-auto-rewind\\\/#primaryimage\"},\"image\":{\"@id\":\"https:\\\/\\\/www.printer-box.com\\\/produit\\\/printed-auto-rewind\\\/#primaryimage\"},\"thumbnailUrl\":\"https:\\\/\\\/www.printer-box.com\\\/wp-content\\\/uploads\\\/2023\\\/11\\\/Printed-parts-for-auto-rewind-in-Spool-Tank.jpg\",\"datePublished\":\"2024-07-02T07:29:20+00:00\",\"dateModified\":\"2024-09-02T13:59:14+00:00\",\"breadcrumb\":{\"@id\":\"https:\\\/\\\/www.printer-box.com\\\/produit\\\/printed-auto-rewind\\\/#breadcrumb\"},\"inLanguage\":\"fr-FR\",\"potentialAction\":[{\"@type\":\"ReadAction\",\"target\":[\"https:\\\/\\\/www.printer-box.com\\\/produit\\\/printed-auto-rewind\\\/\"]}]},{\"@type\":\"ImageObject\",\"inLanguage\":\"fr-FR\",\"@id\":\"https:\\\/\\\/www.printer-box.com\\\/produit\\\/printed-auto-rewind\\\/#primaryimage\",\"url\":\"https:\\\/\\\/www.printer-box.com\\\/wp-content\\\/uploads\\\/2023\\\/11\\\/Printed-parts-for-auto-rewind-in-Spool-Tank.jpg\",\"contentUrl\":\"https:\\\/\\\/www.printer-box.com\\\/wp-content\\\/uploads\\\/2023\\\/11\\\/Printed-parts-for-auto-rewind-in-Spool-Tank.jpg\",\"width\":1920,\"height\":1080},{\"@type\":\"BreadcrumbList\",\"@id\":\"https:\\\/\\\/www.printer-box.com\\\/produit\\\/printed-auto-rewind\\\/#breadcrumb\",\"itemListElement\":[{\"@type\":\"ListItem\",\"position\":1,\"name\":\"Home\",\"item\":\"https:\\\/\\\/www.printer-box.com\\\/fr\\\/acceuil\\\/\"},{\"@type\":\"ListItem\",\"position\":2,\"name\":\"Boutique &#8211; Caisson\",\"item\":\"https:\\\/\\\/www.printer-box.com\\\/shop-enclosure\\\/\"},{\"@type\":\"ListItem\",\"position\":3,\"name\":\"Pi\u00e8ces imprim\u00e9es pour le syst\u00e8me de rembobinage automatique dans le Spool Tank\"}]},{\"@type\":\"WebSite\",\"@id\":\"https:\\\/\\\/www.printer-box.com\\\/de\\\/#website\",\"url\":\"https:\\\/\\\/www.printer-box.com\\\/de\\\/\",\"name\":\"Printer Box\",\"description\":\"The best home for your printer\",\"potentialAction\":[{\"@type\":\"SearchAction\",\"target\":{\"@type\":\"EntryPoint\",\"urlTemplate\":\"https:\\\/\\\/www.printer-box.com\\\/de\\\/?s={search_term_string}\"},\"query-input\":{\"@type\":\"PropertyValueSpecification\",\"valueRequired\":true,\"valueName\":\"search_term_string\"}}],\"inLanguage\":\"fr-FR\"}]}<\/script>\n<!-- \/ Yoast SEO plugin. -->","yoast_head_json":{"title":"Pi\u00e8ces imprim\u00e9es pour le syst\u00e8me de rembobinage automatique dans le Spool Tank - Printer Box","robots":{"index":"index","follow":"follow","max-snippet":"max-snippet:-1","max-image-preview":"max-image-preview:large","max-video-preview":"max-video-preview:-1"},"canonical":"https:\/\/www.printer-box.com\/produit\/printed-auto-rewind\/","og_locale":"fr_FR","og_type":"article","og_title":"Pi\u00e8ces imprim\u00e9es pour le syst\u00e8me de rembobinage automatique dans le Spool Tank - Printer Box","og_description":"Gardez votre filament propre, sec et pr\u00eat \u00e0 l'emploi avec le MultiMaterial Unit ! Pi\u00e8ces imprim\u00e9es pour le syst\u00e8me de rembobinage automatique dans le Spool Tank Obtenez des pi\u00e8ces imprim\u00e9es pour le syst\u00e8me de rembobinage automatique, compatibles dans le Spool Tank ! Les guides d'assemblage sont disponibles ici. Nos kits sont fabriqu\u00e9s en France dans [&hellip;]","og_url":"https:\/\/www.printer-box.com\/produit\/printed-auto-rewind\/","og_site_name":"Printer Box","article_publisher":"https:\/\/www.facebook.com\/theprinterbox\/","article_modified_time":"2024-09-02T13:59:14+00:00","og_image":[{"width":1920,"height":1080,"url":"https:\/\/www.printer-box.com\/wp-content\/uploads\/2023\/11\/Printed-parts-for-auto-rewind-in-Spool-Tank.jpg","type":"image\/jpeg"}],"twitter_card":"summary_large_image","twitter_misc":{"Dur\u00e9e de lecture estim\u00e9e":"2 minutes"},"schema":{"@context":"https:\/\/schema.org","@graph":[{"@type":"WebPage","@id":"https:\/\/www.printer-box.com\/produit\/printed-auto-rewind\/","url":"https:\/\/www.printer-box.com\/produit\/printed-auto-rewind\/","name":"Pi\u00e8ces imprim\u00e9es pour le syst\u00e8me de rembobinage automatique dans le Spool Tank - Printer Box","isPartOf":{"@id":"https:\/\/www.printer-box.com\/de\/#website"},"primaryImageOfPage":{"@id":"https:\/\/www.printer-box.com\/produit\/printed-auto-rewind\/#primaryimage"},"image":{"@id":"https:\/\/www.printer-box.com\/produit\/printed-auto-rewind\/#primaryimage"},"thumbnailUrl":"https:\/\/www.printer-box.com\/wp-content\/uploads\/2023\/11\/Printed-parts-for-auto-rewind-in-Spool-Tank.jpg","datePublished":"2024-07-02T07:29:20+00:00","dateModified":"2024-09-02T13:59:14+00:00","breadcrumb":{"@id":"https:\/\/www.printer-box.com\/produit\/printed-auto-rewind\/#breadcrumb"},"inLanguage":"fr-FR","potentialAction":[{"@type":"ReadAction","target":["https:\/\/www.printer-box.com\/produit\/printed-auto-rewind\/"]}]},{"@type":"ImageObject","inLanguage":"fr-FR","@id":"https:\/\/www.printer-box.com\/produit\/printed-auto-rewind\/#primaryimage","url":"https:\/\/www.printer-box.com\/wp-content\/uploads\/2023\/11\/Printed-parts-for-auto-rewind-in-Spool-Tank.jpg","contentUrl":"https:\/\/www.printer-box.com\/wp-content\/uploads\/2023\/11\/Printed-parts-for-auto-rewind-in-Spool-Tank.jpg","width":1920,"height":1080},{"@type":"BreadcrumbList","@id":"https:\/\/www.printer-box.com\/produit\/printed-auto-rewind\/#breadcrumb","itemListElement":[{"@type":"ListItem","position":1,"name":"Home","item":"https:\/\/www.printer-box.com\/fr\/acceuil\/"},{"@type":"ListItem","position":2,"name":"Boutique &#8211; Caisson","item":"https:\/\/www.printer-box.com\/shop-enclosure\/"},{"@type":"ListItem","position":3,"name":"Pi\u00e8ces imprim\u00e9es pour le syst\u00e8me de rembobinage automatique dans le Spool Tank"}]},{"@type":"WebSite","@id":"https:\/\/www.printer-box.com\/de\/#website","url":"https:\/\/www.printer-box.com\/de\/","name":"Printer Box","description":"The best home for your printer","potentialAction":[{"@type":"SearchAction","target":{"@type":"EntryPoint","urlTemplate":"https:\/\/www.printer-box.com\/de\/?s={search_term_string}"},"query-input":{"@type":"PropertyValueSpecification","valueRequired":true,"valueName":"search_term_string"}}],"inLanguage":"fr-FR"}]}},"_links":{"self":[{"href":"https:\/\/www.printer-box.com\/fr\/wp-json\/wp\/v2\/product\/40059","targetHints":{"allow":["GET"]}}],"collection":[{"href":"https:\/\/www.printer-box.com\/fr\/wp-json\/wp\/v2\/product"}],"about":[{"href":"https:\/\/www.printer-box.com\/fr\/wp-json\/wp\/v2\/types\/product"}],"replies":[{"embeddable":true,"href":"https:\/\/www.printer-box.com\/fr\/wp-json\/wp\/v2\/comments?post=40059"}],"wp:featuredmedia":[{"embeddable":true,"href":"https:\/\/www.printer-box.com\/fr\/wp-json\/wp\/v2\/media\/38448"}],"wp:attachment":[{"href":"https:\/\/www.printer-box.com\/fr\/wp-json\/wp\/v2\/media?parent=40059"}],"wp:term":[{"taxonomy":"product_brand","embeddable":true,"href":"https:\/\/www.printer-box.com\/fr\/wp-json\/wp\/v2\/product_brand?post=40059"},{"taxonomy":"product_cat","embeddable":true,"href":"https:\/\/www.printer-box.com\/fr\/wp-json\/wp\/v2\/product_cat?post=40059"},{"taxonomy":"product_tag","embeddable":true,"href":"https:\/\/www.printer-box.com\/fr\/wp-json\/wp\/v2\/product_tag?post=40059"}],"curies":[{"name":"wp","href":"https:\/\/api.w.org\/{rel}","templated":true}]}}