{"id":38362,"date":"2023-10-26T12:14:22","date_gmt":"2023-10-31T10:34:11","guid":{"rendered":"https:\/\/www.printer-box.com\/product\/porte-pour-spool-tank-sur-voron2-4\/"},"modified":"2023-10-31T11:34:11","modified_gmt":"2023-10-31T10:34:11","slug":"porte-pour-spool-tank-sur-voron2-4","status":"publish","type":"product","link":"https:\/\/www.printer-box.com\/fr\/produit\/porte-pour-spool-tank-sur-voron2-4\/","title":{"rendered":"Porte pour Spool tank sur Voron2.4"},"content":{"rendered":"<span class=\"et_bloom_bottom_trigger\"><\/span>","protected":false},"excerpt":{"rendered":"<p>Placez votre Spool Tank sur le dessus de votre imprimante Voron2 !<\/p>\n<p>Doit \u00eatre utilis\u00e9e avec les pi\u00e8ces imprim\u00e9es, disponibles dans la section de t\u00e9l\u00e9chargement.<\/p>\n","protected":false},"featured_media":38321,"comment_status":"open","ping_status":"closed","template":"","meta":{"_et_pb_use_builder":"","_et_pb_old_content":"","_et_gb_content_width":""},"product_brand":[],"product_cat":[78],"product_tag":[],"class_list":{"0":"post-38362","1":"product","2":"type-product","3":"status-publish","4":"has-post-thumbnail","6":"product_cat-filament-box-fr","8":"first","9":"outofstock","10":"taxable","11":"shipping-taxable","12":"purchasable","13":"product-type-variable"},"composite_virtual":false,"composite_layout":"","composite_add_to_cart_form_location":"","composite_editable_in_cart":false,"composite_sold_individually_context":"","composite_shop_price_calc":"","composite_components":[],"composite_scenarios":[],"exclude_global_add_ons":[],"addons":[],"yoast_head":"<!-- This site is optimized with the Yoast SEO plugin v27.4 - https:\/\/yoast.com\/product\/yoast-seo-wordpress\/ -->\n<title>Porte pour Spool tank sur Voron2.4 - Printer Box<\/title>\n<meta name=\"robots\" content=\"index, follow, max-snippet:-1, max-image-preview:large, max-video-preview:-1\" \/>\n<link rel=\"canonical\" href=\"https:\/\/www.printer-box.com\/produit\/door-for-spool-tank-on-voron2-4\/\" \/>\n<meta property=\"og:locale\" content=\"fr_FR\" \/>\n<meta property=\"og:type\" content=\"article\" \/>\n<meta property=\"og:title\" content=\"Porte pour Spool tank sur Voron2.4 - Printer Box\" \/>\n<meta property=\"og:description\" content=\"Placez votre Spool Tank sur le dessus de votre imprimante Voron2 ! Doit \u00eatre utilis\u00e9e avec les pi\u00e8ces imprim\u00e9es, disponibles dans la section de t\u00e9l\u00e9chargement.\" \/>\n<meta property=\"og:url\" content=\"https:\/\/www.printer-box.com\/produit\/door-for-spool-tank-on-voron2-4\/\" \/>\n<meta property=\"og:site_name\" content=\"Printer Box\" \/>\n<meta property=\"article:publisher\" content=\"https:\/\/www.facebook.com\/theprinterbox\/\" \/>\n<meta property=\"og:image\" content=\"https:\/\/www.printer-box.com\/wp-content\/uploads\/2023\/10\/door-for-st-on-voron-350-scaled.jpg\" \/>\n\t<meta property=\"og:image:width\" content=\"2880\" \/>\n\t<meta property=\"og:image:height\" content=\"2285\" \/>\n\t<meta property=\"og:image:type\" content=\"image\/jpeg\" \/>\n<meta name=\"twitter:card\" content=\"summary_large_image\" \/>\n<script type=\"application\/ld+json\" class=\"yoast-schema-graph\">{\"@context\":\"https:\\\/\\\/schema.org\",\"@graph\":[{\"@type\":\"WebPage\",\"@id\":\"https:\\\/\\\/www.printer-box.com\\\/produit\\\/door-for-spool-tank-on-voron2-4\\\/\",\"url\":\"https:\\\/\\\/www.printer-box.com\\\/produit\\\/door-for-spool-tank-on-voron2-4\\\/\",\"name\":\"Porte pour Spool tank sur Voron2.4 - Printer Box\",\"isPartOf\":{\"@id\":\"https:\\\/\\\/www.printer-box.com\\\/de\\\/#website\"},\"primaryImageOfPage\":{\"@id\":\"https:\\\/\\\/www.printer-box.com\\\/produit\\\/door-for-spool-tank-on-voron2-4\\\/#primaryimage\"},\"image\":{\"@id\":\"https:\\\/\\\/www.printer-box.com\\\/produit\\\/door-for-spool-tank-on-voron2-4\\\/#primaryimage\"},\"thumbnailUrl\":\"https:\\\/\\\/www.printer-box.com\\\/wp-content\\\/uploads\\\/2023\\\/10\\\/door-for-st-on-voron-350-scaled.jpg\",\"datePublished\":\"2023-10-31T10:34:11+00:00\",\"breadcrumb\":{\"@id\":\"https:\\\/\\\/www.printer-box.com\\\/produit\\\/door-for-spool-tank-on-voron2-4\\\/#breadcrumb\"},\"inLanguage\":\"fr-FR\",\"potentialAction\":[{\"@type\":\"ReadAction\",\"target\":[\"https:\\\/\\\/www.printer-box.com\\\/produit\\\/door-for-spool-tank-on-voron2-4\\\/\"]}]},{\"@type\":\"ImageObject\",\"inLanguage\":\"fr-FR\",\"@id\":\"https:\\\/\\\/www.printer-box.com\\\/produit\\\/door-for-spool-tank-on-voron2-4\\\/#primaryimage\",\"url\":\"https:\\\/\\\/www.printer-box.com\\\/wp-content\\\/uploads\\\/2023\\\/10\\\/door-for-st-on-voron-350-scaled.jpg\",\"contentUrl\":\"https:\\\/\\\/www.printer-box.com\\\/wp-content\\\/uploads\\\/2023\\\/10\\\/door-for-st-on-voron-350-scaled.jpg\",\"width\":2880,\"height\":2285},{\"@type\":\"BreadcrumbList\",\"@id\":\"https:\\\/\\\/www.printer-box.com\\\/produit\\\/door-for-spool-tank-on-voron2-4\\\/#breadcrumb\",\"itemListElement\":[{\"@type\":\"ListItem\",\"position\":1,\"name\":\"Home\",\"item\":\"https:\\\/\\\/www.printer-box.com\\\/fr\\\/acceuil\\\/\"},{\"@type\":\"ListItem\",\"position\":2,\"name\":\"Boutique &#8211; Caisson\",\"item\":\"https:\\\/\\\/www.printer-box.com\\\/shop-enclosure\\\/\"},{\"@type\":\"ListItem\",\"position\":3,\"name\":\"Porte pour Spool tank sur Voron2.4\"}]},{\"@type\":\"WebSite\",\"@id\":\"https:\\\/\\\/www.printer-box.com\\\/de\\\/#website\",\"url\":\"https:\\\/\\\/www.printer-box.com\\\/de\\\/\",\"name\":\"Printer Box\",\"description\":\"The best home for your printer\",\"potentialAction\":[{\"@type\":\"SearchAction\",\"target\":{\"@type\":\"EntryPoint\",\"urlTemplate\":\"https:\\\/\\\/www.printer-box.com\\\/de\\\/?s={search_term_string}\"},\"query-input\":{\"@type\":\"PropertyValueSpecification\",\"valueRequired\":true,\"valueName\":\"search_term_string\"}}],\"inLanguage\":\"fr-FR\"}]}<\/script>\n<!-- \/ Yoast SEO plugin. -->","yoast_head_json":{"title":"Porte pour Spool tank sur Voron2.4 - Printer Box","robots":{"index":"index","follow":"follow","max-snippet":"max-snippet:-1","max-image-preview":"max-image-preview:large","max-video-preview":"max-video-preview:-1"},"canonical":"https:\/\/www.printer-box.com\/produit\/door-for-spool-tank-on-voron2-4\/","og_locale":"fr_FR","og_type":"article","og_title":"Porte pour Spool tank sur Voron2.4 - Printer Box","og_description":"Placez votre Spool Tank sur le dessus de votre imprimante Voron2 ! Doit \u00eatre utilis\u00e9e avec les pi\u00e8ces imprim\u00e9es, disponibles dans la section de t\u00e9l\u00e9chargement.","og_url":"https:\/\/www.printer-box.com\/produit\/door-for-spool-tank-on-voron2-4\/","og_site_name":"Printer Box","article_publisher":"https:\/\/www.facebook.com\/theprinterbox\/","og_image":[{"width":2880,"height":2285,"url":"https:\/\/www.printer-box.com\/wp-content\/uploads\/2023\/10\/door-for-st-on-voron-350-scaled.jpg","type":"image\/jpeg"}],"twitter_card":"summary_large_image","schema":{"@context":"https:\/\/schema.org","@graph":[{"@type":"WebPage","@id":"https:\/\/www.printer-box.com\/produit\/door-for-spool-tank-on-voron2-4\/","url":"https:\/\/www.printer-box.com\/produit\/door-for-spool-tank-on-voron2-4\/","name":"Porte pour Spool tank sur Voron2.4 - Printer Box","isPartOf":{"@id":"https:\/\/www.printer-box.com\/de\/#website"},"primaryImageOfPage":{"@id":"https:\/\/www.printer-box.com\/produit\/door-for-spool-tank-on-voron2-4\/#primaryimage"},"image":{"@id":"https:\/\/www.printer-box.com\/produit\/door-for-spool-tank-on-voron2-4\/#primaryimage"},"thumbnailUrl":"https:\/\/www.printer-box.com\/wp-content\/uploads\/2023\/10\/door-for-st-on-voron-350-scaled.jpg","datePublished":"2023-10-31T10:34:11+00:00","breadcrumb":{"@id":"https:\/\/www.printer-box.com\/produit\/door-for-spool-tank-on-voron2-4\/#breadcrumb"},"inLanguage":"fr-FR","potentialAction":[{"@type":"ReadAction","target":["https:\/\/www.printer-box.com\/produit\/door-for-spool-tank-on-voron2-4\/"]}]},{"@type":"ImageObject","inLanguage":"fr-FR","@id":"https:\/\/www.printer-box.com\/produit\/door-for-spool-tank-on-voron2-4\/#primaryimage","url":"https:\/\/www.printer-box.com\/wp-content\/uploads\/2023\/10\/door-for-st-on-voron-350-scaled.jpg","contentUrl":"https:\/\/www.printer-box.com\/wp-content\/uploads\/2023\/10\/door-for-st-on-voron-350-scaled.jpg","width":2880,"height":2285},{"@type":"BreadcrumbList","@id":"https:\/\/www.printer-box.com\/produit\/door-for-spool-tank-on-voron2-4\/#breadcrumb","itemListElement":[{"@type":"ListItem","position":1,"name":"Home","item":"https:\/\/www.printer-box.com\/fr\/acceuil\/"},{"@type":"ListItem","position":2,"name":"Boutique &#8211; Caisson","item":"https:\/\/www.printer-box.com\/shop-enclosure\/"},{"@type":"ListItem","position":3,"name":"Porte pour Spool tank sur Voron2.4"}]},{"@type":"WebSite","@id":"https:\/\/www.printer-box.com\/de\/#website","url":"https:\/\/www.printer-box.com\/de\/","name":"Printer Box","description":"The best home for your printer","potentialAction":[{"@type":"SearchAction","target":{"@type":"EntryPoint","urlTemplate":"https:\/\/www.printer-box.com\/de\/?s={search_term_string}"},"query-input":{"@type":"PropertyValueSpecification","valueRequired":true,"valueName":"search_term_string"}}],"inLanguage":"fr-FR"}]}},"_links":{"self":[{"href":"https:\/\/www.printer-box.com\/fr\/wp-json\/wp\/v2\/product\/38362","targetHints":{"allow":["GET"]}}],"collection":[{"href":"https:\/\/www.printer-box.com\/fr\/wp-json\/wp\/v2\/product"}],"about":[{"href":"https:\/\/www.printer-box.com\/fr\/wp-json\/wp\/v2\/types\/product"}],"replies":[{"embeddable":true,"href":"https:\/\/www.printer-box.com\/fr\/wp-json\/wp\/v2\/comments?post=38362"}],"wp:featuredmedia":[{"embeddable":true,"href":"https:\/\/www.printer-box.com\/fr\/wp-json\/wp\/v2\/media\/38321"}],"wp:attachment":[{"href":"https:\/\/www.printer-box.com\/fr\/wp-json\/wp\/v2\/media?parent=38362"}],"wp:term":[{"taxonomy":"product_brand","embeddable":true,"href":"https:\/\/www.printer-box.com\/fr\/wp-json\/wp\/v2\/product_brand?post=38362"},{"taxonomy":"product_cat","embeddable":true,"href":"https:\/\/www.printer-box.com\/fr\/wp-json\/wp\/v2\/product_cat?post=38362"},{"taxonomy":"product_tag","embeddable":true,"href":"https:\/\/www.printer-box.com\/fr\/wp-json\/wp\/v2\/product_tag?post=38362"}],"curies":[{"name":"wp","href":"https:\/\/api.w.org\/{rel}","templated":true}]}}