{"id":35564,"date":"2023-01-18T15:41:51","date_gmt":"2023-01-18T14:48:57","guid":{"rendered":"https:\/\/www.printer-box.com\/product\/systeme-de-refroidissement-prusabox\/"},"modified":"2024-09-28T09:01:31","modified_gmt":"2024-09-28T07:01:31","slug":"prusabox-cooling-system","status":"publish","type":"product","link":"https:\/\/www.printer-box.com\/fr\/produit\/prusabox-cooling-system\/","title":{"rendered":"Syst\u00e8me de refroidissement de la PrusaBox"},"content":{"rendered":"<h4>Comment \u00e7a fonctionne ?<\/h4>\n<p>Ce syst\u00e8me vous permet d&rsquo;activer ou de d\u00e9sactiver les deux ventilateurs pour extraire ou non l&rsquo;air chaud de votre caisson.<\/p>\n<p>Contrairement \u00e0 notre <a href=\"https:\/\/www.printer-box.com\/product\/prusabox-wiring-harness-led-temp-control\/\">faisceau de c\u00e2blage<\/a>, il ne s&rsquo;agit pas d&rsquo;un syst\u00e8me de contr\u00f4le de la temp\u00e9rature, car il n&rsquo;y a pas de sonde de temp\u00e9rature, ni de dispositif \u00e9lectronique permettant de d\u00e9finir une temp\u00e9rature cible.<\/p>\n<p>La partie \u00e9lectrique est livr\u00e9e assembl\u00e9e, il suffit de l&rsquo;ins\u00e9rer \u00e0 l&rsquo;int\u00e9rieur de la partie imprim\u00e9e, et de visser l&rsquo;ensemble du syst\u00e8me \u00e0 votre caisson!<\/p>\n<p>Vous pouvez suivre <a href=\"https:\/\/help.printer-box.com\/home\/mods-options\/cooling-system\/\">ce guide de montage<\/a> pour assembler votre syst\u00e8me !<\/p>\n<h4>Qu&rsquo;est-ce qui est inclus ?<\/h4>\n<ul>\n<li>Deux ventilateurs avec connecteurs pour l&rsquo;interrupteur et l&rsquo;alimentation \u00e9lectrique<\/li>\n<li>Interrupteur<\/li>\n<li>Fiche ronde pour l&rsquo;alimentation \u00e9lectrique<\/li>\n<li>Mat\u00e9riel n\u00e9cessaire (1 vis M3*12, 4 vis M3*6, 5 \u00e9crous M3).<\/li>\n<\/ul>\n<h6>En option<\/h6>\n<ul>\n<li>Pi\u00e8ce imprim\u00e9e noire (\u00e9galement disponible en t\u00e9l\u00e9chargement <a href=\"https:\/\/help.printer-box.com\/home\/download\/#elf_l1_UHJ1c2EtYm94L01vZHMvMDE4X0Zhbg\">ici<\/a>)<\/li>\n<li>Adaptateur \u00e9lectrique 12v et prise<\/li>\n<\/ul>\n<h4>Compatibilit\u00e9<\/h4>\n<p>Ce syst\u00e8me est compatible avec toutes les versions de Prusabox : acier inoxydable ou noir.<\/p>\n<p><strong>Il n&rsquo;est pas compatible avec le filtre HEPA&amp;Carbon et le ventilateur, ni avec le syst\u00e8me de filtration Max.<\/strong><\/p>\n<p><strong>Il n&rsquo;est pas compatible avec le faisceau de c\u00e2blage et le contr\u00f4le de temp\u00e9rature W-1219.<\/strong><\/p>\n<span class=\"et_bloom_bottom_trigger\"><\/span>","protected":false},"excerpt":{"rendered":"<h3>La solution pour limiter facilement la temp\u00e9rature \u00e0 l&rsquo;int\u00e9rieur de votre caisson!<\/h3>\n<p>Ventilateurs avec interrupteur marche\/arr\u00eat pour refroidir votre caisson quand vous en avez besoin.<\/p>\n","protected":false},"featured_media":35559,"comment_status":"open","ping_status":"closed","template":"","meta":{"_et_pb_use_builder":"","_et_pb_old_content":"","_et_gb_content_width":""},"product_brand":[],"product_cat":[94,145],"product_tag":[],"class_list":{"0":"post-35564","1":"product","2":"type-product","3":"status-publish","4":"has-post-thumbnail","6":"product_cat-caisson-pour-imprimantes-3d","7":"product_cat-mod-filtre","9":"first","10":"outofstock","11":"taxable","12":"shipping-taxable","13":"purchasable","14":"product-type-simple"},"composite_virtual":false,"composite_layout":"","composite_add_to_cart_form_location":"","composite_editable_in_cart":false,"composite_sold_individually_context":"","composite_shop_price_calc":"","composite_components":[],"composite_scenarios":[],"exclude_global_add_ons":false,"addons":[{"name":"Pi\u00e8ce imprim\u00e9e","type":"multiple_choice","position":0,"required":true,"title_format":"label","default":"","description_enable":false,"description":null,"placeholder_enable":false,"placeholder":"","display":"radiobutton","restrictions_type":"any_text","adjust_price":false,"price":"","price_type":"flat_fee","restrictions":false,"min":"0","max":"0","options":[{"label":"Pi\u00e8ce imprim\u00e9e noire","price":"3.20","price_type":"flat_fee","image":0,"visibility":true},{"label":"Je ne veux pas de pi\u00e8ces imprim\u00e9es","price":"","price_type":"flat_fee","image":0,"visibility":true}],"id":1682005844},{"name":"Adaptateur \u00e9lectrique","type":"checkbox","position":1,"required":false,"title_format":"label","default":"","description_enable":false,"description":null,"placeholder_enable":false,"placeholder":"","display":"select","restrictions_type":"any_text","adjust_price":false,"price":"","price_type":"flat_fee","restrictions":false,"min":"0","max":"0","options":[{"label":"Adaptateur \u00e9lectrique 12V 3A","price":"12.30","price_type":"flat_fee","image":0,"visibility":true}],"id":1682005845},{"name":"Prise","type":"checkbox","position":2,"required":false,"title_format":"label","default":"","description_enable":true,"description":"(voir photo pour plus d'informations)","placeholder_enable":false,"placeholder":"","display":"select","restrictions_type":"any_text","adjust_price":false,"price":"","price_type":"flat_fee","restrictions":false,"min":"0","max":"0","options":[{"label":"Prise am\u00e9ricaine","price":"4.20","price_type":"flat_fee","image":0,"visibility":true},{"label":"Prise britannique","price":"4.20","price_type":"flat_fee","image":0,"visibility":true},{"label":"Prise Europ\u00e9enne","price":"4.20","price_type":"flat_fee","image":0,"visibility":true}],"id":1682005846}],"yoast_head":"<!-- This site is optimized with the Yoast SEO plugin v27.4 - https:\/\/yoast.com\/product\/yoast-seo-wordpress\/ -->\n<title>Syst\u00e8me de refroidissement de la PrusaBox - Printer Box<\/title>\n<meta name=\"robots\" content=\"index, follow, max-snippet:-1, max-image-preview:large, max-video-preview:-1\" \/>\n<link rel=\"canonical\" href=\"https:\/\/www.printer-box.com\/fr\/produit\/prusabox-cooling-system\/\" \/>\n<meta property=\"og:locale\" content=\"fr_FR\" \/>\n<meta property=\"og:type\" content=\"article\" \/>\n<meta property=\"og:title\" content=\"Syst\u00e8me de refroidissement de la PrusaBox - Printer Box\" \/>\n<meta property=\"og:description\" content=\"La solution pour limiter facilement la temp\u00e9rature \u00e0 l&#039;int\u00e9rieur de votre caisson! Ventilateurs avec interrupteur marche\/arr\u00eat pour refroidir votre caisson quand vous en avez besoin.\" \/>\n<meta property=\"og:url\" content=\"https:\/\/www.printer-box.com\/fr\/produit\/prusabox-cooling-system\/\" \/>\n<meta property=\"og:site_name\" content=\"Printer Box\" \/>\n<meta property=\"article:publisher\" content=\"https:\/\/www.facebook.com\/theprinterbox\/\" \/>\n<meta property=\"article:modified_time\" content=\"2024-09-28T07:01:31+00:00\" \/>\n<meta property=\"og:image\" content=\"https:\/\/www.printer-box.com\/wp-content\/uploads\/2023\/01\/back_vent_1-1.jpg\" \/>\n\t<meta property=\"og:image:width\" content=\"2334\" \/>\n\t<meta property=\"og:image:height\" content=\"2334\" \/>\n\t<meta property=\"og:image:type\" content=\"image\/jpeg\" \/>\n<meta name=\"twitter:card\" content=\"summary_large_image\" \/>\n<meta name=\"twitter:label1\" content=\"Dur\u00e9e de lecture estim\u00e9e\" \/>\n\t<meta name=\"twitter:data1\" content=\"1 minute\" \/>\n<script type=\"application\/ld+json\" class=\"yoast-schema-graph\">{\"@context\":\"https:\\\/\\\/schema.org\",\"@graph\":[{\"@type\":\"WebPage\",\"@id\":\"https:\\\/\\\/www.printer-box.com\\\/fr\\\/produit\\\/prusabox-cooling-system\\\/\",\"url\":\"https:\\\/\\\/www.printer-box.com\\\/fr\\\/produit\\\/prusabox-cooling-system\\\/\",\"name\":\"Syst\u00e8me de refroidissement de la PrusaBox - Printer Box\",\"isPartOf\":{\"@id\":\"https:\\\/\\\/www.printer-box.com\\\/de\\\/#website\"},\"primaryImageOfPage\":{\"@id\":\"https:\\\/\\\/www.printer-box.com\\\/fr\\\/produit\\\/prusabox-cooling-system\\\/#primaryimage\"},\"image\":{\"@id\":\"https:\\\/\\\/www.printer-box.com\\\/fr\\\/produit\\\/prusabox-cooling-system\\\/#primaryimage\"},\"thumbnailUrl\":\"https:\\\/\\\/www.printer-box.com\\\/wp-content\\\/uploads\\\/2023\\\/01\\\/back_vent_1-1.jpg\",\"datePublished\":\"2023-01-18T14:48:57+00:00\",\"dateModified\":\"2024-09-28T07:01:31+00:00\",\"breadcrumb\":{\"@id\":\"https:\\\/\\\/www.printer-box.com\\\/fr\\\/produit\\\/prusabox-cooling-system\\\/#breadcrumb\"},\"inLanguage\":\"fr-FR\",\"potentialAction\":[{\"@type\":\"ReadAction\",\"target\":[\"https:\\\/\\\/www.printer-box.com\\\/fr\\\/produit\\\/prusabox-cooling-system\\\/\"]}]},{\"@type\":\"ImageObject\",\"inLanguage\":\"fr-FR\",\"@id\":\"https:\\\/\\\/www.printer-box.com\\\/fr\\\/produit\\\/prusabox-cooling-system\\\/#primaryimage\",\"url\":\"https:\\\/\\\/www.printer-box.com\\\/wp-content\\\/uploads\\\/2023\\\/01\\\/back_vent_1-1.jpg\",\"contentUrl\":\"https:\\\/\\\/www.printer-box.com\\\/wp-content\\\/uploads\\\/2023\\\/01\\\/back_vent_1-1.jpg\",\"width\":2334,\"height\":2334},{\"@type\":\"BreadcrumbList\",\"@id\":\"https:\\\/\\\/www.printer-box.com\\\/fr\\\/produit\\\/prusabox-cooling-system\\\/#breadcrumb\",\"itemListElement\":[{\"@type\":\"ListItem\",\"position\":1,\"name\":\"Home\",\"item\":\"https:\\\/\\\/www.printer-box.com\\\/fr\\\/acceuil\\\/\"},{\"@type\":\"ListItem\",\"position\":2,\"name\":\"Boutique &#8211; Caisson\",\"item\":\"https:\\\/\\\/www.printer-box.com\\\/shop-enclosure\\\/\"},{\"@type\":\"ListItem\",\"position\":3,\"name\":\"Syst\u00e8me de refroidissement de la PrusaBox\"}]},{\"@type\":\"WebSite\",\"@id\":\"https:\\\/\\\/www.printer-box.com\\\/de\\\/#website\",\"url\":\"https:\\\/\\\/www.printer-box.com\\\/de\\\/\",\"name\":\"Printer Box\",\"description\":\"The best home for your printer\",\"potentialAction\":[{\"@type\":\"SearchAction\",\"target\":{\"@type\":\"EntryPoint\",\"urlTemplate\":\"https:\\\/\\\/www.printer-box.com\\\/de\\\/?s={search_term_string}\"},\"query-input\":{\"@type\":\"PropertyValueSpecification\",\"valueRequired\":true,\"valueName\":\"search_term_string\"}}],\"inLanguage\":\"fr-FR\"}]}<\/script>\n<!-- \/ Yoast SEO plugin. -->","yoast_head_json":{"title":"Syst\u00e8me de refroidissement de la PrusaBox - Printer Box","robots":{"index":"index","follow":"follow","max-snippet":"max-snippet:-1","max-image-preview":"max-image-preview:large","max-video-preview":"max-video-preview:-1"},"canonical":"https:\/\/www.printer-box.com\/fr\/produit\/prusabox-cooling-system\/","og_locale":"fr_FR","og_type":"article","og_title":"Syst\u00e8me de refroidissement de la PrusaBox - Printer Box","og_description":"La solution pour limiter facilement la temp\u00e9rature \u00e0 l'int\u00e9rieur de votre caisson! Ventilateurs avec interrupteur marche\/arr\u00eat pour refroidir votre caisson quand vous en avez besoin.","og_url":"https:\/\/www.printer-box.com\/fr\/produit\/prusabox-cooling-system\/","og_site_name":"Printer Box","article_publisher":"https:\/\/www.facebook.com\/theprinterbox\/","article_modified_time":"2024-09-28T07:01:31+00:00","og_image":[{"width":2334,"height":2334,"url":"https:\/\/www.printer-box.com\/wp-content\/uploads\/2023\/01\/back_vent_1-1.jpg","type":"image\/jpeg"}],"twitter_card":"summary_large_image","twitter_misc":{"Dur\u00e9e de lecture estim\u00e9e":"1 minute"},"schema":{"@context":"https:\/\/schema.org","@graph":[{"@type":"WebPage","@id":"https:\/\/www.printer-box.com\/fr\/produit\/prusabox-cooling-system\/","url":"https:\/\/www.printer-box.com\/fr\/produit\/prusabox-cooling-system\/","name":"Syst\u00e8me de refroidissement de la PrusaBox - Printer Box","isPartOf":{"@id":"https:\/\/www.printer-box.com\/de\/#website"},"primaryImageOfPage":{"@id":"https:\/\/www.printer-box.com\/fr\/produit\/prusabox-cooling-system\/#primaryimage"},"image":{"@id":"https:\/\/www.printer-box.com\/fr\/produit\/prusabox-cooling-system\/#primaryimage"},"thumbnailUrl":"https:\/\/www.printer-box.com\/wp-content\/uploads\/2023\/01\/back_vent_1-1.jpg","datePublished":"2023-01-18T14:48:57+00:00","dateModified":"2024-09-28T07:01:31+00:00","breadcrumb":{"@id":"https:\/\/www.printer-box.com\/fr\/produit\/prusabox-cooling-system\/#breadcrumb"},"inLanguage":"fr-FR","potentialAction":[{"@type":"ReadAction","target":["https:\/\/www.printer-box.com\/fr\/produit\/prusabox-cooling-system\/"]}]},{"@type":"ImageObject","inLanguage":"fr-FR","@id":"https:\/\/www.printer-box.com\/fr\/produit\/prusabox-cooling-system\/#primaryimage","url":"https:\/\/www.printer-box.com\/wp-content\/uploads\/2023\/01\/back_vent_1-1.jpg","contentUrl":"https:\/\/www.printer-box.com\/wp-content\/uploads\/2023\/01\/back_vent_1-1.jpg","width":2334,"height":2334},{"@type":"BreadcrumbList","@id":"https:\/\/www.printer-box.com\/fr\/produit\/prusabox-cooling-system\/#breadcrumb","itemListElement":[{"@type":"ListItem","position":1,"name":"Home","item":"https:\/\/www.printer-box.com\/fr\/acceuil\/"},{"@type":"ListItem","position":2,"name":"Boutique &#8211; Caisson","item":"https:\/\/www.printer-box.com\/shop-enclosure\/"},{"@type":"ListItem","position":3,"name":"Syst\u00e8me de refroidissement de la PrusaBox"}]},{"@type":"WebSite","@id":"https:\/\/www.printer-box.com\/de\/#website","url":"https:\/\/www.printer-box.com\/de\/","name":"Printer Box","description":"The best home for your printer","potentialAction":[{"@type":"SearchAction","target":{"@type":"EntryPoint","urlTemplate":"https:\/\/www.printer-box.com\/de\/?s={search_term_string}"},"query-input":{"@type":"PropertyValueSpecification","valueRequired":true,"valueName":"search_term_string"}}],"inLanguage":"fr-FR"}]}},"_links":{"self":[{"href":"https:\/\/www.printer-box.com\/fr\/wp-json\/wp\/v2\/product\/35564","targetHints":{"allow":["GET"]}}],"collection":[{"href":"https:\/\/www.printer-box.com\/fr\/wp-json\/wp\/v2\/product"}],"about":[{"href":"https:\/\/www.printer-box.com\/fr\/wp-json\/wp\/v2\/types\/product"}],"replies":[{"embeddable":true,"href":"https:\/\/www.printer-box.com\/fr\/wp-json\/wp\/v2\/comments?post=35564"}],"wp:featuredmedia":[{"embeddable":true,"href":"https:\/\/www.printer-box.com\/fr\/wp-json\/wp\/v2\/media\/35559"}],"wp:attachment":[{"href":"https:\/\/www.printer-box.com\/fr\/wp-json\/wp\/v2\/media?parent=35564"}],"wp:term":[{"taxonomy":"product_brand","embeddable":true,"href":"https:\/\/www.printer-box.com\/fr\/wp-json\/wp\/v2\/product_brand?post=35564"},{"taxonomy":"product_cat","embeddable":true,"href":"https:\/\/www.printer-box.com\/fr\/wp-json\/wp\/v2\/product_cat?post=35564"},{"taxonomy":"product_tag","embeddable":true,"href":"https:\/\/www.printer-box.com\/fr\/wp-json\/wp\/v2\/product_tag?post=35564"}],"curies":[{"name":"wp","href":"https:\/\/api.w.org\/{rel}","templated":true}]}}