{"id":32848,"date":"2022-10-25T13:21:46","date_gmt":"2022-11-16T08:13:30","guid":{"rendered":"https:\/\/www.printer-box.com\/?post_type=product&#038;p=32848"},"modified":"2025-06-13T18:46:50","modified_gmt":"2025-06-13T16:46:50","slug":"rallonges-de-cables-pour-faisceaux-de-cables-jeu-de-2","status":"publish","type":"product","link":"https:\/\/www.printer-box.com\/fr\/produit\/rallonges-de-cables-pour-faisceaux-de-cables-jeu-de-2\/","title":{"rendered":"Rallonges de c\u00e2bles pour le faisceau de c\u00e2bles (jeu de 2)"},"content":{"rendered":"<p>Obtenez deux c\u00e2bles d&rsquo;extension pour brancher le ventilateur et les LED \u00e0 votre faisceau de c\u00e2blage.<\/p>\n<p>Ces prolongateurs sont n\u00e9cessaires si :<\/p>\n<ul>\n<li>Vous avez la Modular box taille L, avec l&rsquo;entr\u00e9e d&rsquo;air lat\u00e9rale avec contr\u00f4le de la temp\u00e9rature : vous devez prolonger les connexions pour la LED et le ventilateur de 20 cm chacune.<\/li>\n<li>Vous avez la Modular box XL : comme cette version est plus grande, vous devez prolonger les connexions pour les LED et le ventilateur de 20 cm chacune.<\/li>\n<li>Vous avez la Modular box XL et le panneau de commande modulaire : Comme l&rsquo;expliquent les deux lignes pr\u00e9c\u00e9dentes, il vous faut des extensions de 40 cm chacune.<\/li>\n<\/ul>\n<p>&nbsp;<\/p>\n<span class=\"et_bloom_bottom_trigger\"><\/span>","protected":false},"excerpt":{"rendered":"<p>Obtenez deux c\u00e2bles d&rsquo;extension pour brancher le ventilateur et les LED \u00e0 votre faisceau de c\u00e2blage. Ces prolongateurs sont n\u00e9cessaires si : Vous avez la Modular box taille L, avec l&rsquo;entr\u00e9e d&rsquo;air lat\u00e9rale avec contr\u00f4le de la temp\u00e9rature : vous devez prolonger les connexions pour la LED et le ventilateur de 20 cm chacune. Vous [&hellip;]<\/p>\n","protected":false},"featured_media":32832,"comment_status":"open","ping_status":"closed","template":"","meta":{"_et_pb_use_builder":"","_et_pb_old_content":"","_et_gb_content_width":""},"product_brand":[],"product_cat":[94,143],"product_tag":[],"class_list":{"0":"post-32848","1":"product","2":"type-product","3":"status-publish","4":"has-post-thumbnail","6":"product_cat-caisson-pour-imprimantes-3d","7":"product_cat-mod-elec-control-temp","9":"first","10":"outofstock","11":"taxable","12":"shipping-taxable","13":"purchasable","14":"product-type-variable"},"composite_virtual":false,"composite_layout":"","composite_add_to_cart_form_location":"","composite_editable_in_cart":false,"composite_sold_individually_context":"","composite_shop_price_calc":"","composite_components":[],"composite_scenarios":[],"exclude_global_add_ons":[],"addons":[],"yoast_head":"<!-- This site is optimized with the Yoast SEO plugin v27.4 - https:\/\/yoast.com\/product\/yoast-seo-wordpress\/ -->\n<title>Rallonges de c\u00e2bles pour le faisceau de c\u00e2bles (jeu de 2) - Printer Box<\/title>\n<meta name=\"robots\" content=\"index, follow, max-snippet:-1, max-image-preview:large, max-video-preview:-1\" \/>\n<link rel=\"canonical\" href=\"https:\/\/www.printer-box.com\/fr\/produit\/rallonges-de-cables-pour-faisceaux-de-cables-jeu-de-2\/\" \/>\n<meta property=\"og:locale\" content=\"fr_FR\" \/>\n<meta property=\"og:type\" content=\"article\" \/>\n<meta property=\"og:title\" content=\"Rallonges de c\u00e2bles pour le faisceau de c\u00e2bles (jeu de 2) - Printer Box\" \/>\n<meta property=\"og:description\" content=\"Obtenez deux c\u00e2bles d&rsquo;extension pour brancher le ventilateur et les LED \u00e0 votre faisceau de c\u00e2blage. Ces prolongateurs sont n\u00e9cessaires si : Vous avez la Modular box taille L, avec l&rsquo;entr\u00e9e d&rsquo;air lat\u00e9rale avec contr\u00f4le de la temp\u00e9rature : vous devez prolonger les connexions pour la LED et le ventilateur de 20 cm chacune. Vous [&hellip;]\" \/>\n<meta property=\"og:url\" content=\"https:\/\/www.printer-box.com\/fr\/produit\/rallonges-de-cables-pour-faisceaux-de-cables-jeu-de-2\/\" \/>\n<meta property=\"og:site_name\" content=\"Printer Box\" \/>\n<meta property=\"article:publisher\" content=\"https:\/\/www.facebook.com\/theprinterbox\/\" \/>\n<meta property=\"article:modified_time\" content=\"2025-06-13T16:46:50+00:00\" \/>\n<meta property=\"og:image\" content=\"https:\/\/www.printer-box.com\/wp-content\/uploads\/2022\/10\/cable_extender_2-1-scaled.jpg\" \/>\n\t<meta property=\"og:image:width\" content=\"2880\" \/>\n\t<meta property=\"og:image:height\" content=\"1920\" \/>\n\t<meta property=\"og:image:type\" content=\"image\/jpeg\" \/>\n<meta name=\"twitter:card\" content=\"summary_large_image\" \/>\n<meta name=\"twitter:label1\" content=\"Dur\u00e9e de lecture estim\u00e9e\" \/>\n\t<meta name=\"twitter:data1\" content=\"1 minute\" \/>\n<script type=\"application\/ld+json\" class=\"yoast-schema-graph\">{\"@context\":\"https:\\\/\\\/schema.org\",\"@graph\":[{\"@type\":\"WebPage\",\"@id\":\"https:\\\/\\\/www.printer-box.com\\\/fr\\\/produit\\\/rallonges-de-cables-pour-faisceaux-de-cables-jeu-de-2\\\/\",\"url\":\"https:\\\/\\\/www.printer-box.com\\\/fr\\\/produit\\\/rallonges-de-cables-pour-faisceaux-de-cables-jeu-de-2\\\/\",\"name\":\"Rallonges de c\u00e2bles pour le faisceau de c\u00e2bles (jeu de 2) - Printer Box\",\"isPartOf\":{\"@id\":\"https:\\\/\\\/www.printer-box.com\\\/de\\\/#website\"},\"primaryImageOfPage\":{\"@id\":\"https:\\\/\\\/www.printer-box.com\\\/fr\\\/produit\\\/rallonges-de-cables-pour-faisceaux-de-cables-jeu-de-2\\\/#primaryimage\"},\"image\":{\"@id\":\"https:\\\/\\\/www.printer-box.com\\\/fr\\\/produit\\\/rallonges-de-cables-pour-faisceaux-de-cables-jeu-de-2\\\/#primaryimage\"},\"thumbnailUrl\":\"https:\\\/\\\/www.printer-box.com\\\/wp-content\\\/uploads\\\/2022\\\/10\\\/cable_extender_2-1-scaled.jpg\",\"datePublished\":\"2022-11-16T08:13:30+00:00\",\"dateModified\":\"2025-06-13T16:46:50+00:00\",\"breadcrumb\":{\"@id\":\"https:\\\/\\\/www.printer-box.com\\\/fr\\\/produit\\\/rallonges-de-cables-pour-faisceaux-de-cables-jeu-de-2\\\/#breadcrumb\"},\"inLanguage\":\"fr-FR\",\"potentialAction\":[{\"@type\":\"ReadAction\",\"target\":[\"https:\\\/\\\/www.printer-box.com\\\/fr\\\/produit\\\/rallonges-de-cables-pour-faisceaux-de-cables-jeu-de-2\\\/\"]}]},{\"@type\":\"ImageObject\",\"inLanguage\":\"fr-FR\",\"@id\":\"https:\\\/\\\/www.printer-box.com\\\/fr\\\/produit\\\/rallonges-de-cables-pour-faisceaux-de-cables-jeu-de-2\\\/#primaryimage\",\"url\":\"https:\\\/\\\/www.printer-box.com\\\/wp-content\\\/uploads\\\/2022\\\/10\\\/cable_extender_2-1-scaled.jpg\",\"contentUrl\":\"https:\\\/\\\/www.printer-box.com\\\/wp-content\\\/uploads\\\/2022\\\/10\\\/cable_extender_2-1-scaled.jpg\",\"width\":2880,\"height\":1920},{\"@type\":\"BreadcrumbList\",\"@id\":\"https:\\\/\\\/www.printer-box.com\\\/fr\\\/produit\\\/rallonges-de-cables-pour-faisceaux-de-cables-jeu-de-2\\\/#breadcrumb\",\"itemListElement\":[{\"@type\":\"ListItem\",\"position\":1,\"name\":\"Home\",\"item\":\"https:\\\/\\\/www.printer-box.com\\\/fr\\\/acceuil\\\/\"},{\"@type\":\"ListItem\",\"position\":2,\"name\":\"Boutique &#8211; Caisson\",\"item\":\"https:\\\/\\\/www.printer-box.com\\\/shop-enclosure\\\/\"},{\"@type\":\"ListItem\",\"position\":3,\"name\":\"Rallonges de c\u00e2bles pour le faisceau de c\u00e2bles (jeu de 2)\"}]},{\"@type\":\"WebSite\",\"@id\":\"https:\\\/\\\/www.printer-box.com\\\/de\\\/#website\",\"url\":\"https:\\\/\\\/www.printer-box.com\\\/de\\\/\",\"name\":\"Printer Box\",\"description\":\"The best home for your printer\",\"potentialAction\":[{\"@type\":\"SearchAction\",\"target\":{\"@type\":\"EntryPoint\",\"urlTemplate\":\"https:\\\/\\\/www.printer-box.com\\\/de\\\/?s={search_term_string}\"},\"query-input\":{\"@type\":\"PropertyValueSpecification\",\"valueRequired\":true,\"valueName\":\"search_term_string\"}}],\"inLanguage\":\"fr-FR\"}]}<\/script>\n<!-- \/ Yoast SEO plugin. -->","yoast_head_json":{"title":"Rallonges de c\u00e2bles pour le faisceau de c\u00e2bles (jeu de 2) - Printer Box","robots":{"index":"index","follow":"follow","max-snippet":"max-snippet:-1","max-image-preview":"max-image-preview:large","max-video-preview":"max-video-preview:-1"},"canonical":"https:\/\/www.printer-box.com\/fr\/produit\/rallonges-de-cables-pour-faisceaux-de-cables-jeu-de-2\/","og_locale":"fr_FR","og_type":"article","og_title":"Rallonges de c\u00e2bles pour le faisceau de c\u00e2bles (jeu de 2) - Printer Box","og_description":"Obtenez deux c\u00e2bles d&rsquo;extension pour brancher le ventilateur et les LED \u00e0 votre faisceau de c\u00e2blage. Ces prolongateurs sont n\u00e9cessaires si : Vous avez la Modular box taille L, avec l&rsquo;entr\u00e9e d&rsquo;air lat\u00e9rale avec contr\u00f4le de la temp\u00e9rature : vous devez prolonger les connexions pour la LED et le ventilateur de 20 cm chacune. Vous [&hellip;]","og_url":"https:\/\/www.printer-box.com\/fr\/produit\/rallonges-de-cables-pour-faisceaux-de-cables-jeu-de-2\/","og_site_name":"Printer Box","article_publisher":"https:\/\/www.facebook.com\/theprinterbox\/","article_modified_time":"2025-06-13T16:46:50+00:00","og_image":[{"width":2880,"height":1920,"url":"https:\/\/www.printer-box.com\/wp-content\/uploads\/2022\/10\/cable_extender_2-1-scaled.jpg","type":"image\/jpeg"}],"twitter_card":"summary_large_image","twitter_misc":{"Dur\u00e9e de lecture estim\u00e9e":"1 minute"},"schema":{"@context":"https:\/\/schema.org","@graph":[{"@type":"WebPage","@id":"https:\/\/www.printer-box.com\/fr\/produit\/rallonges-de-cables-pour-faisceaux-de-cables-jeu-de-2\/","url":"https:\/\/www.printer-box.com\/fr\/produit\/rallonges-de-cables-pour-faisceaux-de-cables-jeu-de-2\/","name":"Rallonges de c\u00e2bles pour le faisceau de c\u00e2bles (jeu de 2) - Printer Box","isPartOf":{"@id":"https:\/\/www.printer-box.com\/de\/#website"},"primaryImageOfPage":{"@id":"https:\/\/www.printer-box.com\/fr\/produit\/rallonges-de-cables-pour-faisceaux-de-cables-jeu-de-2\/#primaryimage"},"image":{"@id":"https:\/\/www.printer-box.com\/fr\/produit\/rallonges-de-cables-pour-faisceaux-de-cables-jeu-de-2\/#primaryimage"},"thumbnailUrl":"https:\/\/www.printer-box.com\/wp-content\/uploads\/2022\/10\/cable_extender_2-1-scaled.jpg","datePublished":"2022-11-16T08:13:30+00:00","dateModified":"2025-06-13T16:46:50+00:00","breadcrumb":{"@id":"https:\/\/www.printer-box.com\/fr\/produit\/rallonges-de-cables-pour-faisceaux-de-cables-jeu-de-2\/#breadcrumb"},"inLanguage":"fr-FR","potentialAction":[{"@type":"ReadAction","target":["https:\/\/www.printer-box.com\/fr\/produit\/rallonges-de-cables-pour-faisceaux-de-cables-jeu-de-2\/"]}]},{"@type":"ImageObject","inLanguage":"fr-FR","@id":"https:\/\/www.printer-box.com\/fr\/produit\/rallonges-de-cables-pour-faisceaux-de-cables-jeu-de-2\/#primaryimage","url":"https:\/\/www.printer-box.com\/wp-content\/uploads\/2022\/10\/cable_extender_2-1-scaled.jpg","contentUrl":"https:\/\/www.printer-box.com\/wp-content\/uploads\/2022\/10\/cable_extender_2-1-scaled.jpg","width":2880,"height":1920},{"@type":"BreadcrumbList","@id":"https:\/\/www.printer-box.com\/fr\/produit\/rallonges-de-cables-pour-faisceaux-de-cables-jeu-de-2\/#breadcrumb","itemListElement":[{"@type":"ListItem","position":1,"name":"Home","item":"https:\/\/www.printer-box.com\/fr\/acceuil\/"},{"@type":"ListItem","position":2,"name":"Boutique &#8211; Caisson","item":"https:\/\/www.printer-box.com\/shop-enclosure\/"},{"@type":"ListItem","position":3,"name":"Rallonges de c\u00e2bles pour le faisceau de c\u00e2bles (jeu de 2)"}]},{"@type":"WebSite","@id":"https:\/\/www.printer-box.com\/de\/#website","url":"https:\/\/www.printer-box.com\/de\/","name":"Printer Box","description":"The best home for your printer","potentialAction":[{"@type":"SearchAction","target":{"@type":"EntryPoint","urlTemplate":"https:\/\/www.printer-box.com\/de\/?s={search_term_string}"},"query-input":{"@type":"PropertyValueSpecification","valueRequired":true,"valueName":"search_term_string"}}],"inLanguage":"fr-FR"}]}},"_links":{"self":[{"href":"https:\/\/www.printer-box.com\/fr\/wp-json\/wp\/v2\/product\/32848","targetHints":{"allow":["GET"]}}],"collection":[{"href":"https:\/\/www.printer-box.com\/fr\/wp-json\/wp\/v2\/product"}],"about":[{"href":"https:\/\/www.printer-box.com\/fr\/wp-json\/wp\/v2\/types\/product"}],"replies":[{"embeddable":true,"href":"https:\/\/www.printer-box.com\/fr\/wp-json\/wp\/v2\/comments?post=32848"}],"wp:featuredmedia":[{"embeddable":true,"href":"https:\/\/www.printer-box.com\/fr\/wp-json\/wp\/v2\/media\/32832"}],"wp:attachment":[{"href":"https:\/\/www.printer-box.com\/fr\/wp-json\/wp\/v2\/media?parent=32848"}],"wp:term":[{"taxonomy":"product_brand","embeddable":true,"href":"https:\/\/www.printer-box.com\/fr\/wp-json\/wp\/v2\/product_brand?post=32848"},{"taxonomy":"product_cat","embeddable":true,"href":"https:\/\/www.printer-box.com\/fr\/wp-json\/wp\/v2\/product_cat?post=32848"},{"taxonomy":"product_tag","embeddable":true,"href":"https:\/\/www.printer-box.com\/fr\/wp-json\/wp\/v2\/product_tag?post=32848"}],"curies":[{"name":"wp","href":"https:\/\/api.w.org\/{rel}","templated":true}]}}