{"id":32019,"date":"2022-03-07T17:39:57","date_gmt":"2022-10-03T14:26:18","guid":{"rendered":"https:\/\/www.printer-box.com\/product\/cle-hexagonale-longue-2mm-2-5mm-1-jeu-2-cles\/"},"modified":"2023-12-18T11:02:06","modified_gmt":"2023-12-18T10:02:06","slug":"long-hex-key-2mm-3mm-2pcs","status":"publish","type":"product","link":"https:\/\/www.printer-box.com\/fr\/produit\/long-hex-key-2mm-3mm-2pcs\/","title":{"rendered":"Cl\u00e9 hexagonale longue 2mm &amp; 2.5mm (1 jeu 2 cl\u00e9s)"},"content":{"rendered":"<p>[et_pb_section fb_built=\u00a0\u00bb1&Prime; _builder_version=\u00a0\u00bb4.16&Prime; custom_padding=\u00a0\u00bb0px||||false|false\u00a0\u00bb global_colors_info=\u00a0\u00bb{}\u00a0\u00bb][et_pb_row _builder_version=\u00a0\u00bb4.16&Prime; background_size=\u00a0\u00bbinitial\u00a0\u00bb background_position=\u00a0\u00bbtop_left\u00a0\u00bb background_repeat=\u00a0\u00bbrepeat\u00a0\u00bb width=\u00a0\u00bb100%\u00a0\u00bb custom_padding=\u00a0\u00bb0px||0px||false|false\u00a0\u00bb global_colors_info=\u00a0\u00bb{}\u00a0\u00bb][et_pb_column type=\u00a0\u00bb4_4&Prime; _builder_version=\u00a0\u00bb4.16&Prime; custom_padding=\u00a0\u00bb|||\u00a0\u00bb global_colors_info=\u00a0\u00bb{}\u00a0\u00bb custom_padding__hover=\u00a0\u00bb|||\u00a0\u00bb][et_pb_wc_breadcrumb _builder_version=\u00a0\u00bb4.16&Prime; global_colors_info=\u00a0\u00bb{}\u00a0\u00bb][\/et_pb_wc_breadcrumb]<br \/>\n          [et_pb_wc_cart_notice _builder_version=\u00a0\u00bb4.18.0&Prime; background_color=\u00a0\u00bb#3B82BD\u00a0\u00bb global_colors_info=\u00a0\u00bb{}\u00a0\u00bb][\/et_pb_wc_cart_notice][\/et_pb_column][\/et_pb_row][et_pb_row column_structure=\u00a0\u00bb1_2,1_2&Prime; _builder_version=\u00a0\u00bb4.16&Prime; background_size=\u00a0\u00bbinitial\u00a0\u00bb background_position=\u00a0\u00bbtop_left\u00a0\u00bb background_repeat=\u00a0\u00bbrepeat\u00a0\u00bb width=\u00a0\u00bb100%\u00a0\u00bb custom_padding=\u00a0\u00bb0px||||false|false\u00a0\u00bb global_colors_info=\u00a0\u00bb{}\u00a0\u00bb][et_pb_column type=\u00a0\u00bb1_2&Prime; _builder_version=\u00a0\u00bb4.16&Prime; custom_padding=\u00a0\u00bb|||\u00a0\u00bb global_colors_info=\u00a0\u00bb{}\u00a0\u00bb custom_padding__hover=\u00a0\u00bb|||\u00a0\u00bb][et_pb_wc_images _builder_version=\u00a0\u00bb4.16&Prime; global_colors_info=\u00a0\u00bb{}\u00a0\u00bb][\/et_pb_wc_images][\/et_pb_column][et_pb_column type=\u00a0\u00bb1_2&Prime; _builder_version=\u00a0\u00bb4.16&Prime; custom_padding=\u00a0\u00bb|||\u00a0\u00bb global_colors_info=\u00a0\u00bb{}\u00a0\u00bb custom_padding__hover=\u00a0\u00bb|||\u00a0\u00bb][et_pb_wc_title _builder_version=\u00a0\u00bb4.16&Prime; global_colors_info=\u00a0\u00bb{}\u00a0\u00bb][\/et_pb_wc_title]<br \/>\n          [et_pb_wc_rating _builder_version=\u00a0\u00bb4.16&Prime; global_colors_info=\u00a0\u00bb{}\u00a0\u00bb][\/et_pb_wc_rating]<br \/>\n          [et_pb_wc_price _builder_version=\u00a0\u00bb4.16&Prime; global_colors_info=\u00a0\u00bb{}\u00a0\u00bb][\/et_pb_wc_price]<br \/>\n          [et_pb_wc_description _builder_version=\u00a0\u00bb4.16&Prime; global_colors_info=\u00a0\u00bb{}\u00a0\u00bb][\/et_pb_wc_description]<br \/>\n          [et_pb_wc_add_to_cart _builder_version=\u00a0\u00bb4.16&Prime; global_colors_info=\u00a0\u00bb{}\u00a0\u00bb][\/et_pb_wc_add_to_cart]<br \/>\n          [et_pb_wc_meta _builder_version=\u00a0\u00bb4.18.0&Prime; body_text_color=\u00a0\u00bb#3B82BD\u00a0\u00bb global_colors_info=\u00a0\u00bb{}\u00a0\u00bb][\/et_pb_wc_meta][\/et_pb_column][\/et_pb_row][et_pb_row _builder_version=\u00a0\u00bb4.16&Prime; background_size=\u00a0\u00bbinitial\u00a0\u00bb background_position=\u00a0\u00bbtop_left\u00a0\u00bb background_repeat=\u00a0\u00bbrepeat\u00a0\u00bb width=\u00a0\u00bb100%\u00a0\u00bb global_colors_info=\u00a0\u00bb{}\u00a0\u00bb][et_pb_column type=\u00a0\u00bb4_4&Prime; _builder_version=\u00a0\u00bb4.16&Prime; custom_padding=\u00a0\u00bb|||\u00a0\u00bb global_colors_info=\u00a0\u00bb{}\u00a0\u00bb custom_padding__hover=\u00a0\u00bb|||\u00a0\u00bb][et_pb_wc_tabs _builder_version=\u00a0\u00bb4.16&Prime; global_colors_info=\u00a0\u00bb{}\u00a0\u00bb]\t\t\t\t\t[\/et_pb_wc_tabs]<br \/>\n          [et_pb_wc_upsells _builder_version=\u00a0\u00bb4.16&Prime; global_colors_info=\u00a0\u00bb{}\u00a0\u00bb][\/et_pb_wc_upsells]<br \/>\n          [et_pb_wc_related_products _builder_version=\u00a0\u00bb4.16&Prime; global_colors_info=\u00a0\u00bb{}\u00a0\u00bb][\/et_pb_wc_related_products][\/et_pb_column][\/et_pb_row][\/et_pb_section]<\/p>\n<span class=\"et_bloom_bottom_trigger\"><\/span>","protected":false},"excerpt":{"rendered":"<p>Set de 2pcs Cl\u00e9 hexagonale :<\/p>\n<ul>\n<li>Cl\u00e9 hexagonale 2mm (1pc)<\/li>\n<li>Cl\u00e9 hexagonale 2.5mm (1pc)<\/li>\n<\/ul>\n<p>Cl\u00e9 hexagonale fabriqu\u00e9e en acier de haute qualit\u00e9. Version longue qui vous permet de la transformer en tournevis.<\/p>\n<p><a href=\"https:\/\/www.printer-box.com\/hex-key-to-screwdriver-transformer\/\">Plus d&rsquo;informations sur le transformateur de tournevis.<\/a><\/p>\n<p>Les pi\u00e8ces imprim\u00e9es du tournevis sont disponibles en option.<\/p>\n","protected":false},"featured_media":29705,"comment_status":"open","ping_status":"closed","template":"","meta":{"_et_pb_use_builder":"on","_et_pb_old_content":"","_et_gb_content_width":""},"product_brand":[],"product_cat":[73],"product_tag":[],"class_list":{"0":"post-32019","1":"product","2":"type-product","3":"status-publish","4":"has-post-thumbnail","6":"product_cat-pieces-detachees","8":"first","9":"outofstock","10":"taxable","11":"shipping-taxable","12":"purchasable","13":"product-type-simple"},"composite_virtual":false,"composite_layout":"","composite_add_to_cart_form_location":"","composite_editable_in_cart":false,"composite_sold_individually_context":"","composite_shop_price_calc":"","composite_components":[],"composite_scenarios":[],"exclude_global_add_ons":false,"addons":[{"name":"Printed parts screwdriver (half black \/ half blue)","type":"multiple_choice","position":0,"required":true,"title_format":"label","default":"","description_enable":false,"description":"","placeholder_enable":false,"placeholder":"","display":"select","restrictions_type":"any_text","adjust_price":false,"price":"","price_type":"flat_fee","restrictions":false,"min":"0","max":"0","options":[{"label":"0 (no printed parts)","price":"","price_type":"flat_fee","image":0,"visibility":true},{"label":"1 screwdriver (2 printed parts)","price":"3.9","price_type":"quantity_based","image":0,"visibility":true},{"label":"2 screwdrivers (4 printed parts)","price":"7.8","price_type":"quantity_based","image":0,"visibility":true}],"id":1682334587}],"yoast_head":"<!-- This site is optimized with the Yoast SEO plugin v27.4 - https:\/\/yoast.com\/product\/yoast-seo-wordpress\/ -->\n<title>Cl\u00e9 hexagonale longue 2mm &amp; 2.5mm (1 jeu 2 cl\u00e9s) - Printer Box<\/title>\n<meta name=\"robots\" content=\"index, follow, max-snippet:-1, max-image-preview:large, max-video-preview:-1\" \/>\n<link rel=\"canonical\" href=\"https:\/\/www.printer-box.com\/fr\/produit\/long-hex-key-2mm-3mm-2pcs\/\" \/>\n<meta property=\"og:locale\" content=\"fr_FR\" \/>\n<meta property=\"og:type\" content=\"article\" \/>\n<meta property=\"og:title\" content=\"Cl\u00e9 hexagonale longue 2mm &amp; 2.5mm (1 jeu 2 cl\u00e9s) - Printer Box\" \/>\n<meta property=\"og:description\" content=\"Set de 2pcs Cl\u00e9 hexagonale :  Cl\u00e9 hexagonale 2mm (1pc)  Cl\u00e9 hexagonale 2.5mm (1pc) Cl\u00e9 hexagonale fabriqu\u00e9e en acier de haute qualit\u00e9. Version longue qui vous permet de la transformer en tournevis.  Plus d&#039;informations sur le transformateur de tournevis. Les pi\u00e8ces imprim\u00e9es du tournevis sont disponibles en option.\" \/>\n<meta property=\"og:url\" content=\"https:\/\/www.printer-box.com\/fr\/produit\/long-hex-key-2mm-3mm-2pcs\/\" \/>\n<meta property=\"og:site_name\" content=\"Printer Box\" \/>\n<meta property=\"article:publisher\" content=\"https:\/\/www.facebook.com\/theprinterbox\/\" \/>\n<meta property=\"article:modified_time\" content=\"2023-12-18T10:02:06+00:00\" \/>\n<meta property=\"og:image\" content=\"https:\/\/www.printer-box.com\/wp-content\/uploads\/2022\/03\/20220307_171052-scaled.jpg\" \/>\n\t<meta property=\"og:image:width\" content=\"2880\" \/>\n\t<meta property=\"og:image:height\" content=\"1685\" \/>\n\t<meta property=\"og:image:type\" content=\"image\/jpeg\" \/>\n<meta name=\"twitter:card\" content=\"summary_large_image\" \/>\n<meta name=\"twitter:label1\" content=\"Dur\u00e9e de lecture estim\u00e9e\" \/>\n\t<meta name=\"twitter:data1\" content=\"1 minute\" \/>\n<script type=\"application\/ld+json\" class=\"yoast-schema-graph\">{\"@context\":\"https:\\\/\\\/schema.org\",\"@graph\":[{\"@type\":\"WebPage\",\"@id\":\"https:\\\/\\\/www.printer-box.com\\\/fr\\\/produit\\\/long-hex-key-2mm-3mm-2pcs\\\/\",\"url\":\"https:\\\/\\\/www.printer-box.com\\\/fr\\\/produit\\\/long-hex-key-2mm-3mm-2pcs\\\/\",\"name\":\"Cl\u00e9 hexagonale longue 2mm &amp; 2.5mm (1 jeu 2 cl\u00e9s) - Printer Box\",\"isPartOf\":{\"@id\":\"https:\\\/\\\/www.printer-box.com\\\/de\\\/#website\"},\"primaryImageOfPage\":{\"@id\":\"https:\\\/\\\/www.printer-box.com\\\/fr\\\/produit\\\/long-hex-key-2mm-3mm-2pcs\\\/#primaryimage\"},\"image\":{\"@id\":\"https:\\\/\\\/www.printer-box.com\\\/fr\\\/produit\\\/long-hex-key-2mm-3mm-2pcs\\\/#primaryimage\"},\"thumbnailUrl\":\"https:\\\/\\\/www.printer-box.com\\\/wp-content\\\/uploads\\\/2022\\\/03\\\/20220307_171052-scaled.jpg\",\"datePublished\":\"2022-10-03T14:26:18+00:00\",\"dateModified\":\"2023-12-18T10:02:06+00:00\",\"breadcrumb\":{\"@id\":\"https:\\\/\\\/www.printer-box.com\\\/fr\\\/produit\\\/long-hex-key-2mm-3mm-2pcs\\\/#breadcrumb\"},\"inLanguage\":\"fr-FR\",\"potentialAction\":[{\"@type\":\"ReadAction\",\"target\":[\"https:\\\/\\\/www.printer-box.com\\\/fr\\\/produit\\\/long-hex-key-2mm-3mm-2pcs\\\/\"]}]},{\"@type\":\"ImageObject\",\"inLanguage\":\"fr-FR\",\"@id\":\"https:\\\/\\\/www.printer-box.com\\\/fr\\\/produit\\\/long-hex-key-2mm-3mm-2pcs\\\/#primaryimage\",\"url\":\"https:\\\/\\\/www.printer-box.com\\\/wp-content\\\/uploads\\\/2022\\\/03\\\/20220307_171052-scaled.jpg\",\"contentUrl\":\"https:\\\/\\\/www.printer-box.com\\\/wp-content\\\/uploads\\\/2022\\\/03\\\/20220307_171052-scaled.jpg\",\"width\":2880,\"height\":1685},{\"@type\":\"BreadcrumbList\",\"@id\":\"https:\\\/\\\/www.printer-box.com\\\/fr\\\/produit\\\/long-hex-key-2mm-3mm-2pcs\\\/#breadcrumb\",\"itemListElement\":[{\"@type\":\"ListItem\",\"position\":1,\"name\":\"Home\",\"item\":\"https:\\\/\\\/www.printer-box.com\\\/fr\\\/acceuil\\\/\"},{\"@type\":\"ListItem\",\"position\":2,\"name\":\"Boutique &#8211; Caisson\",\"item\":\"https:\\\/\\\/www.printer-box.com\\\/shop-enclosure\\\/\"},{\"@type\":\"ListItem\",\"position\":3,\"name\":\"Cl\u00e9 hexagonale longue 2mm &amp; 2.5mm (1 jeu 2 cl\u00e9s)\"}]},{\"@type\":\"WebSite\",\"@id\":\"https:\\\/\\\/www.printer-box.com\\\/de\\\/#website\",\"url\":\"https:\\\/\\\/www.printer-box.com\\\/de\\\/\",\"name\":\"Printer Box\",\"description\":\"The best home for your printer\",\"potentialAction\":[{\"@type\":\"SearchAction\",\"target\":{\"@type\":\"EntryPoint\",\"urlTemplate\":\"https:\\\/\\\/www.printer-box.com\\\/de\\\/?s={search_term_string}\"},\"query-input\":{\"@type\":\"PropertyValueSpecification\",\"valueRequired\":true,\"valueName\":\"search_term_string\"}}],\"inLanguage\":\"fr-FR\"}]}<\/script>\n<!-- \/ Yoast SEO plugin. -->","yoast_head_json":{"title":"Cl\u00e9 hexagonale longue 2mm &amp; 2.5mm (1 jeu 2 cl\u00e9s) - Printer Box","robots":{"index":"index","follow":"follow","max-snippet":"max-snippet:-1","max-image-preview":"max-image-preview:large","max-video-preview":"max-video-preview:-1"},"canonical":"https:\/\/www.printer-box.com\/fr\/produit\/long-hex-key-2mm-3mm-2pcs\/","og_locale":"fr_FR","og_type":"article","og_title":"Cl\u00e9 hexagonale longue 2mm &amp; 2.5mm (1 jeu 2 cl\u00e9s) - Printer Box","og_description":"Set de 2pcs Cl\u00e9 hexagonale :  Cl\u00e9 hexagonale 2mm (1pc)  Cl\u00e9 hexagonale 2.5mm (1pc) Cl\u00e9 hexagonale fabriqu\u00e9e en acier de haute qualit\u00e9. Version longue qui vous permet de la transformer en tournevis.  Plus d'informations sur le transformateur de tournevis. Les pi\u00e8ces imprim\u00e9es du tournevis sont disponibles en option.","og_url":"https:\/\/www.printer-box.com\/fr\/produit\/long-hex-key-2mm-3mm-2pcs\/","og_site_name":"Printer Box","article_publisher":"https:\/\/www.facebook.com\/theprinterbox\/","article_modified_time":"2023-12-18T10:02:06+00:00","og_image":[{"width":2880,"height":1685,"url":"https:\/\/www.printer-box.com\/wp-content\/uploads\/2022\/03\/20220307_171052-scaled.jpg","type":"image\/jpeg"}],"twitter_card":"summary_large_image","twitter_misc":{"Dur\u00e9e de lecture estim\u00e9e":"1 minute"},"schema":{"@context":"https:\/\/schema.org","@graph":[{"@type":"WebPage","@id":"https:\/\/www.printer-box.com\/fr\/produit\/long-hex-key-2mm-3mm-2pcs\/","url":"https:\/\/www.printer-box.com\/fr\/produit\/long-hex-key-2mm-3mm-2pcs\/","name":"Cl\u00e9 hexagonale longue 2mm &amp; 2.5mm (1 jeu 2 cl\u00e9s) - Printer Box","isPartOf":{"@id":"https:\/\/www.printer-box.com\/de\/#website"},"primaryImageOfPage":{"@id":"https:\/\/www.printer-box.com\/fr\/produit\/long-hex-key-2mm-3mm-2pcs\/#primaryimage"},"image":{"@id":"https:\/\/www.printer-box.com\/fr\/produit\/long-hex-key-2mm-3mm-2pcs\/#primaryimage"},"thumbnailUrl":"https:\/\/www.printer-box.com\/wp-content\/uploads\/2022\/03\/20220307_171052-scaled.jpg","datePublished":"2022-10-03T14:26:18+00:00","dateModified":"2023-12-18T10:02:06+00:00","breadcrumb":{"@id":"https:\/\/www.printer-box.com\/fr\/produit\/long-hex-key-2mm-3mm-2pcs\/#breadcrumb"},"inLanguage":"fr-FR","potentialAction":[{"@type":"ReadAction","target":["https:\/\/www.printer-box.com\/fr\/produit\/long-hex-key-2mm-3mm-2pcs\/"]}]},{"@type":"ImageObject","inLanguage":"fr-FR","@id":"https:\/\/www.printer-box.com\/fr\/produit\/long-hex-key-2mm-3mm-2pcs\/#primaryimage","url":"https:\/\/www.printer-box.com\/wp-content\/uploads\/2022\/03\/20220307_171052-scaled.jpg","contentUrl":"https:\/\/www.printer-box.com\/wp-content\/uploads\/2022\/03\/20220307_171052-scaled.jpg","width":2880,"height":1685},{"@type":"BreadcrumbList","@id":"https:\/\/www.printer-box.com\/fr\/produit\/long-hex-key-2mm-3mm-2pcs\/#breadcrumb","itemListElement":[{"@type":"ListItem","position":1,"name":"Home","item":"https:\/\/www.printer-box.com\/fr\/acceuil\/"},{"@type":"ListItem","position":2,"name":"Boutique &#8211; Caisson","item":"https:\/\/www.printer-box.com\/shop-enclosure\/"},{"@type":"ListItem","position":3,"name":"Cl\u00e9 hexagonale longue 2mm &amp; 2.5mm (1 jeu 2 cl\u00e9s)"}]},{"@type":"WebSite","@id":"https:\/\/www.printer-box.com\/de\/#website","url":"https:\/\/www.printer-box.com\/de\/","name":"Printer Box","description":"The best home for your printer","potentialAction":[{"@type":"SearchAction","target":{"@type":"EntryPoint","urlTemplate":"https:\/\/www.printer-box.com\/de\/?s={search_term_string}"},"query-input":{"@type":"PropertyValueSpecification","valueRequired":true,"valueName":"search_term_string"}}],"inLanguage":"fr-FR"}]}},"_links":{"self":[{"href":"https:\/\/www.printer-box.com\/fr\/wp-json\/wp\/v2\/product\/32019","targetHints":{"allow":["GET"]}}],"collection":[{"href":"https:\/\/www.printer-box.com\/fr\/wp-json\/wp\/v2\/product"}],"about":[{"href":"https:\/\/www.printer-box.com\/fr\/wp-json\/wp\/v2\/types\/product"}],"replies":[{"embeddable":true,"href":"https:\/\/www.printer-box.com\/fr\/wp-json\/wp\/v2\/comments?post=32019"}],"wp:featuredmedia":[{"embeddable":true,"href":"https:\/\/www.printer-box.com\/fr\/wp-json\/wp\/v2\/media\/29705"}],"wp:attachment":[{"href":"https:\/\/www.printer-box.com\/fr\/wp-json\/wp\/v2\/media?parent=32019"}],"wp:term":[{"taxonomy":"product_brand","embeddable":true,"href":"https:\/\/www.printer-box.com\/fr\/wp-json\/wp\/v2\/product_brand?post=32019"},{"taxonomy":"product_cat","embeddable":true,"href":"https:\/\/www.printer-box.com\/fr\/wp-json\/wp\/v2\/product_cat?post=32019"},{"taxonomy":"product_tag","embeddable":true,"href":"https:\/\/www.printer-box.com\/fr\/wp-json\/wp\/v2\/product_tag?post=32019"}],"curies":[{"name":"wp","href":"https:\/\/api.w.org\/{rel}","templated":true}]}}