{"id":31387,"date":"2021-06-18T16:39:28","date_gmt":"2022-08-17T08:20:26","guid":{"rendered":"https:\/\/www.printer-box.com\/product\/filtres-hepa-et-carbone-1-jeu\/"},"modified":"2025-06-30T21:40:31","modified_gmt":"2025-06-30T19:40:31","slug":"hepa-carbon-filter-1-set","status":"publish","type":"product","link":"https:\/\/www.printer-box.com\/fr\/produit\/hepa-carbon-filter-1-set\/","title":{"rendered":"Filtre simple HEPA et charbon (1 jeu)"},"content":{"rendered":"<p>[et_pb_section fb_built=\u00a0\u00bb1&Prime; _builder_version=\u00a0\u00bb4.16&Prime; custom_padding=\u00a0\u00bb0px||||false|false\u00a0\u00bb global_colors_info=\u00a0\u00bb{}\u00a0\u00bb][et_pb_row _builder_version=\u00a0\u00bb4.16&Prime; background_size=\u00a0\u00bbinitial\u00a0\u00bb background_position=\u00a0\u00bbtop_left\u00a0\u00bb background_repeat=\u00a0\u00bbrepeat\u00a0\u00bb width=\u00a0\u00bb100%\u00a0\u00bb custom_padding=\u00a0\u00bb0px||0px||false|false\u00a0\u00bb global_colors_info=\u00a0\u00bb{}\u00a0\u00bb][et_pb_column type=\u00a0\u00bb4_4&Prime; _builder_version=\u00a0\u00bb4.16&Prime; custom_padding=\u00a0\u00bb|||\u00a0\u00bb global_colors_info=\u00a0\u00bb{}\u00a0\u00bb custom_padding__hover=\u00a0\u00bb|||\u00a0\u00bb][et_pb_wc_breadcrumb _builder_version=\u00a0\u00bb4.16&Prime; global_colors_info=\u00a0\u00bb{}\u00a0\u00bb][\/et_pb_wc_breadcrumb][et_pb_wc_cart_notice _builder_version=\u00a0\u00bb4.18.0&Prime; background_color=\u00a0\u00bb#3B82BD\u00a0\u00bb global_colors_info=\u00a0\u00bb{}\u00a0\u00bb][\/et_pb_wc_cart_notice][\/et_pb_column][\/et_pb_row][et_pb_row column_structure=\u00a0\u00bb1_2,1_2&Prime; _builder_version=\u00a0\u00bb4.16&Prime; background_size=\u00a0\u00bbinitial\u00a0\u00bb background_position=\u00a0\u00bbtop_left\u00a0\u00bb background_repeat=\u00a0\u00bbrepeat\u00a0\u00bb width=\u00a0\u00bb100%\u00a0\u00bb custom_padding=\u00a0\u00bb0px||||false|false\u00a0\u00bb global_colors_info=\u00a0\u00bb{}\u00a0\u00bb][et_pb_column type=\u00a0\u00bb1_2&Prime; _builder_version=\u00a0\u00bb4.16&Prime; custom_padding=\u00a0\u00bb|||\u00a0\u00bb global_colors_info=\u00a0\u00bb{}\u00a0\u00bb custom_padding__hover=\u00a0\u00bb|||\u00a0\u00bb][et_pb_wc_images _builder_version=\u00a0\u00bb4.16&Prime; global_colors_info=\u00a0\u00bb{}\u00a0\u00bb][\/et_pb_wc_images][\/et_pb_column][et_pb_column type=\u00a0\u00bb1_2&Prime; _builder_version=\u00a0\u00bb4.16&Prime; custom_padding=\u00a0\u00bb|||\u00a0\u00bb global_colors_info=\u00a0\u00bb{}\u00a0\u00bb custom_padding__hover=\u00a0\u00bb|||\u00a0\u00bb][et_pb_wc_title _builder_version=\u00a0\u00bb4.16&Prime; global_colors_info=\u00a0\u00bb{}\u00a0\u00bb][\/et_pb_wc_title][et_pb_wc_rating _builder_version=\u00a0\u00bb4.16&Prime; global_colors_info=\u00a0\u00bb{}\u00a0\u00bb][\/et_pb_wc_rating][et_pb_wc_price _builder_version=\u00a0\u00bb4.16&Prime; global_colors_info=\u00a0\u00bb{}\u00a0\u00bb][\/et_pb_wc_price][et_pb_wc_description _builder_version=\u00a0\u00bb4.16&Prime; global_colors_info=\u00a0\u00bb{}\u00a0\u00bb][\/et_pb_wc_description][et_pb_wc_add_to_cart _builder_version=\u00a0\u00bb4.16&Prime; global_colors_info=\u00a0\u00bb{}\u00a0\u00bb][\/et_pb_wc_add_to_cart][et_pb_wc_meta _builder_version=\u00a0\u00bb4.18.0&Prime; body_text_color=\u00a0\u00bb#3B82BD\u00a0\u00bb global_colors_info=\u00a0\u00bb{}\u00a0\u00bb][\/et_pb_wc_meta][\/et_pb_column][\/et_pb_row][et_pb_row _builder_version=\u00a0\u00bb4.16&Prime; background_size=\u00a0\u00bbinitial\u00a0\u00bb background_position=\u00a0\u00bbtop_left\u00a0\u00bb background_repeat=\u00a0\u00bbrepeat\u00a0\u00bb width=\u00a0\u00bb100%\u00a0\u00bb global_colors_info=\u00a0\u00bb{}\u00a0\u00bb][et_pb_column type=\u00a0\u00bb4_4&Prime; _builder_version=\u00a0\u00bb4.16&Prime; custom_padding=\u00a0\u00bb|||\u00a0\u00bb global_colors_info=\u00a0\u00bb{}\u00a0\u00bb custom_padding__hover=\u00a0\u00bb|||\u00a0\u00bb][et_pb_wc_tabs _builder_version=\u00a0\u00bb4.16&Prime; global_colors_info=\u00a0\u00bb{}\u00a0\u00bb]\t\t\t\t\t[\/et_pb_wc_tabs][et_pb_wc_upsells _builder_version=\u00a0\u00bb4.16&Prime; global_colors_info=\u00a0\u00bb{}\u00a0\u00bb][\/et_pb_wc_upsells][et_pb_wc_related_products _builder_version=\u00a0\u00bb4.16&Prime; global_colors_info=\u00a0\u00bb{}\u00a0\u00bb][\/et_pb_wc_related_products][\/et_pb_column][\/et_pb_row][\/et_pb_section]<\/p>\n<span class=\"et_bloom_bottom_trigger\"><\/span>","protected":false},"excerpt":{"rendered":"<p>Filtre HEPA et charbon Zortrax adapt\u00e9 pour votre enceinte de protection Printerbox<br \/>\nZortrax est une marque d&rsquo;imprimante 3d professionnelle et nous avons con\u00e7u le filtre printerbox sur la base de ce filtre fiable.<\/p>\n<p>Ce filtre s&rsquo;int\u00e8gre parfaitement dans notre syst\u00e8me de filtration HEPA et charbon pour imprimantes 3D.<br \/>\n<a href=\"https:\/\/www.printer-box.com\/hepa-carbon-filter\/\">D\u00e9tail du filtre HEPA et du filtre \u00e0 charbon<\/a><\/p>\n<p>Non compatible avec le syst\u00e8me de filtration MAX Hepa&amp;Carbon.<\/p>\n<p>Ces filtres doivent \u00eatre utilis\u00e9s avec un ventilateur \u00e0 haute pression statique.<br \/>\nSuivez <a href=\"https:\/\/www.printer-box.com\/product\/high-pressure-fan-for-hepacarbon-filter\/\" target=\"_blank\" rel=\"noopener\">ce lien<\/a> pour voir celui que nous recommandons.<\/p>\n<p>Caract\u00e9ristiques :<\/p>\n<ul>\n<li>Dimensions :\n<ul>\n<li>Filtre \u00e0 charbon : 120x120x15mm<\/li>\n<li>Filtre HEPA : 120x120x10mm<\/li>\n<\/ul>\n<\/li>\n<li>Dur\u00e9e de vie recommand\u00e9e : 4 \u00e0 6 mois selon l&rsquo;utilisation<\/li>\n<li>Compatible avec Prusabox et Modular-box<\/li>\n<\/ul>\n<p>Contenu de l&#8217;emballage :<\/p>\n<ul>\n<li>1x filtre \u00e0 charbon<\/li>\n<li>1x filtre HEPA<\/li>\n<\/ul>\n","protected":false},"featured_media":27723,"comment_status":"open","ping_status":"closed","template":"","meta":{"_et_pb_use_builder":"on","_et_pb_old_content":"","_et_gb_content_width":""},"product_brand":[],"product_cat":[94,145],"product_tag":[],"class_list":{"0":"post-31387","1":"product","2":"type-product","3":"status-publish","4":"has-post-thumbnail","6":"product_cat-caisson-pour-imprimantes-3d","7":"product_cat-mod-filtre","9":"first","10":"outofstock","11":"taxable","12":"shipping-taxable","13":"purchasable","14":"product-type-simple"},"composite_virtual":false,"composite_layout":"","composite_add_to_cart_form_location":"","composite_editable_in_cart":false,"composite_sold_individually_context":"","composite_shop_price_calc":"","composite_components":[],"composite_scenarios":[],"exclude_global_add_ons":[],"addons":[],"yoast_head":"<!-- This site is optimized with the Yoast SEO plugin v27.4 - https:\/\/yoast.com\/product\/yoast-seo-wordpress\/ -->\n<title>Filtre simple HEPA et charbon (1 jeu) - Printer Box<\/title>\n<meta name=\"robots\" content=\"index, follow, max-snippet:-1, max-image-preview:large, max-video-preview:-1\" \/>\n<link rel=\"canonical\" href=\"https:\/\/www.printer-box.com\/fr\/produit\/hepa-carbon-filter-1-set\/\" \/>\n<meta property=\"og:locale\" content=\"fr_FR\" \/>\n<meta property=\"og:type\" content=\"article\" \/>\n<meta property=\"og:title\" content=\"Filtre simple HEPA et charbon (1 jeu) - Printer Box\" \/>\n<meta property=\"og:description\" content=\"Filtre HEPA et charbon Zortrax adapt\u00e9 pour votre enceinte de protection Printerbox Zortrax est une marque d&#039;imprimante 3d professionnelle et nous avons con\u00e7u le filtre printerbox sur la base de ce filtre fiable. Ce filtre s&#039;int\u00e8gre parfaitement dans notre syst\u00e8me de filtration HEPA et charbon pour imprimantes 3D. D\u00e9tail du filtre HEPA et du filtre \u00e0 charbon Non compatible avec le syst\u00e8me de filtration MAX Hepa&amp;Carbon. Ces filtres doivent \u00eatre utilis\u00e9s avec un ventilateur \u00e0 haute pression statique. Suivez ce lien pour voir celui que nous recommandons. Caract\u00e9ristiques :  Dimensions :  Filtre \u00e0 charbon : 120x120x15mm  Filtre HEPA : 120x120x10mm   Dur\u00e9e de vie recommand\u00e9e : 4 \u00e0 6 mois selon l&#039;utilisation  Compatible avec Prusabox et Modular-box Contenu de l&#039;emballage :  1x filtre \u00e0 charbon  1x filtre HEPA\" \/>\n<meta property=\"og:url\" content=\"https:\/\/www.printer-box.com\/fr\/produit\/hepa-carbon-filter-1-set\/\" \/>\n<meta property=\"og:site_name\" content=\"Printer Box\" \/>\n<meta property=\"article:publisher\" content=\"https:\/\/www.facebook.com\/theprinterbox\/\" \/>\n<meta property=\"article:modified_time\" content=\"2025-06-30T19:40:31+00:00\" \/>\n<meta property=\"og:image\" content=\"https:\/\/www.printer-box.com\/wp-content\/uploads\/2021\/06\/20210618_154900.jpg\" \/>\n\t<meta property=\"og:image:width\" content=\"2777\" \/>\n\t<meta property=\"og:image:height\" content=\"2268\" \/>\n\t<meta property=\"og:image:type\" content=\"image\/jpeg\" \/>\n<meta name=\"twitter:card\" content=\"summary_large_image\" \/>\n<meta name=\"twitter:label1\" content=\"Dur\u00e9e de lecture estim\u00e9e\" \/>\n\t<meta name=\"twitter:data1\" content=\"1 minute\" \/>\n<script type=\"application\/ld+json\" class=\"yoast-schema-graph\">{\"@context\":\"https:\\\/\\\/schema.org\",\"@graph\":[{\"@type\":\"WebPage\",\"@id\":\"https:\\\/\\\/www.printer-box.com\\\/fr\\\/produit\\\/hepa-carbon-filter-1-set\\\/\",\"url\":\"https:\\\/\\\/www.printer-box.com\\\/fr\\\/produit\\\/hepa-carbon-filter-1-set\\\/\",\"name\":\"Filtre simple HEPA et charbon (1 jeu) - Printer Box\",\"isPartOf\":{\"@id\":\"https:\\\/\\\/www.printer-box.com\\\/de\\\/#website\"},\"primaryImageOfPage\":{\"@id\":\"https:\\\/\\\/www.printer-box.com\\\/fr\\\/produit\\\/hepa-carbon-filter-1-set\\\/#primaryimage\"},\"image\":{\"@id\":\"https:\\\/\\\/www.printer-box.com\\\/fr\\\/produit\\\/hepa-carbon-filter-1-set\\\/#primaryimage\"},\"thumbnailUrl\":\"https:\\\/\\\/www.printer-box.com\\\/wp-content\\\/uploads\\\/2021\\\/06\\\/20210618_154900.jpg\",\"datePublished\":\"2022-08-17T08:20:26+00:00\",\"dateModified\":\"2025-06-30T19:40:31+00:00\",\"breadcrumb\":{\"@id\":\"https:\\\/\\\/www.printer-box.com\\\/fr\\\/produit\\\/hepa-carbon-filter-1-set\\\/#breadcrumb\"},\"inLanguage\":\"fr-FR\",\"potentialAction\":[{\"@type\":\"ReadAction\",\"target\":[\"https:\\\/\\\/www.printer-box.com\\\/fr\\\/produit\\\/hepa-carbon-filter-1-set\\\/\"]}]},{\"@type\":\"ImageObject\",\"inLanguage\":\"fr-FR\",\"@id\":\"https:\\\/\\\/www.printer-box.com\\\/fr\\\/produit\\\/hepa-carbon-filter-1-set\\\/#primaryimage\",\"url\":\"https:\\\/\\\/www.printer-box.com\\\/wp-content\\\/uploads\\\/2021\\\/06\\\/20210618_154900.jpg\",\"contentUrl\":\"https:\\\/\\\/www.printer-box.com\\\/wp-content\\\/uploads\\\/2021\\\/06\\\/20210618_154900.jpg\",\"width\":2777,\"height\":2268},{\"@type\":\"BreadcrumbList\",\"@id\":\"https:\\\/\\\/www.printer-box.com\\\/fr\\\/produit\\\/hepa-carbon-filter-1-set\\\/#breadcrumb\",\"itemListElement\":[{\"@type\":\"ListItem\",\"position\":1,\"name\":\"Home\",\"item\":\"https:\\\/\\\/www.printer-box.com\\\/fr\\\/acceuil\\\/\"},{\"@type\":\"ListItem\",\"position\":2,\"name\":\"Boutique &#8211; Caisson\",\"item\":\"https:\\\/\\\/www.printer-box.com\\\/shop-enclosure\\\/\"},{\"@type\":\"ListItem\",\"position\":3,\"name\":\"Filtre simple HEPA et charbon (1 jeu)\"}]},{\"@type\":\"WebSite\",\"@id\":\"https:\\\/\\\/www.printer-box.com\\\/de\\\/#website\",\"url\":\"https:\\\/\\\/www.printer-box.com\\\/de\\\/\",\"name\":\"Printer Box\",\"description\":\"The best home for your printer\",\"potentialAction\":[{\"@type\":\"SearchAction\",\"target\":{\"@type\":\"EntryPoint\",\"urlTemplate\":\"https:\\\/\\\/www.printer-box.com\\\/de\\\/?s={search_term_string}\"},\"query-input\":{\"@type\":\"PropertyValueSpecification\",\"valueRequired\":true,\"valueName\":\"search_term_string\"}}],\"inLanguage\":\"fr-FR\"}]}<\/script>\n<!-- \/ Yoast SEO plugin. -->","yoast_head_json":{"title":"Filtre simple HEPA et charbon (1 jeu) - Printer Box","robots":{"index":"index","follow":"follow","max-snippet":"max-snippet:-1","max-image-preview":"max-image-preview:large","max-video-preview":"max-video-preview:-1"},"canonical":"https:\/\/www.printer-box.com\/fr\/produit\/hepa-carbon-filter-1-set\/","og_locale":"fr_FR","og_type":"article","og_title":"Filtre simple HEPA et charbon (1 jeu) - Printer Box","og_description":"Filtre HEPA et charbon Zortrax adapt\u00e9 pour votre enceinte de protection Printerbox Zortrax est une marque d'imprimante 3d professionnelle et nous avons con\u00e7u le filtre printerbox sur la base de ce filtre fiable. Ce filtre s'int\u00e8gre parfaitement dans notre syst\u00e8me de filtration HEPA et charbon pour imprimantes 3D. D\u00e9tail du filtre HEPA et du filtre \u00e0 charbon Non compatible avec le syst\u00e8me de filtration MAX Hepa&amp;Carbon. Ces filtres doivent \u00eatre utilis\u00e9s avec un ventilateur \u00e0 haute pression statique. Suivez ce lien pour voir celui que nous recommandons. Caract\u00e9ristiques :  Dimensions :  Filtre \u00e0 charbon : 120x120x15mm  Filtre HEPA : 120x120x10mm   Dur\u00e9e de vie recommand\u00e9e : 4 \u00e0 6 mois selon l'utilisation  Compatible avec Prusabox et Modular-box Contenu de l'emballage :  1x filtre \u00e0 charbon  1x filtre HEPA","og_url":"https:\/\/www.printer-box.com\/fr\/produit\/hepa-carbon-filter-1-set\/","og_site_name":"Printer Box","article_publisher":"https:\/\/www.facebook.com\/theprinterbox\/","article_modified_time":"2025-06-30T19:40:31+00:00","og_image":[{"width":2777,"height":2268,"url":"https:\/\/www.printer-box.com\/wp-content\/uploads\/2021\/06\/20210618_154900.jpg","type":"image\/jpeg"}],"twitter_card":"summary_large_image","twitter_misc":{"Dur\u00e9e de lecture estim\u00e9e":"1 minute"},"schema":{"@context":"https:\/\/schema.org","@graph":[{"@type":"WebPage","@id":"https:\/\/www.printer-box.com\/fr\/produit\/hepa-carbon-filter-1-set\/","url":"https:\/\/www.printer-box.com\/fr\/produit\/hepa-carbon-filter-1-set\/","name":"Filtre simple HEPA et charbon (1 jeu) - Printer Box","isPartOf":{"@id":"https:\/\/www.printer-box.com\/de\/#website"},"primaryImageOfPage":{"@id":"https:\/\/www.printer-box.com\/fr\/produit\/hepa-carbon-filter-1-set\/#primaryimage"},"image":{"@id":"https:\/\/www.printer-box.com\/fr\/produit\/hepa-carbon-filter-1-set\/#primaryimage"},"thumbnailUrl":"https:\/\/www.printer-box.com\/wp-content\/uploads\/2021\/06\/20210618_154900.jpg","datePublished":"2022-08-17T08:20:26+00:00","dateModified":"2025-06-30T19:40:31+00:00","breadcrumb":{"@id":"https:\/\/www.printer-box.com\/fr\/produit\/hepa-carbon-filter-1-set\/#breadcrumb"},"inLanguage":"fr-FR","potentialAction":[{"@type":"ReadAction","target":["https:\/\/www.printer-box.com\/fr\/produit\/hepa-carbon-filter-1-set\/"]}]},{"@type":"ImageObject","inLanguage":"fr-FR","@id":"https:\/\/www.printer-box.com\/fr\/produit\/hepa-carbon-filter-1-set\/#primaryimage","url":"https:\/\/www.printer-box.com\/wp-content\/uploads\/2021\/06\/20210618_154900.jpg","contentUrl":"https:\/\/www.printer-box.com\/wp-content\/uploads\/2021\/06\/20210618_154900.jpg","width":2777,"height":2268},{"@type":"BreadcrumbList","@id":"https:\/\/www.printer-box.com\/fr\/produit\/hepa-carbon-filter-1-set\/#breadcrumb","itemListElement":[{"@type":"ListItem","position":1,"name":"Home","item":"https:\/\/www.printer-box.com\/fr\/acceuil\/"},{"@type":"ListItem","position":2,"name":"Boutique &#8211; Caisson","item":"https:\/\/www.printer-box.com\/shop-enclosure\/"},{"@type":"ListItem","position":3,"name":"Filtre simple HEPA et charbon (1 jeu)"}]},{"@type":"WebSite","@id":"https:\/\/www.printer-box.com\/de\/#website","url":"https:\/\/www.printer-box.com\/de\/","name":"Printer Box","description":"The best home for your printer","potentialAction":[{"@type":"SearchAction","target":{"@type":"EntryPoint","urlTemplate":"https:\/\/www.printer-box.com\/de\/?s={search_term_string}"},"query-input":{"@type":"PropertyValueSpecification","valueRequired":true,"valueName":"search_term_string"}}],"inLanguage":"fr-FR"}]}},"_links":{"self":[{"href":"https:\/\/www.printer-box.com\/fr\/wp-json\/wp\/v2\/product\/31387","targetHints":{"allow":["GET"]}}],"collection":[{"href":"https:\/\/www.printer-box.com\/fr\/wp-json\/wp\/v2\/product"}],"about":[{"href":"https:\/\/www.printer-box.com\/fr\/wp-json\/wp\/v2\/types\/product"}],"replies":[{"embeddable":true,"href":"https:\/\/www.printer-box.com\/fr\/wp-json\/wp\/v2\/comments?post=31387"}],"wp:featuredmedia":[{"embeddable":true,"href":"https:\/\/www.printer-box.com\/fr\/wp-json\/wp\/v2\/media\/27723"}],"wp:attachment":[{"href":"https:\/\/www.printer-box.com\/fr\/wp-json\/wp\/v2\/media?parent=31387"}],"wp:term":[{"taxonomy":"product_brand","embeddable":true,"href":"https:\/\/www.printer-box.com\/fr\/wp-json\/wp\/v2\/product_brand?post=31387"},{"taxonomy":"product_cat","embeddable":true,"href":"https:\/\/www.printer-box.com\/fr\/wp-json\/wp\/v2\/product_cat?post=31387"},{"taxonomy":"product_tag","embeddable":true,"href":"https:\/\/www.printer-box.com\/fr\/wp-json\/wp\/v2\/product_tag?post=31387"}],"curies":[{"name":"wp","href":"https:\/\/api.w.org\/{rel}","templated":true}]}}