{"id":31367,"date":"2022-05-25T16:35:24","date_gmt":"2022-08-17T03:57:20","guid":{"rendered":"https:\/\/www.printer-box.com\/product\/kit-detancheite-pour-le-spool-tank\/"},"modified":"2024-05-14T15:30:11","modified_gmt":"2024-05-14T13:30:11","slug":"kit-detancheite-pour-reservoir-de-stockage","status":"publish","type":"product","link":"https:\/\/www.printer-box.com\/fr\/produit\/kit-detancheite-pour-reservoir-de-stockage\/","title":{"rendered":"Kit d&rsquo;\u00e9tanch\u00e9it\u00e9 pour le Spool tank"},"content":{"rendered":"<p>[et_pb_section fb_built=\u00a0\u00bb1&Prime; _builder_version=\u00a0\u00bb4.16&Prime; custom_padding=\u00a0\u00bb0px||||false|false\u00a0\u00bb global_colors_info=\u00a0\u00bb{}\u00a0\u00bb][et_pb_row _builder_version=\u00a0\u00bb4.16&Prime; background_size=\u00a0\u00bbinitial\u00a0\u00bb background_position=\u00a0\u00bbtop_left\u00a0\u00bb background_repeat=\u00a0\u00bbrepeat\u00a0\u00bb width=\u00a0\u00bb100%\u00a0\u00bb custom_padding=\u00a0\u00bb0px||0px||false|false\u00a0\u00bb global_colors_info=\u00a0\u00bb{}\u00a0\u00bb][et_pb_column type=\u00a0\u00bb4_4&Prime; _builder_version=\u00a0\u00bb4.16&Prime; custom_padding=\u00a0\u00bb|||\u00a0\u00bb global_colors_info=\u00a0\u00bb{}\u00a0\u00bb custom_padding__hover=\u00a0\u00bb|||\u00a0\u00bb][et_pb_wc_breadcrumb _builder_version=\u00a0\u00bb4.16&Prime; global_colors_info=\u00a0\u00bb{}\u00a0\u00bb][\/et_pb_wc_breadcrumb][et_pb_wc_cart_notice _builder_version=\u00a0\u00bb4.18.0&Prime; hover_enabled=\u00a0\u00bb0&Prime; global_colors_info=\u00a0\u00bb{}\u00a0\u00bb background_color=\u00a0\u00bb#3b82bd\u00a0\u00bb sticky_enabled=\u00a0\u00bb0&Prime;][\/et_pb_wc_cart_notice][\/et_pb_column][\/et_pb_row][et_pb_row _builder_version=\u00a0\u00bb4.16&Prime; background_size=\u00a0\u00bbinitial\u00a0\u00bb background_position=\u00a0\u00bbtop_left\u00a0\u00bb background_repeat=\u00a0\u00bbrepeat\u00a0\u00bb width=\u00a0\u00bb100%\u00a0\u00bb custom_padding=\u00a0\u00bb0px||||false|false\u00a0\u00bb global_colors_info=\u00a0\u00bb{}\u00a0\u00bb column_structure=\u00a0\u00bb1_2,1_2&Prime;][et_pb_column type=\u00a0\u00bb1_2&Prime; _builder_version=\u00a0\u00bb4.16&Prime; custom_padding=\u00a0\u00bb|||\u00a0\u00bb global_colors_info=\u00a0\u00bb{}\u00a0\u00bb custom_padding__hover=\u00a0\u00bb|||\u00a0\u00bb][et_pb_wc_images _builder_version=\u00a0\u00bb4.16&Prime; global_colors_info=\u00a0\u00bb{}\u00a0\u00bb][\/et_pb_wc_images][\/et_pb_column][et_pb_column type=\u00a0\u00bb1_2&Prime; _builder_version=\u00a0\u00bb4.16&Prime; custom_padding=\u00a0\u00bb|||\u00a0\u00bb global_colors_info=\u00a0\u00bb{}\u00a0\u00bb custom_padding__hover=\u00a0\u00bb|||\u00a0\u00bb][et_pb_wc_title _builder_version=\u00a0\u00bb4.16&Prime; global_colors_info=\u00a0\u00bb{}\u00a0\u00bb][\/et_pb_wc_title][et_pb_wc_rating _builder_version=\u00a0\u00bb4.16&Prime; global_colors_info=\u00a0\u00bb{}\u00a0\u00bb][\/et_pb_wc_rating][et_pb_wc_price _builder_version=\u00a0\u00bb4.16&Prime; global_colors_info=\u00a0\u00bb{}\u00a0\u00bb][\/et_pb_wc_price][et_pb_wc_description _builder_version=\u00a0\u00bb4.16&Prime; global_colors_info=\u00a0\u00bb{}\u00a0\u00bb][\/et_pb_wc_description][et_pb_wc_add_to_cart _builder_version=\u00a0\u00bb4.16&Prime; global_colors_info=\u00a0\u00bb{}\u00a0\u00bb][\/et_pb_wc_add_to_cart][et_pb_wc_meta _builder_version=\u00a0\u00bb4.18.0&Prime; hover_enabled=\u00a0\u00bb0&Prime; global_colors_info=\u00a0\u00bb{}\u00a0\u00bb body_text_color=\u00a0\u00bb#3b82bd\u00a0\u00bb sticky_enabled=\u00a0\u00bb0&Prime;][\/et_pb_wc_meta][\/et_pb_column][\/et_pb_row][et_pb_row _builder_version=\u00a0\u00bb4.16&Prime; background_size=\u00a0\u00bbinitial\u00a0\u00bb background_position=\u00a0\u00bbtop_left\u00a0\u00bb background_repeat=\u00a0\u00bbrepeat\u00a0\u00bb width=\u00a0\u00bb100%\u00a0\u00bb global_colors_info=\u00a0\u00bb{}\u00a0\u00bb][et_pb_column type=\u00a0\u00bb4_4&Prime; _builder_version=\u00a0\u00bb4.16&Prime; custom_padding=\u00a0\u00bb|||\u00a0\u00bb global_colors_info=\u00a0\u00bb{}\u00a0\u00bb custom_padding__hover=\u00a0\u00bb|||\u00a0\u00bb][et_pb_wc_tabs _builder_version=\u00a0\u00bb4.16&Prime; global_colors_info=\u00a0\u00bb{}\u00a0\u00bb]\t\t\t\t\t[\/et_pb_wc_tabs][et_pb_wc_upsells _builder_version=\u00a0\u00bb4.16&Prime; global_colors_info=\u00a0\u00bb{}\u00a0\u00bb][\/et_pb_wc_upsells][et_pb_wc_related_products _builder_version=\u00a0\u00bb4.16&Prime; global_colors_info=\u00a0\u00bb{}\u00a0\u00bb][\/et_pb_wc_related_products][\/et_pb_column][\/et_pb_row][\/et_pb_section]<\/p>\n<span class=\"et_bloom_bottom_trigger\"><\/span>","protected":false},"excerpt":{"rendered":"<p>Kit d&rsquo;\u00e9tanch\u00e9it\u00e9 con\u00e7u pour le Spool tank contre l&rsquo;humidit\u00e9 et la poussi\u00e8re.<\/p>\n<p>Ce kit permet une caisson plus herm\u00e9tique pour vos bobines.<br \/>\nParce que le filament n&rsquo;aime pas l&rsquo;humidit\u00e9, ce kit d&rsquo;\u00e9tanch\u00e9it\u00e9 am\u00e9liorera la dur\u00e9e de vie de vos bobines.<\/p>\n<p>Le kit comprend :<\/p>\n<ul>\n<li>140 cm de mousse adh\u00e9sive pour l&rsquo;\u00e9tanch\u00e9it\u00e9 de la porte d&rsquo;entr\u00e9e<\/li>\n<li>4 morceaux de 24 cm d&rsquo;aluminium adh\u00e9sif pour le scellement des c\u00f4t\u00e9s<\/li>\n<li>un guide de coupe<\/li>\n<\/ul>\n<p>&nbsp;<\/p>\n","protected":false},"featured_media":30589,"comment_status":"open","ping_status":"closed","template":"","meta":{"_et_pb_use_builder":"on","_et_pb_old_content":"","_et_gb_content_width":""},"product_brand":[],"product_cat":[78],"product_tag":[],"class_list":{"0":"post-31367","1":"product","2":"type-product","3":"status-publish","4":"has-post-thumbnail","6":"product_cat-filament-box-fr","8":"first","9":"outofstock","10":"taxable","11":"shipping-taxable","12":"purchasable","13":"product-type-simple"},"composite_virtual":false,"composite_layout":"","composite_add_to_cart_form_location":"","composite_editable_in_cart":false,"composite_sold_individually_context":"","composite_shop_price_calc":"","composite_components":[],"composite_scenarios":[],"exclude_global_add_ons":[],"addons":[],"yoast_head":"<!-- This site is optimized with the Yoast SEO plugin v27.4 - https:\/\/yoast.com\/product\/yoast-seo-wordpress\/ -->\n<title>Kit d&#039;\u00e9tanch\u00e9it\u00e9 pour le Spool tank - Printer Box<\/title>\n<meta name=\"robots\" content=\"index, follow, max-snippet:-1, max-image-preview:large, max-video-preview:-1\" \/>\n<link rel=\"canonical\" href=\"https:\/\/www.printer-box.com\/produit\/sealing-kit-for-spool-tank\/\" \/>\n<meta property=\"og:locale\" content=\"fr_FR\" \/>\n<meta property=\"og:type\" content=\"article\" \/>\n<meta property=\"og:title\" content=\"Kit d&#039;\u00e9tanch\u00e9it\u00e9 pour le Spool tank - Printer Box\" \/>\n<meta property=\"og:description\" content=\"Kit d&#039;\u00e9tanch\u00e9it\u00e9 con\u00e7u pour le Spool tank contre l&#039;humidit\u00e9 et la poussi\u00e8re. Ce kit permet une caisson plus herm\u00e9tique pour vos bobines. Parce que le filament n&#039;aime pas l&#039;humidit\u00e9, ce kit d&#039;\u00e9tanch\u00e9it\u00e9 am\u00e9liorera la dur\u00e9e de vie de vos bobines. Le kit comprend :  140 cm de mousse adh\u00e9sive pour l&#039;\u00e9tanch\u00e9it\u00e9 de la porte d&#039;entr\u00e9e  4 morceaux de 24 cm d&#039;aluminium adh\u00e9sif pour le scellement des c\u00f4t\u00e9s  un guide de coupe &nbsp;\" \/>\n<meta property=\"og:url\" content=\"https:\/\/www.printer-box.com\/produit\/sealing-kit-for-spool-tank\/\" \/>\n<meta property=\"og:site_name\" content=\"Printer Box\" \/>\n<meta property=\"article:publisher\" content=\"https:\/\/www.facebook.com\/theprinterbox\/\" \/>\n<meta property=\"article:modified_time\" content=\"2024-05-14T13:30:11+00:00\" \/>\n<meta property=\"og:image\" content=\"https:\/\/www.printer-box.com\/wp-content\/uploads\/2022\/05\/IMG_4259-eclaircie-1-scaled.jpg\" \/>\n\t<meta property=\"og:image:width\" content=\"2880\" \/>\n\t<meta property=\"og:image:height\" content=\"1920\" \/>\n\t<meta property=\"og:image:type\" content=\"image\/jpeg\" \/>\n<meta name=\"twitter:card\" content=\"summary_large_image\" \/>\n<meta name=\"twitter:label1\" content=\"Dur\u00e9e de lecture estim\u00e9e\" \/>\n\t<meta name=\"twitter:data1\" content=\"1 minute\" \/>\n<script type=\"application\/ld+json\" class=\"yoast-schema-graph\">{\"@context\":\"https:\\\/\\\/schema.org\",\"@graph\":[{\"@type\":\"WebPage\",\"@id\":\"https:\\\/\\\/www.printer-box.com\\\/produit\\\/sealing-kit-for-spool-tank\\\/\",\"url\":\"https:\\\/\\\/www.printer-box.com\\\/produit\\\/sealing-kit-for-spool-tank\\\/\",\"name\":\"Kit d'\u00e9tanch\u00e9it\u00e9 pour le Spool tank - Printer Box\",\"isPartOf\":{\"@id\":\"https:\\\/\\\/www.printer-box.com\\\/de\\\/#website\"},\"primaryImageOfPage\":{\"@id\":\"https:\\\/\\\/www.printer-box.com\\\/produit\\\/sealing-kit-for-spool-tank\\\/#primaryimage\"},\"image\":{\"@id\":\"https:\\\/\\\/www.printer-box.com\\\/produit\\\/sealing-kit-for-spool-tank\\\/#primaryimage\"},\"thumbnailUrl\":\"https:\\\/\\\/www.printer-box.com\\\/wp-content\\\/uploads\\\/2022\\\/05\\\/IMG_4259-eclaircie-1-scaled.jpg\",\"datePublished\":\"2022-08-17T03:57:20+00:00\",\"dateModified\":\"2024-05-14T13:30:11+00:00\",\"breadcrumb\":{\"@id\":\"https:\\\/\\\/www.printer-box.com\\\/produit\\\/sealing-kit-for-spool-tank\\\/#breadcrumb\"},\"inLanguage\":\"fr-FR\",\"potentialAction\":[{\"@type\":\"ReadAction\",\"target\":[\"https:\\\/\\\/www.printer-box.com\\\/produit\\\/sealing-kit-for-spool-tank\\\/\"]}]},{\"@type\":\"ImageObject\",\"inLanguage\":\"fr-FR\",\"@id\":\"https:\\\/\\\/www.printer-box.com\\\/produit\\\/sealing-kit-for-spool-tank\\\/#primaryimage\",\"url\":\"https:\\\/\\\/www.printer-box.com\\\/wp-content\\\/uploads\\\/2022\\\/05\\\/IMG_4259-eclaircie-1-scaled.jpg\",\"contentUrl\":\"https:\\\/\\\/www.printer-box.com\\\/wp-content\\\/uploads\\\/2022\\\/05\\\/IMG_4259-eclaircie-1-scaled.jpg\",\"width\":2880,\"height\":1920},{\"@type\":\"BreadcrumbList\",\"@id\":\"https:\\\/\\\/www.printer-box.com\\\/produit\\\/sealing-kit-for-spool-tank\\\/#breadcrumb\",\"itemListElement\":[{\"@type\":\"ListItem\",\"position\":1,\"name\":\"Home\",\"item\":\"https:\\\/\\\/www.printer-box.com\\\/fr\\\/acceuil\\\/\"},{\"@type\":\"ListItem\",\"position\":2,\"name\":\"Boutique &#8211; Caisson\",\"item\":\"https:\\\/\\\/www.printer-box.com\\\/shop-enclosure\\\/\"},{\"@type\":\"ListItem\",\"position\":3,\"name\":\"Kit d&#8217;\u00e9tanch\u00e9it\u00e9 pour le Spool tank\"}]},{\"@type\":\"WebSite\",\"@id\":\"https:\\\/\\\/www.printer-box.com\\\/de\\\/#website\",\"url\":\"https:\\\/\\\/www.printer-box.com\\\/de\\\/\",\"name\":\"Printer Box\",\"description\":\"The best home for your printer\",\"potentialAction\":[{\"@type\":\"SearchAction\",\"target\":{\"@type\":\"EntryPoint\",\"urlTemplate\":\"https:\\\/\\\/www.printer-box.com\\\/de\\\/?s={search_term_string}\"},\"query-input\":{\"@type\":\"PropertyValueSpecification\",\"valueRequired\":true,\"valueName\":\"search_term_string\"}}],\"inLanguage\":\"fr-FR\"}]}<\/script>\n<!-- \/ Yoast SEO plugin. -->","yoast_head_json":{"title":"Kit d'\u00e9tanch\u00e9it\u00e9 pour le Spool tank - Printer Box","robots":{"index":"index","follow":"follow","max-snippet":"max-snippet:-1","max-image-preview":"max-image-preview:large","max-video-preview":"max-video-preview:-1"},"canonical":"https:\/\/www.printer-box.com\/produit\/sealing-kit-for-spool-tank\/","og_locale":"fr_FR","og_type":"article","og_title":"Kit d'\u00e9tanch\u00e9it\u00e9 pour le Spool tank - Printer Box","og_description":"Kit d'\u00e9tanch\u00e9it\u00e9 con\u00e7u pour le Spool tank contre l'humidit\u00e9 et la poussi\u00e8re. Ce kit permet une caisson plus herm\u00e9tique pour vos bobines. Parce que le filament n'aime pas l'humidit\u00e9, ce kit d'\u00e9tanch\u00e9it\u00e9 am\u00e9liorera la dur\u00e9e de vie de vos bobines. Le kit comprend :  140 cm de mousse adh\u00e9sive pour l'\u00e9tanch\u00e9it\u00e9 de la porte d'entr\u00e9e  4 morceaux de 24 cm d'aluminium adh\u00e9sif pour le scellement des c\u00f4t\u00e9s  un guide de coupe &nbsp;","og_url":"https:\/\/www.printer-box.com\/produit\/sealing-kit-for-spool-tank\/","og_site_name":"Printer Box","article_publisher":"https:\/\/www.facebook.com\/theprinterbox\/","article_modified_time":"2024-05-14T13:30:11+00:00","og_image":[{"width":2880,"height":1920,"url":"https:\/\/www.printer-box.com\/wp-content\/uploads\/2022\/05\/IMG_4259-eclaircie-1-scaled.jpg","type":"image\/jpeg"}],"twitter_card":"summary_large_image","twitter_misc":{"Dur\u00e9e de lecture estim\u00e9e":"1 minute"},"schema":{"@context":"https:\/\/schema.org","@graph":[{"@type":"WebPage","@id":"https:\/\/www.printer-box.com\/produit\/sealing-kit-for-spool-tank\/","url":"https:\/\/www.printer-box.com\/produit\/sealing-kit-for-spool-tank\/","name":"Kit d'\u00e9tanch\u00e9it\u00e9 pour le Spool tank - Printer Box","isPartOf":{"@id":"https:\/\/www.printer-box.com\/de\/#website"},"primaryImageOfPage":{"@id":"https:\/\/www.printer-box.com\/produit\/sealing-kit-for-spool-tank\/#primaryimage"},"image":{"@id":"https:\/\/www.printer-box.com\/produit\/sealing-kit-for-spool-tank\/#primaryimage"},"thumbnailUrl":"https:\/\/www.printer-box.com\/wp-content\/uploads\/2022\/05\/IMG_4259-eclaircie-1-scaled.jpg","datePublished":"2022-08-17T03:57:20+00:00","dateModified":"2024-05-14T13:30:11+00:00","breadcrumb":{"@id":"https:\/\/www.printer-box.com\/produit\/sealing-kit-for-spool-tank\/#breadcrumb"},"inLanguage":"fr-FR","potentialAction":[{"@type":"ReadAction","target":["https:\/\/www.printer-box.com\/produit\/sealing-kit-for-spool-tank\/"]}]},{"@type":"ImageObject","inLanguage":"fr-FR","@id":"https:\/\/www.printer-box.com\/produit\/sealing-kit-for-spool-tank\/#primaryimage","url":"https:\/\/www.printer-box.com\/wp-content\/uploads\/2022\/05\/IMG_4259-eclaircie-1-scaled.jpg","contentUrl":"https:\/\/www.printer-box.com\/wp-content\/uploads\/2022\/05\/IMG_4259-eclaircie-1-scaled.jpg","width":2880,"height":1920},{"@type":"BreadcrumbList","@id":"https:\/\/www.printer-box.com\/produit\/sealing-kit-for-spool-tank\/#breadcrumb","itemListElement":[{"@type":"ListItem","position":1,"name":"Home","item":"https:\/\/www.printer-box.com\/fr\/acceuil\/"},{"@type":"ListItem","position":2,"name":"Boutique &#8211; Caisson","item":"https:\/\/www.printer-box.com\/shop-enclosure\/"},{"@type":"ListItem","position":3,"name":"Kit d&#8217;\u00e9tanch\u00e9it\u00e9 pour le Spool tank"}]},{"@type":"WebSite","@id":"https:\/\/www.printer-box.com\/de\/#website","url":"https:\/\/www.printer-box.com\/de\/","name":"Printer Box","description":"The best home for your printer","potentialAction":[{"@type":"SearchAction","target":{"@type":"EntryPoint","urlTemplate":"https:\/\/www.printer-box.com\/de\/?s={search_term_string}"},"query-input":{"@type":"PropertyValueSpecification","valueRequired":true,"valueName":"search_term_string"}}],"inLanguage":"fr-FR"}]}},"_links":{"self":[{"href":"https:\/\/www.printer-box.com\/fr\/wp-json\/wp\/v2\/product\/31367","targetHints":{"allow":["GET"]}}],"collection":[{"href":"https:\/\/www.printer-box.com\/fr\/wp-json\/wp\/v2\/product"}],"about":[{"href":"https:\/\/www.printer-box.com\/fr\/wp-json\/wp\/v2\/types\/product"}],"replies":[{"embeddable":true,"href":"https:\/\/www.printer-box.com\/fr\/wp-json\/wp\/v2\/comments?post=31367"}],"wp:featuredmedia":[{"embeddable":true,"href":"https:\/\/www.printer-box.com\/fr\/wp-json\/wp\/v2\/media\/30589"}],"wp:attachment":[{"href":"https:\/\/www.printer-box.com\/fr\/wp-json\/wp\/v2\/media?parent=31367"}],"wp:term":[{"taxonomy":"product_brand","embeddable":true,"href":"https:\/\/www.printer-box.com\/fr\/wp-json\/wp\/v2\/product_brand?post=31367"},{"taxonomy":"product_cat","embeddable":true,"href":"https:\/\/www.printer-box.com\/fr\/wp-json\/wp\/v2\/product_cat?post=31367"},{"taxonomy":"product_tag","embeddable":true,"href":"https:\/\/www.printer-box.com\/fr\/wp-json\/wp\/v2\/product_tag?post=31367"}],"curies":[{"name":"wp","href":"https:\/\/api.w.org\/{rel}","templated":true}]}}