{"id":31362,"date":"2021-11-04T14:45:59","date_gmt":"2022-08-17T03:53:17","guid":{"rendered":"https:\/\/www.printer-box.com\/product\/bande-de-led-pour-prusabox\/"},"modified":"2025-10-10T13:49:33","modified_gmt":"2025-10-10T11:49:33","slug":"led-strip-for-prusabox","status":"publish","type":"product","link":"https:\/\/www.printer-box.com\/fr\/produit\/led-strip-for-prusabox\/","title":{"rendered":"Bande de LED pour Prusabox"},"content":{"rendered":"<p>[et_pb_section fb_built=\u00a0\u00bb1&Prime; _builder_version=\u00a0\u00bb4.16&Prime; custom_padding=\u00a0\u00bb0px||||false|false\u00a0\u00bb global_colors_info=\u00a0\u00bb{}\u00a0\u00bb][et_pb_row _builder_version=\u00a0\u00bb4.16&Prime; background_size=\u00a0\u00bbinitial\u00a0\u00bb background_position=\u00a0\u00bbtop_left\u00a0\u00bb background_repeat=\u00a0\u00bbrepeat\u00a0\u00bb width=\u00a0\u00bb100%\u00a0\u00bb custom_padding=\u00a0\u00bb0px||0px||false|false\u00a0\u00bb global_colors_info=\u00a0\u00bb{}\u00a0\u00bb][et_pb_column type=\u00a0\u00bb4_4&Prime; _builder_version=\u00a0\u00bb4.16&Prime; custom_padding=\u00a0\u00bb|||\u00a0\u00bb global_colors_info=\u00a0\u00bb{}\u00a0\u00bb custom_padding__hover=\u00a0\u00bb|||\u00a0\u00bb][et_pb_wc_breadcrumb _builder_version=\u00a0\u00bb4.16&Prime; global_colors_info=\u00a0\u00bb{}\u00a0\u00bb][\/et_pb_wc_breadcrumb][et_pb_wc_cart_notice _builder_version=\u00a0\u00bb4.16&Prime; global_colors_info=\u00a0\u00bb{}\u00a0\u00bb][\/et_pb_wc_cart_notice][\/et_pb_column][\/et_pb_row][et_pb_row column_structure=\u00a0\u00bb1_2,1_2&Prime; _builder_version=\u00a0\u00bb4.16&Prime; background_size=\u00a0\u00bbinitial\u00a0\u00bb background_position=\u00a0\u00bbtop_left\u00a0\u00bb background_repeat=\u00a0\u00bbrepeat\u00a0\u00bb width=\u00a0\u00bb100%\u00a0\u00bb custom_padding=\u00a0\u00bb0px||||false|false\u00a0\u00bb global_colors_info=\u00a0\u00bb{}\u00a0\u00bb][et_pb_column type=\u00a0\u00bb1_2&Prime; _builder_version=\u00a0\u00bb4.16&Prime; custom_padding=\u00a0\u00bb|||\u00a0\u00bb global_colors_info=\u00a0\u00bb{}\u00a0\u00bb custom_padding__hover=\u00a0\u00bb|||\u00a0\u00bb][et_pb_wc_images _builder_version=\u00a0\u00bb4.16&Prime; global_colors_info=\u00a0\u00bb{}\u00a0\u00bb][\/et_pb_wc_images][\/et_pb_column][et_pb_column type=\u00a0\u00bb1_2&Prime; _builder_version=\u00a0\u00bb4.16&Prime; custom_padding=\u00a0\u00bb|||\u00a0\u00bb global_colors_info=\u00a0\u00bb{}\u00a0\u00bb custom_padding__hover=\u00a0\u00bb|||\u00a0\u00bb][et_pb_wc_title _builder_version=\u00a0\u00bb4.16&Prime; global_colors_info=\u00a0\u00bb{}\u00a0\u00bb][\/et_pb_wc_title][et_pb_wc_rating _builder_version=\u00a0\u00bb4.16&Prime; global_colors_info=\u00a0\u00bb{}\u00a0\u00bb][\/et_pb_wc_rating][et_pb_wc_price _builder_version=\u00a0\u00bb4.16&Prime; global_colors_info=\u00a0\u00bb{}\u00a0\u00bb][\/et_pb_wc_price][et_pb_wc_description _builder_version=\u00a0\u00bb4.23.4&Prime; global_colors_info=\u00a0\u00bb{}\u00a0\u00bb][\/et_pb_wc_description][et_pb_wc_add_to_cart _builder_version=\u00a0\u00bb4.16&Prime; global_colors_info=\u00a0\u00bb{}\u00a0\u00bb][\/et_pb_wc_add_to_cart][et_pb_wc_meta _builder_version=\u00a0\u00bb4.16&Prime; global_colors_info=\u00a0\u00bb{}\u00a0\u00bb][\/et_pb_wc_meta][\/et_pb_column][\/et_pb_row][et_pb_row _builder_version=\u00a0\u00bb4.16&Prime; background_size=\u00a0\u00bbinitial\u00a0\u00bb background_position=\u00a0\u00bbtop_left\u00a0\u00bb background_repeat=\u00a0\u00bbrepeat\u00a0\u00bb width=\u00a0\u00bb100%\u00a0\u00bb global_colors_info=\u00a0\u00bb{}\u00a0\u00bb][et_pb_column type=\u00a0\u00bb4_4&Prime; _builder_version=\u00a0\u00bb4.16&Prime; custom_padding=\u00a0\u00bb|||\u00a0\u00bb global_colors_info=\u00a0\u00bb{}\u00a0\u00bb custom_padding__hover=\u00a0\u00bb|||\u00a0\u00bb][et_pb_wc_tabs _builder_version=\u00a0\u00bb4.16&Prime; global_colors_info=\u00a0\u00bb{}\u00a0\u00bb]\t\t\t\t\t[\/et_pb_wc_tabs][et_pb_wc_upsells _builder_version=\u00a0\u00bb4.16&Prime; global_colors_info=\u00a0\u00bb{}\u00a0\u00bb][\/et_pb_wc_upsells][et_pb_wc_related_products _builder_version=\u00a0\u00bb4.16&Prime; global_colors_info=\u00a0\u00bb{}\u00a0\u00bb][\/et_pb_wc_related_products][\/et_pb_column][\/et_pb_row][\/et_pb_section]<\/p>\n<span class=\"et_bloom_bottom_trigger\"><\/span>","protected":false},"excerpt":{"rendered":"<p>Bande LED de haute qualit\u00e9 sp\u00e9cialement con\u00e7ue pour PrusaBox et ModularBox. Connecteurs : Les connecteurs sur votre LED vous permettent de vous connecter facilement au faisceau de c\u00e2blage.<br \/>\nLe faisceau de c\u00e2blage est disponible en tant que produit s\u00e9par\u00e9 <a href=\"https:\/\/www.printer-box.com\/product\/prusabox-wiring-harness-led-temp-control\/\">ici.<\/a> Les LED ne peuvent pas \u00eatre branch\u00e9es directement sur l&rsquo;imprimante (les fabricants d&rsquo;imprimantes, comme Prusa3d ou Caribou3d, ne recommandent pas de brancher des \u00e9quipements suppl\u00e9mentaires sur le PSU ou la carte \u00e9lectronique de l&rsquo;imprimante).  Le ventilateur ou les leds ont donc besoin d&rsquo;un adaptateur \u00e9lectrique d\u00e9di\u00e9. L&rsquo;adaptateur \u00e9lectrique avec le kit de c\u00e2blage est disponible dans notre boutique : <a href=\"https:\/\/www.printer-box.com\/product\/prusabox-wiring-harness-led-temp-control\/\">prusabox-wiring-harness-led-temp-control\/<\/a> Ou les instructions pour le faire vous-m\u00eame sont disponibles dans la base de connaissances : <a href=\"https:\/\/help.printer-box.com\/home\/mods-options\/electrical-components-wiring\/\">electrical-components-wiring<\/a><\/p>\n","protected":false},"featured_media":28811,"comment_status":"open","ping_status":"closed","template":"","meta":{"_et_pb_use_builder":"on","_et_pb_old_content":"Specifications :\r\n<ul>\r\n \t<li>3 parts LED strip for front, left and right side<\/li>\r\n \t<li>120 lumens<\/li>\r\n \t<li>LED strip length : 3 x 37.5cm<\/li>\r\n \t<li>Voltage : 12V<\/li>\r\n \t<li>Cable length: 155cm<\/li>\r\n \t<li>Connector for wiring harness<\/li>\r\n \t<li>Compatible with Prusabox and Prusabox 2<\/li>\r\n<\/ul>","_et_gb_content_width":""},"product_brand":[],"product_cat":[94,141],"product_tag":[],"class_list":{"0":"post-31362","1":"product","2":"type-product","3":"status-publish","4":"has-post-thumbnail","6":"product_cat-caisson-pour-imprimantes-3d","7":"product_cat-mod-lumiere-led","9":"first","10":"outofstock","11":"taxable","12":"shipping-taxable","13":"purchasable","14":"product-type-simple"},"composite_virtual":false,"composite_layout":"","composite_add_to_cart_form_location":"","composite_editable_in_cart":false,"composite_sold_individually_context":"","composite_shop_price_calc":"","composite_components":[],"composite_scenarios":[],"exclude_global_add_ons":false,"addons":[{"name":"Printed parts","type":"multiple_choice","position":0,"required":true,"title_format":"label","default":"","description_enable":false,"description":"","placeholder_enable":false,"placeholder":"","display":"radiobutton","restrictions_type":"any_text","adjust_price":false,"price":"","price_type":"flat_fee","restrictions":false,"min":"0","max":"0","options":[{"label":"Black printed parts for LED","price":"4.10","price_type":"quantity_based","image":0,"visibility":true},{"label":"I don\u2019t want printed part","price":"","price_type":"flat_fee","image":0,"visibility":true}],"id":1682004972}],"yoast_head":"<!-- This site is optimized with the Yoast SEO plugin v27.4 - https:\/\/yoast.com\/product\/yoast-seo-wordpress\/ -->\n<title>Bande de LED pour Prusabox - Printer Box<\/title>\n<meta name=\"robots\" content=\"index, follow, max-snippet:-1, max-image-preview:large, max-video-preview:-1\" \/>\n<link rel=\"canonical\" href=\"https:\/\/www.printer-box.com\/produit\/led-strip-for-prusabox\/\" \/>\n<meta property=\"og:locale\" content=\"fr_FR\" \/>\n<meta property=\"og:type\" content=\"article\" \/>\n<meta property=\"og:title\" content=\"Bande de LED pour Prusabox - Printer Box\" \/>\n<meta property=\"og:description\" content=\"Bande LED de haute qualit\u00e9 sp\u00e9cialement con\u00e7ue pour PrusaBox et ModularBox. Connecteurs : Les connecteurs sur votre LED vous permettent de vous connecter facilement au faisceau de c\u00e2blage. Le faisceau de c\u00e2blage est disponible en tant que produit s\u00e9par\u00e9 ici. Les LED ne peuvent pas \u00eatre branch\u00e9es directement sur l&#039;imprimante (les fabricants d&#039;imprimantes, comme Prusa3d ou Caribou3d, ne recommandent pas de brancher des \u00e9quipements suppl\u00e9mentaires sur le PSU ou la carte \u00e9lectronique de l&#039;imprimante). Le ventilateur ou les leds ont donc besoin d&#039;un adaptateur \u00e9lectrique d\u00e9di\u00e9. L&#039;adaptateur \u00e9lectrique avec le kit de c\u00e2blage est disponible dans notre boutique : prusabox-wiring-harness-led-temp-control\/ Ou les instructions pour le faire vous-m\u00eame sont disponibles dans la base de connaissances : electrical-components-wiring\" \/>\n<meta property=\"og:url\" content=\"https:\/\/www.printer-box.com\/produit\/led-strip-for-prusabox\/\" \/>\n<meta property=\"og:site_name\" content=\"Printer Box\" \/>\n<meta property=\"article:publisher\" content=\"https:\/\/www.facebook.com\/theprinterbox\/\" \/>\n<meta property=\"article:modified_time\" content=\"2025-10-10T11:49:33+00:00\" \/>\n<meta property=\"og:image\" content=\"https:\/\/www.printer-box.com\/wp-content\/uploads\/2021\/11\/Led-strip-prusa.jpg\" \/>\n\t<meta property=\"og:image:width\" content=\"2353\" \/>\n\t<meta property=\"og:image:height\" content=\"1323\" \/>\n\t<meta property=\"og:image:type\" content=\"image\/jpeg\" \/>\n<meta name=\"twitter:card\" content=\"summary_large_image\" \/>\n<meta name=\"twitter:label1\" content=\"Dur\u00e9e de lecture estim\u00e9e\" \/>\n\t<meta name=\"twitter:data1\" content=\"1 minute\" \/>\n<script type=\"application\/ld+json\" class=\"yoast-schema-graph\">{\"@context\":\"https:\\\/\\\/schema.org\",\"@graph\":[{\"@type\":\"WebPage\",\"@id\":\"https:\\\/\\\/www.printer-box.com\\\/produit\\\/led-strip-for-prusabox\\\/\",\"url\":\"https:\\\/\\\/www.printer-box.com\\\/produit\\\/led-strip-for-prusabox\\\/\",\"name\":\"Bande de LED pour Prusabox - Printer Box\",\"isPartOf\":{\"@id\":\"https:\\\/\\\/www.printer-box.com\\\/de\\\/#website\"},\"primaryImageOfPage\":{\"@id\":\"https:\\\/\\\/www.printer-box.com\\\/produit\\\/led-strip-for-prusabox\\\/#primaryimage\"},\"image\":{\"@id\":\"https:\\\/\\\/www.printer-box.com\\\/produit\\\/led-strip-for-prusabox\\\/#primaryimage\"},\"thumbnailUrl\":\"https:\\\/\\\/www.printer-box.com\\\/wp-content\\\/uploads\\\/2021\\\/11\\\/Led-strip-prusa.jpg\",\"datePublished\":\"2022-08-17T03:53:17+00:00\",\"dateModified\":\"2025-10-10T11:49:33+00:00\",\"breadcrumb\":{\"@id\":\"https:\\\/\\\/www.printer-box.com\\\/produit\\\/led-strip-for-prusabox\\\/#breadcrumb\"},\"inLanguage\":\"fr-FR\",\"potentialAction\":[{\"@type\":\"ReadAction\",\"target\":[\"https:\\\/\\\/www.printer-box.com\\\/produit\\\/led-strip-for-prusabox\\\/\"]}]},{\"@type\":\"ImageObject\",\"inLanguage\":\"fr-FR\",\"@id\":\"https:\\\/\\\/www.printer-box.com\\\/produit\\\/led-strip-for-prusabox\\\/#primaryimage\",\"url\":\"https:\\\/\\\/www.printer-box.com\\\/wp-content\\\/uploads\\\/2021\\\/11\\\/Led-strip-prusa.jpg\",\"contentUrl\":\"https:\\\/\\\/www.printer-box.com\\\/wp-content\\\/uploads\\\/2021\\\/11\\\/Led-strip-prusa.jpg\",\"width\":2353,\"height\":1323},{\"@type\":\"BreadcrumbList\",\"@id\":\"https:\\\/\\\/www.printer-box.com\\\/produit\\\/led-strip-for-prusabox\\\/#breadcrumb\",\"itemListElement\":[{\"@type\":\"ListItem\",\"position\":1,\"name\":\"Home\",\"item\":\"https:\\\/\\\/www.printer-box.com\\\/fr\\\/acceuil\\\/\"},{\"@type\":\"ListItem\",\"position\":2,\"name\":\"Boutique &#8211; Caisson\",\"item\":\"https:\\\/\\\/www.printer-box.com\\\/shop-enclosure\\\/\"},{\"@type\":\"ListItem\",\"position\":3,\"name\":\"Bande de LED pour Prusabox\"}]},{\"@type\":\"WebSite\",\"@id\":\"https:\\\/\\\/www.printer-box.com\\\/de\\\/#website\",\"url\":\"https:\\\/\\\/www.printer-box.com\\\/de\\\/\",\"name\":\"Printer Box\",\"description\":\"The best home for your printer\",\"potentialAction\":[{\"@type\":\"SearchAction\",\"target\":{\"@type\":\"EntryPoint\",\"urlTemplate\":\"https:\\\/\\\/www.printer-box.com\\\/de\\\/?s={search_term_string}\"},\"query-input\":{\"@type\":\"PropertyValueSpecification\",\"valueRequired\":true,\"valueName\":\"search_term_string\"}}],\"inLanguage\":\"fr-FR\"}]}<\/script>\n<!-- \/ Yoast SEO plugin. -->","yoast_head_json":{"title":"Bande de LED pour Prusabox - Printer Box","robots":{"index":"index","follow":"follow","max-snippet":"max-snippet:-1","max-image-preview":"max-image-preview:large","max-video-preview":"max-video-preview:-1"},"canonical":"https:\/\/www.printer-box.com\/produit\/led-strip-for-prusabox\/","og_locale":"fr_FR","og_type":"article","og_title":"Bande de LED pour Prusabox - Printer Box","og_description":"Bande LED de haute qualit\u00e9 sp\u00e9cialement con\u00e7ue pour PrusaBox et ModularBox. Connecteurs : Les connecteurs sur votre LED vous permettent de vous connecter facilement au faisceau de c\u00e2blage. Le faisceau de c\u00e2blage est disponible en tant que produit s\u00e9par\u00e9 ici. Les LED ne peuvent pas \u00eatre branch\u00e9es directement sur l'imprimante (les fabricants d'imprimantes, comme Prusa3d ou Caribou3d, ne recommandent pas de brancher des \u00e9quipements suppl\u00e9mentaires sur le PSU ou la carte \u00e9lectronique de l'imprimante). Le ventilateur ou les leds ont donc besoin d'un adaptateur \u00e9lectrique d\u00e9di\u00e9. L'adaptateur \u00e9lectrique avec le kit de c\u00e2blage est disponible dans notre boutique : prusabox-wiring-harness-led-temp-control\/ Ou les instructions pour le faire vous-m\u00eame sont disponibles dans la base de connaissances : electrical-components-wiring","og_url":"https:\/\/www.printer-box.com\/produit\/led-strip-for-prusabox\/","og_site_name":"Printer Box","article_publisher":"https:\/\/www.facebook.com\/theprinterbox\/","article_modified_time":"2025-10-10T11:49:33+00:00","og_image":[{"width":2353,"height":1323,"url":"https:\/\/www.printer-box.com\/wp-content\/uploads\/2021\/11\/Led-strip-prusa.jpg","type":"image\/jpeg"}],"twitter_card":"summary_large_image","twitter_misc":{"Dur\u00e9e de lecture estim\u00e9e":"1 minute"},"schema":{"@context":"https:\/\/schema.org","@graph":[{"@type":"WebPage","@id":"https:\/\/www.printer-box.com\/produit\/led-strip-for-prusabox\/","url":"https:\/\/www.printer-box.com\/produit\/led-strip-for-prusabox\/","name":"Bande de LED pour Prusabox - Printer Box","isPartOf":{"@id":"https:\/\/www.printer-box.com\/de\/#website"},"primaryImageOfPage":{"@id":"https:\/\/www.printer-box.com\/produit\/led-strip-for-prusabox\/#primaryimage"},"image":{"@id":"https:\/\/www.printer-box.com\/produit\/led-strip-for-prusabox\/#primaryimage"},"thumbnailUrl":"https:\/\/www.printer-box.com\/wp-content\/uploads\/2021\/11\/Led-strip-prusa.jpg","datePublished":"2022-08-17T03:53:17+00:00","dateModified":"2025-10-10T11:49:33+00:00","breadcrumb":{"@id":"https:\/\/www.printer-box.com\/produit\/led-strip-for-prusabox\/#breadcrumb"},"inLanguage":"fr-FR","potentialAction":[{"@type":"ReadAction","target":["https:\/\/www.printer-box.com\/produit\/led-strip-for-prusabox\/"]}]},{"@type":"ImageObject","inLanguage":"fr-FR","@id":"https:\/\/www.printer-box.com\/produit\/led-strip-for-prusabox\/#primaryimage","url":"https:\/\/www.printer-box.com\/wp-content\/uploads\/2021\/11\/Led-strip-prusa.jpg","contentUrl":"https:\/\/www.printer-box.com\/wp-content\/uploads\/2021\/11\/Led-strip-prusa.jpg","width":2353,"height":1323},{"@type":"BreadcrumbList","@id":"https:\/\/www.printer-box.com\/produit\/led-strip-for-prusabox\/#breadcrumb","itemListElement":[{"@type":"ListItem","position":1,"name":"Home","item":"https:\/\/www.printer-box.com\/fr\/acceuil\/"},{"@type":"ListItem","position":2,"name":"Boutique &#8211; Caisson","item":"https:\/\/www.printer-box.com\/shop-enclosure\/"},{"@type":"ListItem","position":3,"name":"Bande de LED pour Prusabox"}]},{"@type":"WebSite","@id":"https:\/\/www.printer-box.com\/de\/#website","url":"https:\/\/www.printer-box.com\/de\/","name":"Printer Box","description":"The best home for your printer","potentialAction":[{"@type":"SearchAction","target":{"@type":"EntryPoint","urlTemplate":"https:\/\/www.printer-box.com\/de\/?s={search_term_string}"},"query-input":{"@type":"PropertyValueSpecification","valueRequired":true,"valueName":"search_term_string"}}],"inLanguage":"fr-FR"}]}},"_links":{"self":[{"href":"https:\/\/www.printer-box.com\/fr\/wp-json\/wp\/v2\/product\/31362","targetHints":{"allow":["GET"]}}],"collection":[{"href":"https:\/\/www.printer-box.com\/fr\/wp-json\/wp\/v2\/product"}],"about":[{"href":"https:\/\/www.printer-box.com\/fr\/wp-json\/wp\/v2\/types\/product"}],"replies":[{"embeddable":true,"href":"https:\/\/www.printer-box.com\/fr\/wp-json\/wp\/v2\/comments?post=31362"}],"wp:featuredmedia":[{"embeddable":true,"href":"https:\/\/www.printer-box.com\/fr\/wp-json\/wp\/v2\/media\/28811"}],"wp:attachment":[{"href":"https:\/\/www.printer-box.com\/fr\/wp-json\/wp\/v2\/media?parent=31362"}],"wp:term":[{"taxonomy":"product_brand","embeddable":true,"href":"https:\/\/www.printer-box.com\/fr\/wp-json\/wp\/v2\/product_brand?post=31362"},{"taxonomy":"product_cat","embeddable":true,"href":"https:\/\/www.printer-box.com\/fr\/wp-json\/wp\/v2\/product_cat?post=31362"},{"taxonomy":"product_tag","embeddable":true,"href":"https:\/\/www.printer-box.com\/fr\/wp-json\/wp\/v2\/product_tag?post=31362"}],"curies":[{"name":"wp","href":"https:\/\/api.w.org\/{rel}","templated":true}]}}