{"id":40548,"date":"2024-09-18T17:10:33","date_gmt":"2024-09-18T15:10:33","guid":{"rendered":"https:\/\/www.printer-box.com\/programme-de-parrainage\/"},"modified":"2024-09-19T09:38:39","modified_gmt":"2024-09-19T07:38:39","slug":"programme-de-parrainage","status":"publish","type":"page","link":"https:\/\/www.printer-box.com\/fr\/programme-de-parrainage\/","title":{"rendered":"Programme de parrainage"},"content":{"rendered":"<p>[et_pb_section fb_built=\u00a0\u00bb1&Prime; _builder_version=\u00a0\u00bb4.16&Prime; _module_preset=\u00a0\u00bbdefault\u00a0\u00bb global_colors_info=\u00a0\u00bb{}\u00a0\u00bb][et_pb_row _builder_version=\u00a0\u00bb4.16&Prime; _module_preset=\u00a0\u00bbdefault\u00a0\u00bb global_colors_info=\u00a0\u00bb{}\u00a0\u00bb][et_pb_column type=\u00a0\u00bb4_4&Prime; _builder_version=\u00a0\u00bb4.16&Prime; _module_preset=\u00a0\u00bbdefault\u00a0\u00bb global_colors_info=\u00a0\u00bb{}\u00a0\u00bb][et_pb_text _builder_version=\u00a0\u00bb4.23.4&Prime; _module_preset=\u00a0\u00bbdefault\u00a0\u00bb text_text_color=\u00a0\u00bb#3b82bd\u00a0\u00bb text_font_size=\u00a0\u00bb18px\u00a0\u00bb header_text_align=\u00a0\u00bbcenter\u00a0\u00bb header_line_height=\u00a0\u00bb1.3em\u00a0\u00bb text_orientation=\u00a0\u00bbcenter\u00a0\u00bb global_colors_info=\u00a0\u00bb{}\u00a0\u00bb]<\/p>\n<h1>Programme de parrainage<\/h1>\n<p>[\/et_pb_text][et_pb_text disabled_on=\u00a0\u00bboff|off|off\u00a0\u00bb _builder_version=\u00a0\u00bb4.23.4&Prime; _module_preset=\u00a0\u00bbdefault\u00a0\u00bb text_font=\u00a0\u00bb||on||||||\u00a0\u00bb text_text_color=\u00a0\u00bb#ED6B21&Prime; text_font_size=\u00a0\u00bb21px\u00a0\u00bb text_letter_spacing=\u00a0\u00bb2px\u00a0\u00bb text_line_height=\u00a0\u00bb1.8em\u00a0\u00bb header_text_align=\u00a0\u00bbcenter\u00a0\u00bb header_text_color=\u00a0\u00bb#ED6B21&Prime; header_line_height=\u00a0\u00bb1.3em\u00a0\u00bb text_orientation=\u00a0\u00bbcenter\u00a0\u00bb custom_margin=\u00a0\u00bb||||false|false\u00a0\u00bb custom_padding=\u00a0\u00bb26px||||false|false\u00a0\u00bb global_colors_info=\u00a0\u00bb{}\u00a0\u00bb]<\/p>\n<p>Offrez une r\u00e9duction de 10 % \u00e0 votre ami et obtenez la m\u00eame r\u00e9compense !<\/p>\n<p>[\/et_pb_text][\/et_pb_column][\/et_pb_row][et_pb_row column_structure=\u00a0\u00bb1_2,1_2&Prime; use_custom_gutter=\u00a0\u00bbon\u00a0\u00bb make_equal=\u00a0\u00bbon\u00a0\u00bb disabled_on=\u00a0\u00bboff|off|off\u00a0\u00bb _builder_version=\u00a0\u00bb4.23.4&Prime; _module_preset=\u00a0\u00bba932efe9-1249-40a1-8789-1054140289b3&Prime; background_enable_color=\u00a0\u00bboff\u00a0\u00bb global_colors_info=\u00a0\u00bb{}\u00a0\u00bb][et_pb_column type=\u00a0\u00bb1_2&Prime; _builder_version=\u00a0\u00bb4.16&Prime; _module_preset=\u00a0\u00bbdefault\u00a0\u00bb global_colors_info=\u00a0\u00bb{}\u00a0\u00bb][et_pb_text _builder_version=\u00a0\u00bb4.23.4&Prime; _module_preset=\u00a0\u00bbdefault\u00a0\u00bb text_font=\u00a0\u00bb||||||||\u00a0\u00bb text_text_color=\u00a0\u00bb#3b82bd\u00a0\u00bb text_font_size=\u00a0\u00bb19px\u00a0\u00bb header_2_line_height=\u00a0\u00bb1.6em\u00a0\u00bb header_3_text_align=\u00a0\u00bbcenter\u00a0\u00bb header_3_text_color=\u00a0\u00bb#ED6B21&Prime; header_3_line_height=\u00a0\u00bb1.3em\u00a0\u00bb background_color=\u00a0\u00bb#ededed\u00a0\u00bb text_orientation=\u00a0\u00bbcenter\u00a0\u00bb min_height=\u00a0\u00bb180px\u00a0\u00bb custom_margin=\u00a0\u00bb4px||||false|false\u00a0\u00bb custom_padding=\u00a0\u00bb11px||11px||false|false\u00a0\u00bb hover_enabled=\u00a0\u00bb0&Prime; global_colors_info=\u00a0\u00bb{}\u00a0\u00bb sticky_enabled=\u00a0\u00bb0&Prime;]<\/p>\n<h2>Vous \u00eates le parrain<\/h2>\n<ul>\n<li style=\"text-align: left;\"><span style=\"color: #000000;\">Vous devez vous connecter \u00e0 votre compte, puis vous pouvez copier et partager le lien suivant.<\/span><\/li>\n<li style=\"text-align: left;\"><span style=\"color: #000000;\">Si le filleul cr\u00e9e un compte, il b\u00e9n\u00e9ficiera d&rsquo;une r\u00e9duction de 10%.<\/span><\/li>\n<li style=\"text-align: left;\"><span style=\"color: #000000;\">Lorsqu&rsquo;il passe une commande, vous recevez un bon de r\u00e9duction de 10 %.<\/span><\/li>\n<li style=\"text-align: left;\"><span style=\"color: #000000;\">Vous pouvez le trouver dans Mon compte&gt;Referrals<\/span><span style=\"color: #000000;\"><\/span><\/li>\n<\/ul>\n<p>[\/et_pb_text][\/et_pb_column][et_pb_column type=\u00a0\u00bb1_2&Prime; _builder_version=\u00a0\u00bb4.20.2&Prime; _module_preset=\u00a0\u00bbdefault\u00a0\u00bb global_colors_info=\u00a0\u00bb{}\u00a0\u00bb][et_pb_text _builder_version=\u00a0\u00bb4.23.4&Prime; _module_preset=\u00a0\u00bbdefault\u00a0\u00bb text_font=\u00a0\u00bb||||||||\u00a0\u00bb text_text_color=\u00a0\u00bb#3b82bd\u00a0\u00bb text_font_size=\u00a0\u00bb19px\u00a0\u00bb header_2_line_height=\u00a0\u00bb1.6em\u00a0\u00bb header_3_text_align=\u00a0\u00bbcenter\u00a0\u00bb header_3_text_color=\u00a0\u00bb#ED6B21&Prime; header_3_line_height=\u00a0\u00bb1.3em\u00a0\u00bb background_color=\u00a0\u00bb#ededed\u00a0\u00bb text_orientation=\u00a0\u00bbcenter\u00a0\u00bb min_height=\u00a0\u00bb180px\u00a0\u00bb custom_margin=\u00a0\u00bb4px||||false|false\u00a0\u00bb custom_padding=\u00a0\u00bb11px||11px||false|false\u00a0\u00bb hover_enabled=\u00a0\u00bb0&Prime; global_colors_info=\u00a0\u00bb{}\u00a0\u00bb sticky_enabled=\u00a0\u00bb0&Prime;]<\/p>\n<h2>Vous \u00eates parrain\u00e9<\/h2>\n<ul>\n<li style=\"text-align: left;\"><span style=\"color: #000000;\">En utilisant le lien donn\u00e9 par votre ami, vous devez cr\u00e9er un compte sur notre site web.<\/span><\/li>\n<li style=\"text-align: left;\"><span style=\"color: #000000;\">Vous recevrez automatiquement un coupon de 10%. Vous pouvez le trouver dans Mon compte&gt;Referrals<\/span><\/li>\n<li style=\"text-align: left;\"><span style=\"color: #000000;\">Utilisez-le dans le champ \u00ab\u00a0coupon\u00a0\u00bb de la page du panier.<\/span><\/li>\n<\/ul>\n<p>[\/et_pb_text][\/et_pb_column][\/et_pb_row][et_pb_row _builder_version=\u00a0\u00bb4.16&Prime; _module_preset=\u00a0\u00bbdefault\u00a0\u00bb custom_padding=\u00a0\u00bb||12px|||\u00a0\u00bb global_colors_info=\u00a0\u00bb{}\u00a0\u00bb][et_pb_column type=\u00a0\u00bb4_4&Prime; _builder_version=\u00a0\u00bb4.16&Prime; _module_preset=\u00a0\u00bbdefault\u00a0\u00bb global_colors_info=\u00a0\u00bb{}\u00a0\u00bb][et_pb_button button_url=\u00a0\u00bbhttps:\/\/www.printer-box.com\/mon-compte\/\u00a0\u00bb button_text=\u00a0\u00bbAller sur mon compte\u00a0\u00bb button_alignment=\u00a0\u00bbcenter\u00a0\u00bb _builder_version=\u00a0\u00bb4.23.4&Prime; _module_preset=\u00a0\u00bbdefault\u00a0\u00bb custom_margin=\u00a0\u00bb28px||5px||false|false\u00a0\u00bb global_colors_info=\u00a0\u00bb{}\u00a0\u00bb][\/et_pb_button][\/et_pb_column][\/et_pb_row][et_pb_row _builder_version=\u00a0\u00bb4.23.4&Prime; _module_preset=\u00a0\u00bbdefault\u00a0\u00bb global_colors_info=\u00a0\u00bb{}\u00a0\u00bb][et_pb_column type=\u00a0\u00bb4_4&Prime; _builder_version=\u00a0\u00bb4.23.4&Prime; _module_preset=\u00a0\u00bbdefault\u00a0\u00bb global_colors_info=\u00a0\u00bb{}\u00a0\u00bb][et_pb_text _builder_version=\u00a0\u00bb4.23.4&Prime; _module_preset=\u00a0\u00bbdefault\u00a0\u00bb global_colors_info=\u00a0\u00bb{}\u00a0\u00bb]<\/p>\n<p>Vous verrez le lien si vous \u00eates connect\u00e9 !<\/p>\n<p>[\/et_pb_text][\/et_pb_column][\/et_pb_row][et_pb_row disabled_on=\u00a0\u00bboff|off|off\u00a0\u00bb _builder_version=\u00a0\u00bb4.23.4&Prime; _module_preset=\u00a0\u00bbdefault\u00a0\u00bb custom_padding=\u00a0\u00bb27px|||||\u00a0\u00bb global_colors_info=\u00a0\u00bb{}\u00a0\u00bb][et_pb_column type=\u00a0\u00bb4_4&Prime; _builder_version=\u00a0\u00bb4.18.0&Prime; _module_preset=\u00a0\u00bbdefault\u00a0\u00bb global_colors_info=\u00a0\u00bb{}\u00a0\u00bb][et_pb_text disabled_on=\u00a0\u00bboff|off|off\u00a0\u00bb _builder_version=\u00a0\u00bb4.23.4&Prime; _module_preset=\u00a0\u00bbdefault\u00a0\u00bb text_font=\u00a0\u00bb||on||||||\u00a0\u00bb text_text_color=\u00a0\u00bb#ff8a23&Prime; text_font_size=\u00a0\u00bb21px\u00a0\u00bb header_2_line_height=\u00a0\u00bb1.6em\u00a0\u00bb header_3_text_align=\u00a0\u00bbcenter\u00a0\u00bb header_3_text_color=\u00a0\u00bb#ED6B21&Prime; header_3_line_height=\u00a0\u00bb1.3em\u00a0\u00bb background_color=\u00a0\u00bb#ededed\u00a0\u00bb text_orientation=\u00a0\u00bbcenter\u00a0\u00bb custom_margin=\u00a0\u00bb4px||||false|false\u00a0\u00bb custom_padding=\u00a0\u00bb15px||17px||false|false\u00a0\u00bb global_colors_info=\u00a0\u00bb{}\u00a0\u00bb]<\/p>\n<div class=\"mwb-crp-referral-wrapper-wrap\" id=\"\"><div class=\"mwb-crp-referral-wrapper-wrap\" id=\"\"><div class=\"mwb_crp_referal_section_wrap\">\n\t\t\t<fieldset class=\"mwb_crp_referal_section\">\n\t\t\t<p class=\"mwb_cpr_heading\">Refer your friends and you\u2019ll earn discounts on their purchases<\/p><span class=\"mwb_crp_referral_link\">Referral Link: <\/span>\n                <div class=\"mwb_cpr_logged_wrapper\">\n                    <div class=\"mwb_cpr_refrral_code_copy\">\n                        <p id=\"mwb_cpr_copy_link\">\n                            <code id=\"mwb_cpr_copyy_link\"><\/code>\n                            <span class=\"mwb_cpr_copy_btn_wrap\">\n                                <button class=\"mwb_cpr_btn_copy mwb_tooltip\" data-clipboard-target=\"#mwb_cpr_copyy_link\" aria-label=\"copied\">\n                                <span class=\"mwb_tooltiptext\">Copy<\/span>\n                                <span class=\"mwb_tooltiptext_copied mwb_tooltiptext\">Copied<\/span>\n                                <img decoding=\"async\" src=\"https:\/\/www.printer-box.com\/wp-content\/plugins\/coupon-referral-program\/admin\/images\/copy.png\" alt=\"copy icon\">\n                                <\/button>\n                            <\/span>\n                        <\/p>\n                    <\/div>\n                    <div class=\"clear\">\n                    <\/div>\n\t\t\t\t\t<small>You can send this referral link to your friend<\/small><\/div> <a class=\"fb-share-button mwb_crp_common_class\" href=\"https:\/\/www.facebook.com\/sharer\/sharer.php?u=https:\/\/www.printer-box.com?ref=\" target=\"_blank\"><img src =\"https:\/\/www.printer-box.com\/wp-content\/plugins\/coupon-referral-program\/public\/images\/facebook-icon.png\" alt=\"whatsapp icon\"><\/a><a class=\"twitter-share-button mwb_crp_btn mwb_crp_common_class\" href=\"https:\/\/twitter.com\/intent\/tweet?text=https:\/\/www.printer-box.com?ref=\" target=\"_blank\"><img src =\"https:\/\/www.printer-box.com\/wp-content\/plugins\/coupon-referral-program\/\/public\/images\/twitter.png\" alt=\"twitter icon\"><\/a><a target=\"_blank\" href=https:\/\/web.whatsapp.com\/send?text=https:\/\/www.printer-box.com?ref= class=\"mwb_crp_common_class mwb_crp_whatsapp_button\"><img src =\"https:\/\/www.printer-box.com\/wp-content\/plugins\/coupon-referral-program\/public\/images\/watsap.png\" alt=\"whatsapp icon\"><\/a><script>(function(d, s, id) {\n        var js, fjs = d.getElementsByTagName(s)[0];\n        if (d.getElementById(id)) return;\n        js = d.createElement(s); js.id = id;\n        js.src = \"\/\/connect.facebook.net\/en_GB\/sdk.js#xfbml=1&version=v2.9\";\n        fjs.parentNode.insertBefore(js, fjs);\n        }(document, \"script\", \"facebook-jssdk\"));<\/script><div class=\"mwb_crp_email_wrap\">\n            <p id=\"mwb_crp_notice\"><\/p>\n            <input type=\"email\" name=\"mwb_crp_email_id\" id=\"mwb_crp_email_id\" placeholder=\"Enter Email Id..\" \/>\n            <button id=\"mwb_crp_email_send\" class=\"button alt\">Send<\/button>\n        <\/div><\/fieldset><\/div><style type=\"text\/css\"><\/style><div class=\"mwb-crp-referral-wrapper\">\n\t<div class=\"mwb-crp-referral-column\">\n\t\t<div class=\"mwb-crp-referral-column-inner\">\n\t\t\t<div class=\"mwb-crp-referral-icon\">&euro;<\/div>\n\t\t\t<span>Total Utilization<\/span>\n\t\t\t<h4><span class=\"woocommerce-Price-amount amount\">0,00&nbsp;<span class=\"woocommerce-Price-currencySymbol\">&euro;<\/span><\/span><\/h4>\n\t\t<\/div>\t\n\t<\/div>\n\t<div class=\"mwb-crp-referral-column\">\n\t\t<div class=\"mwb-crp-referral-column-inner\">\n\t\t\t<div class=\"mwb-crp-referral-icon\"><i class=\"fas fa-users\"><\/i><\/div>\n\t\t\t<span>Total Referred Users<\/span>\n\t\t\t<h4>0<\/h4>\n\t\t<\/div>\t\n\t<\/div>\n\t<div class=\"mwb-crp-referral-column\">\n\t\t<div class=\"mwb-crp-referral-column-inner\">\n\t\t<div class=\"mwb-crp-referral-icon\"><i class=\"fas fa-credit-card\"><\/i><\/div>\n\t\t\t<span>Total Coupons<\/span>\n\t\t\t<h4>0<\/h4>\n\t\t<\/div>\t\n\t<\/div>\n<\/div>\n<div class=\"mwb-crp-referral-table-wrapper\">\n\t<table id=\"mwb-crp-referral-table\" class=\"mwb-crp-referral-table\">\n\t\t<thead >\n\t\t\t<tr >\n\t\t\t\t<th class=\"mwb_crp_reporting_heading\">Coupon <\/th>\n\t\t\t\t<th class=\"mwb_crp_reporting_heading\">Coupon Created<\/th>\n\t\t\t\t<th class=\"mwb_crp_reporting_heading\">Expiry Date<\/th>\n\t\t\t\t<th class=\"mwb_crp_reporting_heading\">Event<\/th>\n\t\t\t\t<th class=\"mwb_crp_reporting_heading\">Referred Users<\/th>\n\t\t\t\t<th class=\"mwb_crp_reporting_heading\">Usage Count<\/th>\n\t\t\t<\/tr>\n\t\t<\/thead>\n\t\t<tbody><\/tbody>\n\t<\/table>\n<\/div><\/div><\/div>\n<p>[\/et_pb_text][\/et_pb_column][\/et_pb_row][et_pb_row _builder_version=\u00a0\u00bb4.16&Prime; _module_preset=\u00a0\u00bbdefault\u00a0\u00bb custom_padding=\u00a0\u00bb46px||14px|||\u00a0\u00bb global_colors_info=\u00a0\u00bb{}\u00a0\u00bb][et_pb_column type=\u00a0\u00bb4_4&Prime; _builder_version=\u00a0\u00bb4.16&Prime; _module_preset=\u00a0\u00bbdefault\u00a0\u00bb global_colors_info=\u00a0\u00bb{}\u00a0\u00bb][et_pb_text _builder_version=\u00a0\u00bb4.23.4&Prime; _module_preset=\u00a0\u00bbdefault\u00a0\u00bb hover_enabled=\u00a0\u00bb0&Prime; global_colors_info=\u00a0\u00bb{}\u00a0\u00bb sticky_enabled=\u00a0\u00bb0&Prime;]<\/p>\n<h2>Conditions :<\/h2>\n<p>&#8211; Les remises sont valables pour un panier \u00e0 partir de 100\u20ac HT.<\/p>\n<p>&#8211; Le code de r\u00e9duction pour les personnes r\u00e9f\u00e9renc\u00e9es est valable 90 jours<\/p>\n<p>[\/et_pb_text][\/et_pb_column][\/et_pb_row][et_pb_row column_structure=\u00a0\u00bb1_6,1_6,1_6,1_2&Prime; _builder_version=\u00a0\u00bb4.16&Prime; _module_preset=\u00a0\u00bbdefault\u00a0\u00bb custom_margin=\u00a0\u00bb27px|auto||auto||\u00a0\u00bb global_colors_info=\u00a0\u00bb{}\u00a0\u00bb][et_pb_column type=\u00a0\u00bb1_6&Prime; _builder_version=\u00a0\u00bb4.16&Prime; _module_preset=\u00a0\u00bbdefault\u00a0\u00bb global_colors_info=\u00a0\u00bb{}\u00a0\u00bb][et_pb_image src=\u00a0\u00bbhttps:\/\/www.printer-box.com\/wp-content\/uploads\/2022\/07\/Avatar-Chloe.png\u00a0\u00bb title_text=\u00a0\u00bbAvatar Chlo\u00e9\u00a0\u00bb _builder_version=\u00a0\u00bb4.23.4&Prime; _module_preset=\u00a0\u00bbdefault\u00a0\u00bb global_colors_info=\u00a0\u00bb{}\u00a0\u00bb][\/et_pb_image][\/et_pb_column][et_pb_column type=\u00a0\u00bb1_6&Prime; _builder_version=\u00a0\u00bb4.16&Prime; _module_preset=\u00a0\u00bbdefault\u00a0\u00bb global_colors_info=\u00a0\u00bb{}\u00a0\u00bb][et_pb_image src=\u00a0\u00bbhttps:\/\/www.printer-box.com\/wp-content\/uploads\/2020\/09\/WhatsApp-Image-2020-09-28-at-11.15.40.jpeg\u00a0\u00bb title_text=\u00a0\u00bbWhatsApp Image 2020-09-28 at 11.15.40&Prime; _builder_version=\u00a0\u00bb4.16&Prime; _module_preset=\u00a0\u00bbdefault\u00a0\u00bb global_colors_info=\u00a0\u00bb{}\u00a0\u00bb][\/et_pb_image][\/et_pb_column][et_pb_column type=\u00a0\u00bb1_6&Prime; _builder_version=\u00a0\u00bb4.16&Prime; _module_preset=\u00a0\u00bbdefault\u00a0\u00bb global_colors_info=\u00a0\u00bb{}\u00a0\u00bb][et_pb_image src=\u00a0\u00bbhttps:\/\/www.printer-box.com\/wp-content\/uploads\/2020\/09\/WhatsApp-Image-2020-09-28-at-11.16.57.jpeg\u00a0\u00bb title_text=\u00a0\u00bbWhatsApp Image 2020-09-28 at 11.16.57&Prime; _builder_version=\u00a0\u00bb4.16&Prime; _module_preset=\u00a0\u00bbdefault\u00a0\u00bb global_colors_info=\u00a0\u00bb{}\u00a0\u00bb][\/et_pb_image][\/et_pb_column][et_pb_column type=\u00a0\u00bb1_2&Prime; _builder_version=\u00a0\u00bb4.16&Prime; _module_preset=\u00a0\u00bbdefault\u00a0\u00bb global_colors_info=\u00a0\u00bb{}\u00a0\u00bb][et_pb_cta title=\u00a0\u00bbN&#039;h\u00e9sitez pas \u00e0 nous contacter si vous avez des questions :\u00a0\u00bb button_url=\u00a0\u00bbhttps:\/\/www.printer-box.com\/fr\/contact-us\/\u00a0\u00bb button_text=\u00a0\u00bbCliquez ici\u00a0\u00bb _builder_version=\u00a0\u00bb4.18.0&Prime; _module_preset=\u00a0\u00bbdefault\u00a0\u00bb header_line_height=\u00a0\u00bb1.3em\u00a0\u00bb background_color=\u00a0\u00bbgcid-71bc458c-46b8-43df-a8c5-46ac4bae94ec\u00a0\u00bb global_colors_info=\u00a0\u00bb{%22gcid-71bc458c-46b8-43df-a8c5-46ac4bae94ec%22:%91%22background_color%22%93}\u00a0\u00bb][\/et_pb_cta][\/et_pb_column][\/et_pb_row][\/et_pb_section]<\/p>\n<span class=\"et_bloom_bottom_trigger\"><\/span>","protected":false},"excerpt":{"rendered":"<p>Programme de parrainageOffrez une r\u00e9duction de 10 % \u00e0 votre ami et obtenez la m\u00eame r\u00e9compense !Vous \u00eates le parrain Vous devez vous connecter \u00e0 votre compte, puis vous pouvez copier et partager le lien suivant. Si le filleul cr\u00e9e un compte, il b\u00e9n\u00e9ficiera d&rsquo;une r\u00e9duction de 10%. Lorsqu&rsquo;il passe une commande, vous recevez un [&hellip;]<\/p>\n","protected":false},"author":1227,"featured_media":0,"parent":0,"menu_order":0,"comment_status":"closed","ping_status":"closed","template":"","meta":{"_et_pb_use_builder":"on","_et_pb_old_content":"","_et_gb_content_width":"","footnotes":""},"class_list":["post-40548","page","type-page","status-publish","hentry"],"yoast_head":"<!-- This site is optimized with the Yoast SEO plugin v27.4 - https:\/\/yoast.com\/product\/yoast-seo-wordpress\/ -->\n<title>Programme de parrainage - Printer Box<\/title>\n<meta name=\"robots\" content=\"index, follow, max-snippet:-1, max-image-preview:large, max-video-preview:-1\" \/>\n<link rel=\"canonical\" href=\"https:\/\/www.printer-box.com\/fr\/programme-de-parrainage\/\" \/>\n<meta property=\"og:locale\" content=\"fr_FR\" \/>\n<meta property=\"og:type\" content=\"article\" \/>\n<meta property=\"og:title\" content=\"Programme de parrainage - Printer Box\" \/>\n<meta property=\"og:description\" content=\"Programme de parrainageOffrez une r\u00e9duction de 10 % \u00e0 votre ami et obtenez la m\u00eame r\u00e9compense !Vous \u00eates le parrain Vous devez vous connecter \u00e0 votre compte, puis vous pouvez copier et partager le lien suivant. Si le filleul cr\u00e9e un compte, il b\u00e9n\u00e9ficiera d&#039;une r\u00e9duction de 10%. Lorsqu&#039;il passe une commande, vous recevez un [&hellip;]\" \/>\n<meta property=\"og:url\" content=\"https:\/\/www.printer-box.com\/fr\/programme-de-parrainage\/\" \/>\n<meta property=\"og:site_name\" content=\"Printer Box\" \/>\n<meta property=\"article:publisher\" content=\"https:\/\/www.facebook.com\/theprinterbox\/\" \/>\n<meta property=\"article:modified_time\" content=\"2024-09-19T07:38:39+00:00\" \/>\n<meta name=\"twitter:card\" content=\"summary_large_image\" \/>\n<meta name=\"twitter:label1\" content=\"Dur\u00e9e de lecture estim\u00e9e\" \/>\n\t<meta name=\"twitter:data1\" content=\"5 minutes\" \/>\n<script type=\"application\/ld+json\" class=\"yoast-schema-graph\">{\"@context\":\"https:\\\/\\\/schema.org\",\"@graph\":[{\"@type\":\"WebPage\",\"@id\":\"https:\\\/\\\/www.printer-box.com\\\/fr\\\/programme-de-parrainage\\\/\",\"url\":\"https:\\\/\\\/www.printer-box.com\\\/fr\\\/programme-de-parrainage\\\/\",\"name\":\"Programme de parrainage - Printer Box\",\"isPartOf\":{\"@id\":\"https:\\\/\\\/www.printer-box.com\\\/de\\\/#website\"},\"datePublished\":\"2024-09-18T15:10:33+00:00\",\"dateModified\":\"2024-09-19T07:38:39+00:00\",\"breadcrumb\":{\"@id\":\"https:\\\/\\\/www.printer-box.com\\\/fr\\\/programme-de-parrainage\\\/#breadcrumb\"},\"inLanguage\":\"fr-FR\",\"potentialAction\":[{\"@type\":\"ReadAction\",\"target\":[\"https:\\\/\\\/www.printer-box.com\\\/fr\\\/programme-de-parrainage\\\/\"]}]},{\"@type\":\"BreadcrumbList\",\"@id\":\"https:\\\/\\\/www.printer-box.com\\\/fr\\\/programme-de-parrainage\\\/#breadcrumb\",\"itemListElement\":[{\"@type\":\"ListItem\",\"position\":1,\"name\":\"Home\",\"item\":\"https:\\\/\\\/www.printer-box.com\\\/fr\\\/acceuil\\\/\"},{\"@type\":\"ListItem\",\"position\":2,\"name\":\"Programme de parrainage\"}]},{\"@type\":\"WebSite\",\"@id\":\"https:\\\/\\\/www.printer-box.com\\\/de\\\/#website\",\"url\":\"https:\\\/\\\/www.printer-box.com\\\/de\\\/\",\"name\":\"Printer Box\",\"description\":\"The best home for your printer\",\"potentialAction\":[{\"@type\":\"SearchAction\",\"target\":{\"@type\":\"EntryPoint\",\"urlTemplate\":\"https:\\\/\\\/www.printer-box.com\\\/de\\\/?s={search_term_string}\"},\"query-input\":{\"@type\":\"PropertyValueSpecification\",\"valueRequired\":true,\"valueName\":\"search_term_string\"}}],\"inLanguage\":\"fr-FR\"}]}<\/script>\n<!-- \/ Yoast SEO plugin. -->","yoast_head_json":{"title":"Programme de parrainage - Printer Box","robots":{"index":"index","follow":"follow","max-snippet":"max-snippet:-1","max-image-preview":"max-image-preview:large","max-video-preview":"max-video-preview:-1"},"canonical":"https:\/\/www.printer-box.com\/fr\/programme-de-parrainage\/","og_locale":"fr_FR","og_type":"article","og_title":"Programme de parrainage - Printer Box","og_description":"Programme de parrainageOffrez une r\u00e9duction de 10 % \u00e0 votre ami et obtenez la m\u00eame r\u00e9compense !Vous \u00eates le parrain Vous devez vous connecter \u00e0 votre compte, puis vous pouvez copier et partager le lien suivant. Si le filleul cr\u00e9e un compte, il b\u00e9n\u00e9ficiera d'une r\u00e9duction de 10%. Lorsqu'il passe une commande, vous recevez un [&hellip;]","og_url":"https:\/\/www.printer-box.com\/fr\/programme-de-parrainage\/","og_site_name":"Printer Box","article_publisher":"https:\/\/www.facebook.com\/theprinterbox\/","article_modified_time":"2024-09-19T07:38:39+00:00","twitter_card":"summary_large_image","twitter_misc":{"Dur\u00e9e de lecture estim\u00e9e":"5 minutes"},"schema":{"@context":"https:\/\/schema.org","@graph":[{"@type":"WebPage","@id":"https:\/\/www.printer-box.com\/fr\/programme-de-parrainage\/","url":"https:\/\/www.printer-box.com\/fr\/programme-de-parrainage\/","name":"Programme de parrainage - Printer Box","isPartOf":{"@id":"https:\/\/www.printer-box.com\/de\/#website"},"datePublished":"2024-09-18T15:10:33+00:00","dateModified":"2024-09-19T07:38:39+00:00","breadcrumb":{"@id":"https:\/\/www.printer-box.com\/fr\/programme-de-parrainage\/#breadcrumb"},"inLanguage":"fr-FR","potentialAction":[{"@type":"ReadAction","target":["https:\/\/www.printer-box.com\/fr\/programme-de-parrainage\/"]}]},{"@type":"BreadcrumbList","@id":"https:\/\/www.printer-box.com\/fr\/programme-de-parrainage\/#breadcrumb","itemListElement":[{"@type":"ListItem","position":1,"name":"Home","item":"https:\/\/www.printer-box.com\/fr\/acceuil\/"},{"@type":"ListItem","position":2,"name":"Programme de parrainage"}]},{"@type":"WebSite","@id":"https:\/\/www.printer-box.com\/de\/#website","url":"https:\/\/www.printer-box.com\/de\/","name":"Printer Box","description":"The best home for your printer","potentialAction":[{"@type":"SearchAction","target":{"@type":"EntryPoint","urlTemplate":"https:\/\/www.printer-box.com\/de\/?s={search_term_string}"},"query-input":{"@type":"PropertyValueSpecification","valueRequired":true,"valueName":"search_term_string"}}],"inLanguage":"fr-FR"}]}},"_links":{"self":[{"href":"https:\/\/www.printer-box.com\/fr\/wp-json\/wp\/v2\/pages\/40548","targetHints":{"allow":["GET"]}}],"collection":[{"href":"https:\/\/www.printer-box.com\/fr\/wp-json\/wp\/v2\/pages"}],"about":[{"href":"https:\/\/www.printer-box.com\/fr\/wp-json\/wp\/v2\/types\/page"}],"author":[{"embeddable":true,"href":"https:\/\/www.printer-box.com\/fr\/wp-json\/wp\/v2\/users\/1227"}],"replies":[{"embeddable":true,"href":"https:\/\/www.printer-box.com\/fr\/wp-json\/wp\/v2\/comments?post=40548"}],"version-history":[{"count":4,"href":"https:\/\/www.printer-box.com\/fr\/wp-json\/wp\/v2\/pages\/40548\/revisions"}],"predecessor-version":[{"id":40559,"href":"https:\/\/www.printer-box.com\/fr\/wp-json\/wp\/v2\/pages\/40548\/revisions\/40559"}],"wp:attachment":[{"href":"https:\/\/www.printer-box.com\/fr\/wp-json\/wp\/v2\/media?parent=40548"}],"curies":[{"name":"wp","href":"https:\/\/api.w.org\/{rel}","templated":true}]}}