{"id":37408,"date":"2023-06-26T06:56:47","date_gmt":"2023-06-26T05:02:14","guid":{"rendered":"https:\/\/www.printer-box.com\/product\/magnet-8x3mm-satz-mit-4-stueck\/"},"modified":"2023-06-26T07:02:14","modified_gmt":"2023-06-26T05:02:14","slug":"magnet-8x3mm-set-of-4pcs","status":"publish","type":"product","link":"https:\/\/www.printer-box.com\/de\/produkt\/magnet-8x3mm-set-of-4pcs\/","title":{"rendered":"Magnet 8x3mm (Satz mit 4 St\u00fcck)"},"content":{"rendered":"<span class=\"et_bloom_bottom_trigger\"><\/span>","protected":false},"excerpt":{"rendered":"<p>Magnet-Spezifikationen :<\/p>\n<ul>\n<li>Material : Neodym<\/li>\n<li>Gr\u00f6\u00dfe: Durchmesser 8 mm \/ Dicke 3 mm<\/li>\n<li>Menge: 4St\u00fcck<\/li>\n<\/ul>\n","protected":false},"featured_media":37405,"comment_status":"open","ping_status":"closed","template":"","meta":{"_et_pb_use_builder":"","_et_pb_old_content":"","_et_gb_content_width":""},"product_brand":[],"product_cat":[96,50],"product_tag":[],"class_list":{"0":"post-37408","1":"product","2":"type-product","3":"status-publish","4":"has-post-thumbnail","6":"product_cat-enclosure-de","7":"product_cat-kasten-ersatzteile","9":"first","10":"outofstock","11":"taxable","12":"shipping-taxable","13":"purchasable","14":"product-type-simple"},"composite_virtual":false,"composite_layout":"","composite_add_to_cart_form_location":"","composite_editable_in_cart":false,"composite_sold_individually_context":"","composite_shop_price_calc":"","composite_components":[],"composite_scenarios":[],"exclude_global_add_ons":[],"addons":[],"yoast_head":"<!-- This site is optimized with the Yoast SEO plugin v27.5 - https:\/\/yoast.com\/product\/yoast-seo-wordpress\/ -->\n<title>Magnet 8x3mm (Satz mit 4 St\u00fcck) - Printer Box<\/title>\n<meta name=\"robots\" content=\"index, follow, max-snippet:-1, max-image-preview:large, max-video-preview:-1\" \/>\n<link rel=\"canonical\" href=\"https:\/\/www.printer-box.com\/produkt\/magnet-8x3mm-set-of-4pcs\/\" \/>\n<meta property=\"og:locale\" content=\"de_DE\" \/>\n<meta property=\"og:type\" content=\"article\" \/>\n<meta property=\"og:title\" content=\"Magnet 8x3mm (Satz mit 4 St\u00fcck) - Printer Box\" \/>\n<meta property=\"og:description\" content=\"Magnet-Spezifikationen :  Material : Neodym  Gr\u00f6\u00dfe: Durchmesser 8 mm \/ Dicke 3 mm  Menge: 4St\u00fcck\" \/>\n<meta property=\"og:url\" content=\"https:\/\/www.printer-box.com\/produkt\/magnet-8x3mm-set-of-4pcs\/\" \/>\n<meta property=\"og:site_name\" content=\"Printer Box\" \/>\n<meta property=\"article:publisher\" content=\"https:\/\/www.facebook.com\/theprinterbox\/\" \/>\n<meta property=\"og:image\" content=\"https:\/\/www.printer-box.com\/wp-content\/uploads\/2023\/06\/547667621_max.jpg\" \/>\n\t<meta property=\"og:image:width\" content=\"1556\" \/>\n\t<meta property=\"og:image:height\" content=\"1279\" \/>\n\t<meta property=\"og:image:type\" content=\"image\/jpeg\" \/>\n<meta name=\"twitter:card\" content=\"summary_large_image\" \/>\n<script type=\"application\/ld+json\" class=\"yoast-schema-graph\">{\"@context\":\"https:\\\/\\\/schema.org\",\"@graph\":[{\"@type\":\"WebPage\",\"@id\":\"https:\\\/\\\/www.printer-box.com\\\/produkt\\\/magnet-8x3mm-set-of-4pcs\\\/\",\"url\":\"https:\\\/\\\/www.printer-box.com\\\/produkt\\\/magnet-8x3mm-set-of-4pcs\\\/\",\"name\":\"Magnet 8x3mm (Satz mit 4 St\u00fcck) - Printer Box\",\"isPartOf\":{\"@id\":\"https:\\\/\\\/www.printer-box.com\\\/de\\\/#website\"},\"primaryImageOfPage\":{\"@id\":\"https:\\\/\\\/www.printer-box.com\\\/produkt\\\/magnet-8x3mm-set-of-4pcs\\\/#primaryimage\"},\"image\":{\"@id\":\"https:\\\/\\\/www.printer-box.com\\\/produkt\\\/magnet-8x3mm-set-of-4pcs\\\/#primaryimage\"},\"thumbnailUrl\":\"https:\\\/\\\/www.printer-box.com\\\/wp-content\\\/uploads\\\/2023\\\/06\\\/547667621_max.jpg\",\"datePublished\":\"2023-06-26T05:02:14+00:00\",\"breadcrumb\":{\"@id\":\"https:\\\/\\\/www.printer-box.com\\\/produkt\\\/magnet-8x3mm-set-of-4pcs\\\/#breadcrumb\"},\"inLanguage\":\"de\",\"potentialAction\":[{\"@type\":\"ReadAction\",\"target\":[\"https:\\\/\\\/www.printer-box.com\\\/produkt\\\/magnet-8x3mm-set-of-4pcs\\\/\"]}]},{\"@type\":\"ImageObject\",\"inLanguage\":\"de\",\"@id\":\"https:\\\/\\\/www.printer-box.com\\\/produkt\\\/magnet-8x3mm-set-of-4pcs\\\/#primaryimage\",\"url\":\"https:\\\/\\\/www.printer-box.com\\\/wp-content\\\/uploads\\\/2023\\\/06\\\/547667621_max.jpg\",\"contentUrl\":\"https:\\\/\\\/www.printer-box.com\\\/wp-content\\\/uploads\\\/2023\\\/06\\\/547667621_max.jpg\",\"width\":1556,\"height\":1279},{\"@type\":\"BreadcrumbList\",\"@id\":\"https:\\\/\\\/www.printer-box.com\\\/produkt\\\/magnet-8x3mm-set-of-4pcs\\\/#breadcrumb\",\"itemListElement\":[{\"@type\":\"ListItem\",\"position\":1,\"name\":\"Home\",\"item\":\"https:\\\/\\\/www.printer-box.com\\\/de\\\/home\\\/\"},{\"@type\":\"ListItem\",\"position\":2,\"name\":\"Shop &#8211; Kasten\",\"item\":\"https:\\\/\\\/www.printer-box.com\\\/shop-enclosure\\\/\"},{\"@type\":\"ListItem\",\"position\":3,\"name\":\"Magnet 8x3mm (Satz mit 4 St\u00fcck)\"}]},{\"@type\":\"WebSite\",\"@id\":\"https:\\\/\\\/www.printer-box.com\\\/de\\\/#website\",\"url\":\"https:\\\/\\\/www.printer-box.com\\\/de\\\/\",\"name\":\"Printer Box\",\"description\":\"The best home for your printer\",\"potentialAction\":[{\"@type\":\"SearchAction\",\"target\":{\"@type\":\"EntryPoint\",\"urlTemplate\":\"https:\\\/\\\/www.printer-box.com\\\/de\\\/?s={search_term_string}\"},\"query-input\":{\"@type\":\"PropertyValueSpecification\",\"valueRequired\":true,\"valueName\":\"search_term_string\"}}],\"inLanguage\":\"de\"}]}<\/script>\n<!-- \/ Yoast SEO plugin. -->","yoast_head_json":{"title":"Magnet 8x3mm (Satz mit 4 St\u00fcck) - Printer Box","robots":{"index":"index","follow":"follow","max-snippet":"max-snippet:-1","max-image-preview":"max-image-preview:large","max-video-preview":"max-video-preview:-1"},"canonical":"https:\/\/www.printer-box.com\/produkt\/magnet-8x3mm-set-of-4pcs\/","og_locale":"de_DE","og_type":"article","og_title":"Magnet 8x3mm (Satz mit 4 St\u00fcck) - Printer Box","og_description":"Magnet-Spezifikationen :  Material : Neodym  Gr\u00f6\u00dfe: Durchmesser 8 mm \/ Dicke 3 mm  Menge: 4St\u00fcck","og_url":"https:\/\/www.printer-box.com\/produkt\/magnet-8x3mm-set-of-4pcs\/","og_site_name":"Printer Box","article_publisher":"https:\/\/www.facebook.com\/theprinterbox\/","og_image":[{"width":1556,"height":1279,"url":"https:\/\/www.printer-box.com\/wp-content\/uploads\/2023\/06\/547667621_max.jpg","type":"image\/jpeg"}],"twitter_card":"summary_large_image","schema":{"@context":"https:\/\/schema.org","@graph":[{"@type":"WebPage","@id":"https:\/\/www.printer-box.com\/produkt\/magnet-8x3mm-set-of-4pcs\/","url":"https:\/\/www.printer-box.com\/produkt\/magnet-8x3mm-set-of-4pcs\/","name":"Magnet 8x3mm (Satz mit 4 St\u00fcck) - Printer Box","isPartOf":{"@id":"https:\/\/www.printer-box.com\/de\/#website"},"primaryImageOfPage":{"@id":"https:\/\/www.printer-box.com\/produkt\/magnet-8x3mm-set-of-4pcs\/#primaryimage"},"image":{"@id":"https:\/\/www.printer-box.com\/produkt\/magnet-8x3mm-set-of-4pcs\/#primaryimage"},"thumbnailUrl":"https:\/\/www.printer-box.com\/wp-content\/uploads\/2023\/06\/547667621_max.jpg","datePublished":"2023-06-26T05:02:14+00:00","breadcrumb":{"@id":"https:\/\/www.printer-box.com\/produkt\/magnet-8x3mm-set-of-4pcs\/#breadcrumb"},"inLanguage":"de","potentialAction":[{"@type":"ReadAction","target":["https:\/\/www.printer-box.com\/produkt\/magnet-8x3mm-set-of-4pcs\/"]}]},{"@type":"ImageObject","inLanguage":"de","@id":"https:\/\/www.printer-box.com\/produkt\/magnet-8x3mm-set-of-4pcs\/#primaryimage","url":"https:\/\/www.printer-box.com\/wp-content\/uploads\/2023\/06\/547667621_max.jpg","contentUrl":"https:\/\/www.printer-box.com\/wp-content\/uploads\/2023\/06\/547667621_max.jpg","width":1556,"height":1279},{"@type":"BreadcrumbList","@id":"https:\/\/www.printer-box.com\/produkt\/magnet-8x3mm-set-of-4pcs\/#breadcrumb","itemListElement":[{"@type":"ListItem","position":1,"name":"Home","item":"https:\/\/www.printer-box.com\/de\/home\/"},{"@type":"ListItem","position":2,"name":"Shop &#8211; Kasten","item":"https:\/\/www.printer-box.com\/shop-enclosure\/"},{"@type":"ListItem","position":3,"name":"Magnet 8x3mm (Satz mit 4 St\u00fcck)"}]},{"@type":"WebSite","@id":"https:\/\/www.printer-box.com\/de\/#website","url":"https:\/\/www.printer-box.com\/de\/","name":"Printer Box","description":"The best home for your printer","potentialAction":[{"@type":"SearchAction","target":{"@type":"EntryPoint","urlTemplate":"https:\/\/www.printer-box.com\/de\/?s={search_term_string}"},"query-input":{"@type":"PropertyValueSpecification","valueRequired":true,"valueName":"search_term_string"}}],"inLanguage":"de"}]}},"_links":{"self":[{"href":"https:\/\/www.printer-box.com\/de\/wp-json\/wp\/v2\/product\/37408","targetHints":{"allow":["GET"]}}],"collection":[{"href":"https:\/\/www.printer-box.com\/de\/wp-json\/wp\/v2\/product"}],"about":[{"href":"https:\/\/www.printer-box.com\/de\/wp-json\/wp\/v2\/types\/product"}],"replies":[{"embeddable":true,"href":"https:\/\/www.printer-box.com\/de\/wp-json\/wp\/v2\/comments?post=37408"}],"wp:featuredmedia":[{"embeddable":true,"href":"https:\/\/www.printer-box.com\/de\/wp-json\/wp\/v2\/media\/37405"}],"wp:attachment":[{"href":"https:\/\/www.printer-box.com\/de\/wp-json\/wp\/v2\/media?parent=37408"}],"wp:term":[{"taxonomy":"product_brand","embeddable":true,"href":"https:\/\/www.printer-box.com\/de\/wp-json\/wp\/v2\/product_brand?post=37408"},{"taxonomy":"product_cat","embeddable":true,"href":"https:\/\/www.printer-box.com\/de\/wp-json\/wp\/v2\/product_cat?post=37408"},{"taxonomy":"product_tag","embeddable":true,"href":"https:\/\/www.printer-box.com\/de\/wp-json\/wp\/v2\/product_tag?post=37408"}],"curies":[{"name":"wp","href":"https:\/\/api.w.org\/{rel}","templated":true}]}}