{"id":35563,"date":"2023-01-18T15:41:51","date_gmt":"2023-01-18T14:47:57","guid":{"rendered":"https:\/\/www.printer-box.com\/product\/prusabox-kuehlsystem\/"},"modified":"2024-02-20T15:39:42","modified_gmt":"2024-02-20T14:39:42","slug":"prusabox-kuhlsystem","status":"publish","type":"product","link":"https:\/\/www.printer-box.com\/de\/produkt\/prusabox-kuhlsystem\/","title":{"rendered":"PrusaBox K\u00fchlsystem"},"content":{"rendered":"<h4>Wie funktioniert das?<\/h4>\n<p>Mit diesem System k\u00f6nnen Sie die beiden L\u00fcfter ein- und ausschalten, um die hei\u00dfe Luft aus Ihrem Geh\u00e4use abzusaugen oder nicht.<\/p>\n<p>Im Gegensatz zu unserem <a href=\"https:\/\/www.printer-box.com\/product\/prusabox-wiring-harness-led-temp-control\/\">Kabelbaum<\/a> handelt es sich nicht um ein Temperaturkontrollsystem, da es keinen Temperaturf\u00fchler und kein elektronisches Ger\u00e4t zur Einstellung einer Zieltemperatur gibt.<\/p>\n<p>Das elektrische Teil wird zusammengebaut geliefert, Sie m\u00fcssen es nur in das gedruckte Teil einsetzen und das ganze System an Ihr Geh\u00e4use schrauben!<\/p>\n<p>Mit dieser <a href=\"https:\/\/help.printer-box.com\/home\/mods-options\/cooling-system\/\">Kurzanleitung<\/a> k\u00f6nnen Sie Ihr System in Betrieb nehmen!<\/p>\n<h4>Was ist enthalten?<\/h4>\n<ul>\n<li>Zwei L\u00fcfter mit Anschl\u00fcssen f\u00fcr Schalter und Netzger\u00e4t<\/li>\n<li>Schalter<\/li>\n<li>Rundstecker f\u00fcr die Stromversorgung<\/li>\n<li>Erforderliche Hardware (1 Stk. M3*12 Schraube, 4 Stk. M3*6 Schrauben, 5 Stk. M3 Muttern)<\/li>\n<\/ul>\n<h6>Optional<\/h6>\n<ul>\n<li>Schwarzes gedrucktes Teil (auch zum Herunterladen <a href=\"https:\/\/help.printer-box.com\/home\/download\/#elf_l1_UHJ1c2EtYm94L01vZHMvMDE4X0Zhbg\">hier<\/a> verf\u00fcgbar)<\/li>\n<li>12-V-Netzadapter und Stecker<\/li>\n<\/ul>\n<h4>Kompatibilit\u00e4t<\/h4>\n<p>Dieses System ist mit allen Prusabox-Versionen kompatibel: Edelstahl oder schwarz<\/p>\n<p><strong>Es ist nicht kompatibel mit HEPA&amp;Carbon Filter und Fan Mod, auch nicht mit Max Filtration System<\/strong><\/p>\n<p><strong>Er ist nicht mit dem Kabelbaum und der Temperaturregelung W-1219 kompatibel.<\/strong><\/p>\n<span class=\"et_bloom_bottom_trigger\"><\/span>","protected":false},"excerpt":{"rendered":"<h3>Die L\u00f6sung zur einfachen Begrenzung der Temperatur im Inneren Ihres Geh\u00e4uses!<\/h3>\n<p>Ventilatoren mit Ein\/Aus-Schalter zur K\u00fchlung Ihres Geh\u00e4uses, wann immer Sie es brauchen.<\/p>\n","protected":false},"featured_media":35560,"comment_status":"open","ping_status":"closed","template":"","meta":{"_et_pb_use_builder":"","_et_pb_old_content":"","_et_gb_content_width":""},"product_brand":[],"product_cat":[96,146],"product_tag":[],"class_list":{"0":"post-35563","1":"product","2":"type-product","3":"status-publish","4":"has-post-thumbnail","6":"product_cat-enclosure-de","7":"product_cat-mod-filter-de","9":"first","10":"outofstock","11":"taxable","12":"shipping-taxable","13":"purchasable","14":"product-type-simple"},"composite_virtual":false,"composite_layout":"","composite_add_to_cart_form_location":"","composite_editable_in_cart":false,"composite_sold_individually_context":"","composite_shop_price_calc":"","composite_components":[],"composite_scenarios":[],"exclude_global_add_ons":false,"addons":[{"name":"Gedrucktes Teil","type":"multiple_choice","position":0,"required":true,"title_format":"label","default":"","description_enable":false,"description":null,"placeholder_enable":false,"placeholder":"","display":"radiobutton","restrictions_type":"any_text","adjust_price":false,"price":"","price_type":"flat_fee","restrictions":false,"min":"0","max":"0","options":[{"label":"Schwarzes bedrucktes Teil","price":"3.20","price_type":"flat_fee","image":0,"visibility":true},{"label":"Ich m\u00f6chte keinen gedruckten Teil","price":"","price_type":"flat_fee","image":0,"visibility":true}],"id":1682005844},{"name":"Netzadapter","type":"checkbox","position":1,"required":false,"title_format":"label","default":"","description_enable":false,"description":null,"placeholder_enable":false,"placeholder":"","display":"select","restrictions_type":"any_text","adjust_price":false,"price":"","price_type":"flat_fee","restrictions":false,"min":"0","max":"0","options":[{"label":"12V 3A Netzadapter","price":"12.30","price_type":"flat_fee","image":0,"visibility":true}],"id":1682005845},{"name":"Stecker","type":"checkbox","position":2,"required":false,"title_format":"label","default":"","description_enable":true,"description":"(siehe Bild f\u00fcr weitere Informationen)","placeholder_enable":false,"placeholder":"","display":"select","restrictions_type":"any_text","adjust_price":false,"price":"","price_type":"flat_fee","restrictions":false,"min":"0","max":"0","options":[{"label":"US-Stecker","price":"4.20","price_type":"flat_fee","image":0,"visibility":true},{"label":"UK-Stecker","price":"4.20","price_type":"flat_fee","image":0,"visibility":true},{"label":"EU-Stecker","price":"4.20","price_type":"flat_fee","image":0,"visibility":true}],"id":1682005846}],"yoast_head":"<!-- This site is optimized with the Yoast SEO plugin v27.4 - https:\/\/yoast.com\/product\/yoast-seo-wordpress\/ -->\n<title>PrusaBox K\u00fchlsystem - Printer Box<\/title>\n<meta name=\"robots\" content=\"index, follow, max-snippet:-1, max-image-preview:large, max-video-preview:-1\" \/>\n<link rel=\"canonical\" href=\"https:\/\/www.printer-box.com\/de\/produkt\/prusabox-kuhlsystem\/\" \/>\n<meta property=\"og:locale\" content=\"de_DE\" \/>\n<meta property=\"og:type\" content=\"article\" \/>\n<meta property=\"og:title\" content=\"PrusaBox K\u00fchlsystem - Printer Box\" \/>\n<meta property=\"og:description\" content=\"Die L\u00f6sung zur einfachen Begrenzung der Temperatur im Inneren Ihres Geh\u00e4uses! Ventilatoren mit Ein\/Aus-Schalter zur K\u00fchlung Ihres Geh\u00e4uses, wann immer Sie es brauchen.\" \/>\n<meta property=\"og:url\" content=\"https:\/\/www.printer-box.com\/de\/produkt\/prusabox-kuhlsystem\/\" \/>\n<meta property=\"og:site_name\" content=\"Printer Box\" \/>\n<meta property=\"article:publisher\" content=\"https:\/\/www.facebook.com\/theprinterbox\/\" \/>\n<meta property=\"article:modified_time\" content=\"2024-02-20T14:39:42+00:00\" \/>\n<meta property=\"og:image\" content=\"https:\/\/www.printer-box.com\/wp-content\/uploads\/2023\/01\/back_vent_1-1.jpg\" \/>\n\t<meta property=\"og:image:width\" content=\"2334\" \/>\n\t<meta property=\"og:image:height\" content=\"2334\" \/>\n\t<meta property=\"og:image:type\" content=\"image\/jpeg\" \/>\n<meta name=\"twitter:card\" content=\"summary_large_image\" \/>\n<meta name=\"twitter:label1\" content=\"Gesch\u00e4tzte Lesezeit\" \/>\n\t<meta name=\"twitter:data1\" content=\"1\u00a0Minute\" \/>\n<script type=\"application\/ld+json\" class=\"yoast-schema-graph\">{\"@context\":\"https:\\\/\\\/schema.org\",\"@graph\":[{\"@type\":\"WebPage\",\"@id\":\"https:\\\/\\\/www.printer-box.com\\\/de\\\/produkt\\\/prusabox-kuhlsystem\\\/\",\"url\":\"https:\\\/\\\/www.printer-box.com\\\/de\\\/produkt\\\/prusabox-kuhlsystem\\\/\",\"name\":\"PrusaBox K\u00fchlsystem - Printer Box\",\"isPartOf\":{\"@id\":\"https:\\\/\\\/www.printer-box.com\\\/de\\\/#website\"},\"primaryImageOfPage\":{\"@id\":\"https:\\\/\\\/www.printer-box.com\\\/de\\\/produkt\\\/prusabox-kuhlsystem\\\/#primaryimage\"},\"image\":{\"@id\":\"https:\\\/\\\/www.printer-box.com\\\/de\\\/produkt\\\/prusabox-kuhlsystem\\\/#primaryimage\"},\"thumbnailUrl\":\"https:\\\/\\\/www.printer-box.com\\\/wp-content\\\/uploads\\\/2023\\\/01\\\/back_vent_1-1.jpg\",\"datePublished\":\"2023-01-18T14:47:57+00:00\",\"dateModified\":\"2024-02-20T14:39:42+00:00\",\"breadcrumb\":{\"@id\":\"https:\\\/\\\/www.printer-box.com\\\/de\\\/produkt\\\/prusabox-kuhlsystem\\\/#breadcrumb\"},\"inLanguage\":\"de\",\"potentialAction\":[{\"@type\":\"ReadAction\",\"target\":[\"https:\\\/\\\/www.printer-box.com\\\/de\\\/produkt\\\/prusabox-kuhlsystem\\\/\"]}]},{\"@type\":\"ImageObject\",\"inLanguage\":\"de\",\"@id\":\"https:\\\/\\\/www.printer-box.com\\\/de\\\/produkt\\\/prusabox-kuhlsystem\\\/#primaryimage\",\"url\":\"https:\\\/\\\/www.printer-box.com\\\/wp-content\\\/uploads\\\/2023\\\/01\\\/back_vent_1-1.jpg\",\"contentUrl\":\"https:\\\/\\\/www.printer-box.com\\\/wp-content\\\/uploads\\\/2023\\\/01\\\/back_vent_1-1.jpg\",\"width\":2334,\"height\":2334},{\"@type\":\"BreadcrumbList\",\"@id\":\"https:\\\/\\\/www.printer-box.com\\\/de\\\/produkt\\\/prusabox-kuhlsystem\\\/#breadcrumb\",\"itemListElement\":[{\"@type\":\"ListItem\",\"position\":1,\"name\":\"Home\",\"item\":\"https:\\\/\\\/www.printer-box.com\\\/de\\\/home\\\/\"},{\"@type\":\"ListItem\",\"position\":2,\"name\":\"Shop &#8211; Kasten\",\"item\":\"https:\\\/\\\/www.printer-box.com\\\/shop-enclosure\\\/\"},{\"@type\":\"ListItem\",\"position\":3,\"name\":\"PrusaBox K\u00fchlsystem\"}]},{\"@type\":\"WebSite\",\"@id\":\"https:\\\/\\\/www.printer-box.com\\\/de\\\/#website\",\"url\":\"https:\\\/\\\/www.printer-box.com\\\/de\\\/\",\"name\":\"Printer Box\",\"description\":\"The best home for your printer\",\"potentialAction\":[{\"@type\":\"SearchAction\",\"target\":{\"@type\":\"EntryPoint\",\"urlTemplate\":\"https:\\\/\\\/www.printer-box.com\\\/de\\\/?s={search_term_string}\"},\"query-input\":{\"@type\":\"PropertyValueSpecification\",\"valueRequired\":true,\"valueName\":\"search_term_string\"}}],\"inLanguage\":\"de\"}]}<\/script>\n<!-- \/ Yoast SEO plugin. -->","yoast_head_json":{"title":"PrusaBox K\u00fchlsystem - Printer Box","robots":{"index":"index","follow":"follow","max-snippet":"max-snippet:-1","max-image-preview":"max-image-preview:large","max-video-preview":"max-video-preview:-1"},"canonical":"https:\/\/www.printer-box.com\/de\/produkt\/prusabox-kuhlsystem\/","og_locale":"de_DE","og_type":"article","og_title":"PrusaBox K\u00fchlsystem - Printer Box","og_description":"Die L\u00f6sung zur einfachen Begrenzung der Temperatur im Inneren Ihres Geh\u00e4uses! Ventilatoren mit Ein\/Aus-Schalter zur K\u00fchlung Ihres Geh\u00e4uses, wann immer Sie es brauchen.","og_url":"https:\/\/www.printer-box.com\/de\/produkt\/prusabox-kuhlsystem\/","og_site_name":"Printer Box","article_publisher":"https:\/\/www.facebook.com\/theprinterbox\/","article_modified_time":"2024-02-20T14:39:42+00:00","og_image":[{"width":2334,"height":2334,"url":"https:\/\/www.printer-box.com\/wp-content\/uploads\/2023\/01\/back_vent_1-1.jpg","type":"image\/jpeg"}],"twitter_card":"summary_large_image","twitter_misc":{"Gesch\u00e4tzte Lesezeit":"1\u00a0Minute"},"schema":{"@context":"https:\/\/schema.org","@graph":[{"@type":"WebPage","@id":"https:\/\/www.printer-box.com\/de\/produkt\/prusabox-kuhlsystem\/","url":"https:\/\/www.printer-box.com\/de\/produkt\/prusabox-kuhlsystem\/","name":"PrusaBox K\u00fchlsystem - Printer Box","isPartOf":{"@id":"https:\/\/www.printer-box.com\/de\/#website"},"primaryImageOfPage":{"@id":"https:\/\/www.printer-box.com\/de\/produkt\/prusabox-kuhlsystem\/#primaryimage"},"image":{"@id":"https:\/\/www.printer-box.com\/de\/produkt\/prusabox-kuhlsystem\/#primaryimage"},"thumbnailUrl":"https:\/\/www.printer-box.com\/wp-content\/uploads\/2023\/01\/back_vent_1-1.jpg","datePublished":"2023-01-18T14:47:57+00:00","dateModified":"2024-02-20T14:39:42+00:00","breadcrumb":{"@id":"https:\/\/www.printer-box.com\/de\/produkt\/prusabox-kuhlsystem\/#breadcrumb"},"inLanguage":"de","potentialAction":[{"@type":"ReadAction","target":["https:\/\/www.printer-box.com\/de\/produkt\/prusabox-kuhlsystem\/"]}]},{"@type":"ImageObject","inLanguage":"de","@id":"https:\/\/www.printer-box.com\/de\/produkt\/prusabox-kuhlsystem\/#primaryimage","url":"https:\/\/www.printer-box.com\/wp-content\/uploads\/2023\/01\/back_vent_1-1.jpg","contentUrl":"https:\/\/www.printer-box.com\/wp-content\/uploads\/2023\/01\/back_vent_1-1.jpg","width":2334,"height":2334},{"@type":"BreadcrumbList","@id":"https:\/\/www.printer-box.com\/de\/produkt\/prusabox-kuhlsystem\/#breadcrumb","itemListElement":[{"@type":"ListItem","position":1,"name":"Home","item":"https:\/\/www.printer-box.com\/de\/home\/"},{"@type":"ListItem","position":2,"name":"Shop &#8211; Kasten","item":"https:\/\/www.printer-box.com\/shop-enclosure\/"},{"@type":"ListItem","position":3,"name":"PrusaBox K\u00fchlsystem"}]},{"@type":"WebSite","@id":"https:\/\/www.printer-box.com\/de\/#website","url":"https:\/\/www.printer-box.com\/de\/","name":"Printer Box","description":"The best home for your printer","potentialAction":[{"@type":"SearchAction","target":{"@type":"EntryPoint","urlTemplate":"https:\/\/www.printer-box.com\/de\/?s={search_term_string}"},"query-input":{"@type":"PropertyValueSpecification","valueRequired":true,"valueName":"search_term_string"}}],"inLanguage":"de"}]}},"_links":{"self":[{"href":"https:\/\/www.printer-box.com\/de\/wp-json\/wp\/v2\/product\/35563","targetHints":{"allow":["GET"]}}],"collection":[{"href":"https:\/\/www.printer-box.com\/de\/wp-json\/wp\/v2\/product"}],"about":[{"href":"https:\/\/www.printer-box.com\/de\/wp-json\/wp\/v2\/types\/product"}],"replies":[{"embeddable":true,"href":"https:\/\/www.printer-box.com\/de\/wp-json\/wp\/v2\/comments?post=35563"}],"wp:featuredmedia":[{"embeddable":true,"href":"https:\/\/www.printer-box.com\/de\/wp-json\/wp\/v2\/media\/35560"}],"wp:attachment":[{"href":"https:\/\/www.printer-box.com\/de\/wp-json\/wp\/v2\/media?parent=35563"}],"wp:term":[{"taxonomy":"product_brand","embeddable":true,"href":"https:\/\/www.printer-box.com\/de\/wp-json\/wp\/v2\/product_brand?post=35563"},{"taxonomy":"product_cat","embeddable":true,"href":"https:\/\/www.printer-box.com\/de\/wp-json\/wp\/v2\/product_cat?post=35563"},{"taxonomy":"product_tag","embeddable":true,"href":"https:\/\/www.printer-box.com\/de\/wp-json\/wp\/v2\/product_tag?post=35563"}],"curies":[{"name":"wp","href":"https:\/\/api.w.org\/{rel}","templated":true}]}}