{"id":34947,"date":"2022-11-22T15:25:25","date_gmt":"2022-11-22T14:25:26","guid":{"rendered":"https:\/\/www.printer-box.com\/?post_type=product&#038;p=34947"},"modified":"2023-04-26T09:52:35","modified_gmt":"2023-04-26T07:52:35","slug":"seiten-temperierpaneele-gedruckte-teile","status":"publish","type":"product","link":"https:\/\/www.printer-box.com\/de\/produkt\/seiten-temperierpaneele-gedruckte-teile\/","title":{"rendered":"Seitliches Temperaturbedienfeld Gedruckte Teile"},"content":{"rendered":"<p><strong>Enthalten: <\/strong>2 bedruckte Teile (Vorderseite, R\u00fcckseite)<\/p>\n<p>Kompatibel mit Prusabox und Modular Box<\/p>\n<p><strong>Hardware nicht enthalten:<\/strong><\/p>\n<ul>\n<li>4* M3x12 Schrauben<\/li>\n<li>4* M3*8 Schrauben<\/li>\n<li>4* M3-Muttern<\/li>\n<li><a href=\"https:\/\/www.printer-box.com\/product\/prusabox-wiring-harness-led-temp-control\/\">Kabelbaum  <\/a><\/li>\n<\/ul>\n<p><strong>Montageanleitung:<\/strong><\/p>\n<p>Bitte folgen Sie<a href=\"https:\/\/help.printer-box.com\/home\/guide\/side-vent\/\" target=\"_blank\" rel=\"noopener\"> diesem Link<\/a><\/p>\n<span class=\"et_bloom_bottom_trigger\"><\/span>","protected":false},"excerpt":{"rendered":"<p>Wenn Sie sich f\u00fcr ein modulares Paneel mit einem Bildschirm f\u00fcr den Raspberry entscheiden, haben Sie keinen Platz f\u00fcr die Temperaturregelung vor der Box. Sie k\u00f6nnen also diese Seitenwand installieren.<\/p>\n","protected":false},"featured_media":34952,"comment_status":"open","ping_status":"closed","template":"","meta":{"_et_pb_use_builder":"","_et_pb_old_content":"","_et_gb_content_width":""},"product_brand":[],"product_cat":[144],"product_tag":[],"class_list":{"0":"post-34947","1":"product","2":"type-product","3":"status-publish","4":"has-post-thumbnail","6":"product_cat-mod-electric-temp-control","8":"first","9":"outofstock","10":"taxable","11":"shipping-taxable","12":"purchasable","13":"product-type-simple"},"composite_virtual":false,"composite_layout":"","composite_add_to_cart_form_location":"","composite_editable_in_cart":false,"composite_sold_individually_context":"","composite_shop_price_calc":"","composite_components":[],"composite_scenarios":[],"exclude_global_add_ons":false,"addons":[{"name":"Printed parts color","type":"multiple_choice","position":0,"required":true,"title_format":"label","default":"","description_enable":false,"description":"","placeholder_enable":false,"placeholder":"","display":"select","restrictions_type":"any_text","adjust_price":false,"price":"","price_type":"flat_fee","restrictions":false,"min":"0","max":"0","options":[{"label":"Orange","price":"","price_type":"flat_fee","image":0,"visibility":true},{"label":"Black","price":"","price_type":"flat_fee","image":0,"visibility":true},{"label":"Blue","price":"","price_type":"flat_fee","image":0,"visibility":true},{"label":"Green","price":"","price_type":"flat_fee","image":0,"visibility":true}],"id":1682002843}],"yoast_head":"<!-- This site is optimized with the Yoast SEO plugin v27.4 - https:\/\/yoast.com\/product\/yoast-seo-wordpress\/ -->\n<title>Seitliches Temperaturbedienfeld Gedruckte Teile - Printer Box<\/title>\n<meta name=\"robots\" content=\"index, follow, max-snippet:-1, max-image-preview:large, max-video-preview:-1\" \/>\n<link rel=\"canonical\" href=\"https:\/\/www.printer-box.com\/produkt\/side-temperature-control-panel-printed-parts\/\" \/>\n<meta property=\"og:locale\" content=\"de_DE\" \/>\n<meta property=\"og:type\" content=\"article\" \/>\n<meta property=\"og:title\" content=\"Seitliches Temperaturbedienfeld Gedruckte Teile - Printer Box\" \/>\n<meta property=\"og:description\" content=\"Wenn Sie sich f\u00fcr ein modulares Paneel mit einem Bildschirm f\u00fcr den Raspberry entscheiden, haben Sie keinen Platz f\u00fcr die Temperaturregelung vor der Box. Sie k\u00f6nnen also diese Seitenwand installieren.\" \/>\n<meta property=\"og:url\" content=\"https:\/\/www.printer-box.com\/produkt\/side-temperature-control-panel-printed-parts\/\" \/>\n<meta property=\"og:site_name\" content=\"Printer Box\" \/>\n<meta property=\"article:publisher\" content=\"https:\/\/www.facebook.com\/theprinterbox\/\" \/>\n<meta property=\"article:modified_time\" content=\"2023-04-26T07:52:35+00:00\" \/>\n<meta property=\"og:image\" content=\"https:\/\/www.printer-box.com\/wp-content\/uploads\/2022\/11\/temperature_control_panel-16.jpg\" \/>\n\t<meta property=\"og:image:width\" content=\"1920\" \/>\n\t<meta property=\"og:image:height\" content=\"1080\" \/>\n\t<meta property=\"og:image:type\" content=\"image\/jpeg\" \/>\n<meta name=\"twitter:card\" content=\"summary_large_image\" \/>\n<meta name=\"twitter:label1\" content=\"Gesch\u00e4tzte Lesezeit\" \/>\n\t<meta name=\"twitter:data1\" content=\"1\u00a0Minute\" \/>\n<script type=\"application\/ld+json\" class=\"yoast-schema-graph\">{\"@context\":\"https:\\\/\\\/schema.org\",\"@graph\":[{\"@type\":\"WebPage\",\"@id\":\"https:\\\/\\\/www.printer-box.com\\\/produkt\\\/side-temperature-control-panel-printed-parts\\\/\",\"url\":\"https:\\\/\\\/www.printer-box.com\\\/produkt\\\/side-temperature-control-panel-printed-parts\\\/\",\"name\":\"Seitliches Temperaturbedienfeld Gedruckte Teile - Printer Box\",\"isPartOf\":{\"@id\":\"https:\\\/\\\/www.printer-box.com\\\/de\\\/#website\"},\"primaryImageOfPage\":{\"@id\":\"https:\\\/\\\/www.printer-box.com\\\/produkt\\\/side-temperature-control-panel-printed-parts\\\/#primaryimage\"},\"image\":{\"@id\":\"https:\\\/\\\/www.printer-box.com\\\/produkt\\\/side-temperature-control-panel-printed-parts\\\/#primaryimage\"},\"thumbnailUrl\":\"https:\\\/\\\/www.printer-box.com\\\/wp-content\\\/uploads\\\/2022\\\/11\\\/temperature_control_panel-16.jpg\",\"datePublished\":\"2022-11-22T14:25:26+00:00\",\"dateModified\":\"2023-04-26T07:52:35+00:00\",\"breadcrumb\":{\"@id\":\"https:\\\/\\\/www.printer-box.com\\\/produkt\\\/side-temperature-control-panel-printed-parts\\\/#breadcrumb\"},\"inLanguage\":\"de\",\"potentialAction\":[{\"@type\":\"ReadAction\",\"target\":[\"https:\\\/\\\/www.printer-box.com\\\/produkt\\\/side-temperature-control-panel-printed-parts\\\/\"]}]},{\"@type\":\"ImageObject\",\"inLanguage\":\"de\",\"@id\":\"https:\\\/\\\/www.printer-box.com\\\/produkt\\\/side-temperature-control-panel-printed-parts\\\/#primaryimage\",\"url\":\"https:\\\/\\\/www.printer-box.com\\\/wp-content\\\/uploads\\\/2022\\\/11\\\/temperature_control_panel-16.jpg\",\"contentUrl\":\"https:\\\/\\\/www.printer-box.com\\\/wp-content\\\/uploads\\\/2022\\\/11\\\/temperature_control_panel-16.jpg\",\"width\":1920,\"height\":1080},{\"@type\":\"BreadcrumbList\",\"@id\":\"https:\\\/\\\/www.printer-box.com\\\/produkt\\\/side-temperature-control-panel-printed-parts\\\/#breadcrumb\",\"itemListElement\":[{\"@type\":\"ListItem\",\"position\":1,\"name\":\"Home\",\"item\":\"https:\\\/\\\/www.printer-box.com\\\/de\\\/home\\\/\"},{\"@type\":\"ListItem\",\"position\":2,\"name\":\"Shop &#8211; Kasten\",\"item\":\"https:\\\/\\\/www.printer-box.com\\\/shop-enclosure\\\/\"},{\"@type\":\"ListItem\",\"position\":3,\"name\":\"Seitliches Temperaturbedienfeld Gedruckte Teile\"}]},{\"@type\":\"WebSite\",\"@id\":\"https:\\\/\\\/www.printer-box.com\\\/de\\\/#website\",\"url\":\"https:\\\/\\\/www.printer-box.com\\\/de\\\/\",\"name\":\"Printer Box\",\"description\":\"The best home for your printer\",\"potentialAction\":[{\"@type\":\"SearchAction\",\"target\":{\"@type\":\"EntryPoint\",\"urlTemplate\":\"https:\\\/\\\/www.printer-box.com\\\/de\\\/?s={search_term_string}\"},\"query-input\":{\"@type\":\"PropertyValueSpecification\",\"valueRequired\":true,\"valueName\":\"search_term_string\"}}],\"inLanguage\":\"de\"}]}<\/script>\n<!-- \/ Yoast SEO plugin. -->","yoast_head_json":{"title":"Seitliches Temperaturbedienfeld Gedruckte Teile - Printer Box","robots":{"index":"index","follow":"follow","max-snippet":"max-snippet:-1","max-image-preview":"max-image-preview:large","max-video-preview":"max-video-preview:-1"},"canonical":"https:\/\/www.printer-box.com\/produkt\/side-temperature-control-panel-printed-parts\/","og_locale":"de_DE","og_type":"article","og_title":"Seitliches Temperaturbedienfeld Gedruckte Teile - Printer Box","og_description":"Wenn Sie sich f\u00fcr ein modulares Paneel mit einem Bildschirm f\u00fcr den Raspberry entscheiden, haben Sie keinen Platz f\u00fcr die Temperaturregelung vor der Box. Sie k\u00f6nnen also diese Seitenwand installieren.","og_url":"https:\/\/www.printer-box.com\/produkt\/side-temperature-control-panel-printed-parts\/","og_site_name":"Printer Box","article_publisher":"https:\/\/www.facebook.com\/theprinterbox\/","article_modified_time":"2023-04-26T07:52:35+00:00","og_image":[{"width":1920,"height":1080,"url":"https:\/\/www.printer-box.com\/wp-content\/uploads\/2022\/11\/temperature_control_panel-16.jpg","type":"image\/jpeg"}],"twitter_card":"summary_large_image","twitter_misc":{"Gesch\u00e4tzte Lesezeit":"1\u00a0Minute"},"schema":{"@context":"https:\/\/schema.org","@graph":[{"@type":"WebPage","@id":"https:\/\/www.printer-box.com\/produkt\/side-temperature-control-panel-printed-parts\/","url":"https:\/\/www.printer-box.com\/produkt\/side-temperature-control-panel-printed-parts\/","name":"Seitliches Temperaturbedienfeld Gedruckte Teile - Printer Box","isPartOf":{"@id":"https:\/\/www.printer-box.com\/de\/#website"},"primaryImageOfPage":{"@id":"https:\/\/www.printer-box.com\/produkt\/side-temperature-control-panel-printed-parts\/#primaryimage"},"image":{"@id":"https:\/\/www.printer-box.com\/produkt\/side-temperature-control-panel-printed-parts\/#primaryimage"},"thumbnailUrl":"https:\/\/www.printer-box.com\/wp-content\/uploads\/2022\/11\/temperature_control_panel-16.jpg","datePublished":"2022-11-22T14:25:26+00:00","dateModified":"2023-04-26T07:52:35+00:00","breadcrumb":{"@id":"https:\/\/www.printer-box.com\/produkt\/side-temperature-control-panel-printed-parts\/#breadcrumb"},"inLanguage":"de","potentialAction":[{"@type":"ReadAction","target":["https:\/\/www.printer-box.com\/produkt\/side-temperature-control-panel-printed-parts\/"]}]},{"@type":"ImageObject","inLanguage":"de","@id":"https:\/\/www.printer-box.com\/produkt\/side-temperature-control-panel-printed-parts\/#primaryimage","url":"https:\/\/www.printer-box.com\/wp-content\/uploads\/2022\/11\/temperature_control_panel-16.jpg","contentUrl":"https:\/\/www.printer-box.com\/wp-content\/uploads\/2022\/11\/temperature_control_panel-16.jpg","width":1920,"height":1080},{"@type":"BreadcrumbList","@id":"https:\/\/www.printer-box.com\/produkt\/side-temperature-control-panel-printed-parts\/#breadcrumb","itemListElement":[{"@type":"ListItem","position":1,"name":"Home","item":"https:\/\/www.printer-box.com\/de\/home\/"},{"@type":"ListItem","position":2,"name":"Shop &#8211; Kasten","item":"https:\/\/www.printer-box.com\/shop-enclosure\/"},{"@type":"ListItem","position":3,"name":"Seitliches Temperaturbedienfeld Gedruckte Teile"}]},{"@type":"WebSite","@id":"https:\/\/www.printer-box.com\/de\/#website","url":"https:\/\/www.printer-box.com\/de\/","name":"Printer Box","description":"The best home for your printer","potentialAction":[{"@type":"SearchAction","target":{"@type":"EntryPoint","urlTemplate":"https:\/\/www.printer-box.com\/de\/?s={search_term_string}"},"query-input":{"@type":"PropertyValueSpecification","valueRequired":true,"valueName":"search_term_string"}}],"inLanguage":"de"}]}},"_links":{"self":[{"href":"https:\/\/www.printer-box.com\/de\/wp-json\/wp\/v2\/product\/34947","targetHints":{"allow":["GET"]}}],"collection":[{"href":"https:\/\/www.printer-box.com\/de\/wp-json\/wp\/v2\/product"}],"about":[{"href":"https:\/\/www.printer-box.com\/de\/wp-json\/wp\/v2\/types\/product"}],"replies":[{"embeddable":true,"href":"https:\/\/www.printer-box.com\/de\/wp-json\/wp\/v2\/comments?post=34947"}],"wp:featuredmedia":[{"embeddable":true,"href":"https:\/\/www.printer-box.com\/de\/wp-json\/wp\/v2\/media\/34952"}],"wp:attachment":[{"href":"https:\/\/www.printer-box.com\/de\/wp-json\/wp\/v2\/media?parent=34947"}],"wp:term":[{"taxonomy":"product_brand","embeddable":true,"href":"https:\/\/www.printer-box.com\/de\/wp-json\/wp\/v2\/product_brand?post=34947"},{"taxonomy":"product_cat","embeddable":true,"href":"https:\/\/www.printer-box.com\/de\/wp-json\/wp\/v2\/product_cat?post=34947"},{"taxonomy":"product_tag","embeddable":true,"href":"https:\/\/www.printer-box.com\/de\/wp-json\/wp\/v2\/product_tag?post=34947"}],"curies":[{"name":"wp","href":"https:\/\/api.w.org\/{rel}","templated":true}]}}