{"id":31556,"date":"2022-06-28T15:32:01","date_gmt":"2022-08-25T03:38:43","guid":{"rendered":"https:\/\/www.printer-box.com\/product\/drahtverbinder\/"},"modified":"2024-03-23T09:15:15","modified_gmt":"2024-03-23T08:15:15","slug":"draht-verbindungselemente","status":"publish","type":"product","link":"https:\/\/www.printer-box.com\/de\/produkt\/draht-verbindungselemente\/","title":{"rendered":"Steckverbinder f\u00fcr LED und L\u00fcfter"},"content":{"rendered":"<p>[et_pb_section fb_built=&#8220;1&#8243; _builder_version=&#8220;4.16&#8243; custom_padding=&#8220;0px||||false|false&#8220; global_colors_info=&#8220;{}&#8220;][et_pb_row _builder_version=&#8220;4.16&#8243; background_size=&#8220;initial&#8220; background_position=&#8220;top_left&#8220; background_repeat=&#8220;repeat&#8220; width=&#8220;100%&#8220; custom_padding=&#8220;0px||0px||false|false&#8220; global_colors_info=&#8220;{}&#8220;][et_pb_column type=&#8220;4_4&#8243; _builder_version=&#8220;4.16&#8243; custom_padding=&#8220;|||&#8220; global_colors_info=&#8220;{}&#8220; custom_padding__hover=&#8220;|||&#8220;][et_pb_wc_breadcrumb _builder_version=&#8220;4.16&#8243; global_colors_info=&#8220;{}&#8220;][\/et_pb_wc_breadcrumb][et_pb_wc_cart_notice _builder_version=&#8220;4.18.0&#8243; background_color=&#8220;#3B82BD&#8220; global_colors_info=&#8220;{}&#8220;][\/et_pb_wc_cart_notice][\/et_pb_column][\/et_pb_row][et_pb_row column_structure=&#8220;1_2,1_2&#8243; _builder_version=&#8220;4.16&#8243; background_size=&#8220;initial&#8220; background_position=&#8220;top_left&#8220; background_repeat=&#8220;repeat&#8220; width=&#8220;100%&#8220; custom_padding=&#8220;0px||||false|false&#8220; global_colors_info=&#8220;{}&#8220;][et_pb_column type=&#8220;1_2&#8243; _builder_version=&#8220;4.16&#8243; custom_padding=&#8220;|||&#8220; global_colors_info=&#8220;{}&#8220; custom_padding__hover=&#8220;|||&#8220;][et_pb_wc_images _builder_version=&#8220;4.16&#8243; global_colors_info=&#8220;{}&#8220;][\/et_pb_wc_images][\/et_pb_column][et_pb_column type=&#8220;1_2&#8243; _builder_version=&#8220;4.16&#8243; custom_padding=&#8220;|||&#8220; global_colors_info=&#8220;{}&#8220; custom_padding__hover=&#8220;|||&#8220;][et_pb_wc_title _builder_version=&#8220;4.16&#8243; global_colors_info=&#8220;{}&#8220;][\/et_pb_wc_title][et_pb_wc_rating _builder_version=&#8220;4.16&#8243; global_colors_info=&#8220;{}&#8220;][\/et_pb_wc_rating][et_pb_wc_price _builder_version=&#8220;4.16&#8243; global_colors_info=&#8220;{}&#8220;][\/et_pb_wc_price][et_pb_wc_description _builder_version=&#8220;4.16&#8243; global_colors_info=&#8220;{}&#8220;][\/et_pb_wc_description][et_pb_wc_add_to_cart _builder_version=&#8220;4.16&#8243; global_colors_info=&#8220;{}&#8220;][\/et_pb_wc_add_to_cart][et_pb_wc_meta _builder_version=&#8220;4.18.0&#8243; body_text_color=&#8220;#3B82BD&#8220; global_colors_info=&#8220;{}&#8220;][\/et_pb_wc_meta][\/et_pb_column][\/et_pb_row][et_pb_row _builder_version=&#8220;4.16&#8243; background_size=&#8220;initial&#8220; background_position=&#8220;top_left&#8220; background_repeat=&#8220;repeat&#8220; width=&#8220;100%&#8220; global_colors_info=&#8220;{}&#8220;][et_pb_column type=&#8220;4_4&#8243; _builder_version=&#8220;4.16&#8243; custom_padding=&#8220;|||&#8220; global_colors_info=&#8220;{}&#8220; custom_padding__hover=&#8220;|||&#8220;][et_pb_wc_tabs _builder_version=&#8220;4.16&#8243; global_colors_info=&#8220;{}&#8220;]\t\t\t\t\t[\/et_pb_wc_tabs][et_pb_wc_upsells _builder_version=&#8220;4.16&#8243; global_colors_info=&#8220;{}&#8220;][\/et_pb_wc_upsells][et_pb_wc_related_products _builder_version=&#8220;4.16&#8243; global_colors_info=&#8220;{}&#8220;][\/et_pb_wc_related_products][\/et_pb_column][\/et_pb_row][\/et_pb_section]<\/p>\n<span class=\"et_bloom_bottom_trigger\"><\/span>","protected":false},"excerpt":{"rendered":"<p>Sie wollen Ihre Dr\u00e4hte nicht l\u00f6ten? Wir bieten einen Bausatz an, mit dem Sie Ihr Zubeh\u00f6r wie LED oder L\u00fcfter verbinden k\u00f6nnen.<\/p>\n<p>Der Bausatz besteht aus :<\/p>\n<ul>\n<li>1 Kunststoffbuchse<\/li>\n<li>1 Kunststoffsteckdose<\/li>\n<li>2 Buchsenkontaktstifte<\/li>\n<li>2 Kontaktstifte<\/li>\n<\/ul>\n<p>F\u00fcr 24 bis 18 AWG rot\/schwarzes Kabel<\/p>\n<p>Verwenden Sie f\u00fcr die Montage eine Crimpzange f\u00fcr Steckverbinder.<\/p>\n<p>&nbsp;<\/p>\n<p>&nbsp;<\/p>\n","protected":false},"featured_media":30848,"comment_status":"open","ping_status":"closed","template":"","meta":{"_et_pb_use_builder":"on","_et_pb_old_content":"","_et_gb_content_width":""},"product_brand":[],"product_cat":[96,144],"product_tag":[],"class_list":{"0":"post-31556","1":"product","2":"type-product","3":"status-publish","4":"has-post-thumbnail","6":"product_cat-enclosure-de","7":"product_cat-mod-electric-temp-control","9":"first","10":"onbackorder","11":"taxable","12":"shipping-taxable","13":"purchasable","14":"product-type-simple"},"composite_virtual":false,"composite_layout":"","composite_add_to_cart_form_location":"","composite_editable_in_cart":false,"composite_sold_individually_context":"","composite_shop_price_calc":"","composite_components":[],"composite_scenarios":[],"exclude_global_add_ons":[],"addons":[],"yoast_head":"<!-- This site is optimized with the Yoast SEO plugin v27.4 - https:\/\/yoast.com\/product\/yoast-seo-wordpress\/ -->\n<title>Steckverbinder f\u00fcr LED und L\u00fcfter - Printer Box<\/title>\n<meta name=\"robots\" content=\"index, follow, max-snippet:-1, max-image-preview:large, max-video-preview:-1\" \/>\n<link rel=\"canonical\" href=\"https:\/\/www.printer-box.com\/produkt\/wire-connectors\/\" \/>\n<meta property=\"og:locale\" content=\"de_DE\" \/>\n<meta property=\"og:type\" content=\"article\" \/>\n<meta property=\"og:title\" content=\"Steckverbinder f\u00fcr LED und L\u00fcfter - Printer Box\" \/>\n<meta property=\"og:description\" content=\"Sie wollen Ihre Dr\u00e4hte nicht l\u00f6ten? Wir bieten einen Bausatz an, mit dem Sie Ihr Zubeh\u00f6r wie LED oder L\u00fcfter verbinden k\u00f6nnen. Der Bausatz besteht aus :  1 Kunststoffbuchse  1 Kunststoffsteckdose  2 Buchsenkontaktstifte  2 Kontaktstifte F\u00fcr 24 bis 18 AWG rot\/schwarzes Kabel Verwenden Sie f\u00fcr die Montage eine Crimpzange f\u00fcr Steckverbinder. &nbsp; &nbsp;\" \/>\n<meta property=\"og:url\" content=\"https:\/\/www.printer-box.com\/produkt\/wire-connectors\/\" \/>\n<meta property=\"og:site_name\" content=\"Printer Box\" \/>\n<meta property=\"article:publisher\" content=\"https:\/\/www.facebook.com\/theprinterbox\/\" \/>\n<meta property=\"article:modified_time\" content=\"2024-03-23T08:15:15+00:00\" \/>\n<meta property=\"og:image\" content=\"https:\/\/www.printer-box.com\/wp-content\/uploads\/2022\/06\/IMG_4389-scaled-e1656420802719.jpg\" \/>\n\t<meta property=\"og:image:width\" content=\"2044\" \/>\n\t<meta property=\"og:image:height\" content=\"1353\" \/>\n\t<meta property=\"og:image:type\" content=\"image\/jpeg\" \/>\n<meta name=\"twitter:card\" content=\"summary_large_image\" \/>\n<meta name=\"twitter:label1\" content=\"Gesch\u00e4tzte Lesezeit\" \/>\n\t<meta name=\"twitter:data1\" content=\"2\u00a0Minuten\" \/>\n<script type=\"application\/ld+json\" class=\"yoast-schema-graph\">{\"@context\":\"https:\\\/\\\/schema.org\",\"@graph\":[{\"@type\":\"WebPage\",\"@id\":\"https:\\\/\\\/www.printer-box.com\\\/produkt\\\/wire-connectors\\\/\",\"url\":\"https:\\\/\\\/www.printer-box.com\\\/produkt\\\/wire-connectors\\\/\",\"name\":\"Steckverbinder f\u00fcr LED und L\u00fcfter - Printer Box\",\"isPartOf\":{\"@id\":\"https:\\\/\\\/www.printer-box.com\\\/de\\\/#website\"},\"primaryImageOfPage\":{\"@id\":\"https:\\\/\\\/www.printer-box.com\\\/produkt\\\/wire-connectors\\\/#primaryimage\"},\"image\":{\"@id\":\"https:\\\/\\\/www.printer-box.com\\\/produkt\\\/wire-connectors\\\/#primaryimage\"},\"thumbnailUrl\":\"https:\\\/\\\/www.printer-box.com\\\/wp-content\\\/uploads\\\/2022\\\/06\\\/IMG_4389-scaled-e1656420802719.jpg\",\"datePublished\":\"2022-08-25T03:38:43+00:00\",\"dateModified\":\"2024-03-23T08:15:15+00:00\",\"breadcrumb\":{\"@id\":\"https:\\\/\\\/www.printer-box.com\\\/produkt\\\/wire-connectors\\\/#breadcrumb\"},\"inLanguage\":\"de\",\"potentialAction\":[{\"@type\":\"ReadAction\",\"target\":[\"https:\\\/\\\/www.printer-box.com\\\/produkt\\\/wire-connectors\\\/\"]}]},{\"@type\":\"ImageObject\",\"inLanguage\":\"de\",\"@id\":\"https:\\\/\\\/www.printer-box.com\\\/produkt\\\/wire-connectors\\\/#primaryimage\",\"url\":\"https:\\\/\\\/www.printer-box.com\\\/wp-content\\\/uploads\\\/2022\\\/06\\\/IMG_4389-scaled-e1656420802719.jpg\",\"contentUrl\":\"https:\\\/\\\/www.printer-box.com\\\/wp-content\\\/uploads\\\/2022\\\/06\\\/IMG_4389-scaled-e1656420802719.jpg\",\"width\":2044,\"height\":1353},{\"@type\":\"BreadcrumbList\",\"@id\":\"https:\\\/\\\/www.printer-box.com\\\/produkt\\\/wire-connectors\\\/#breadcrumb\",\"itemListElement\":[{\"@type\":\"ListItem\",\"position\":1,\"name\":\"Home\",\"item\":\"https:\\\/\\\/www.printer-box.com\\\/de\\\/home\\\/\"},{\"@type\":\"ListItem\",\"position\":2,\"name\":\"Shop &#8211; Kasten\",\"item\":\"https:\\\/\\\/www.printer-box.com\\\/shop-enclosure\\\/\"},{\"@type\":\"ListItem\",\"position\":3,\"name\":\"Steckverbinder f\u00fcr LED und L\u00fcfter\"}]},{\"@type\":\"WebSite\",\"@id\":\"https:\\\/\\\/www.printer-box.com\\\/de\\\/#website\",\"url\":\"https:\\\/\\\/www.printer-box.com\\\/de\\\/\",\"name\":\"Printer Box\",\"description\":\"The best home for your printer\",\"potentialAction\":[{\"@type\":\"SearchAction\",\"target\":{\"@type\":\"EntryPoint\",\"urlTemplate\":\"https:\\\/\\\/www.printer-box.com\\\/de\\\/?s={search_term_string}\"},\"query-input\":{\"@type\":\"PropertyValueSpecification\",\"valueRequired\":true,\"valueName\":\"search_term_string\"}}],\"inLanguage\":\"de\"}]}<\/script>\n<!-- \/ Yoast SEO plugin. -->","yoast_head_json":{"title":"Steckverbinder f\u00fcr LED und L\u00fcfter - Printer Box","robots":{"index":"index","follow":"follow","max-snippet":"max-snippet:-1","max-image-preview":"max-image-preview:large","max-video-preview":"max-video-preview:-1"},"canonical":"https:\/\/www.printer-box.com\/produkt\/wire-connectors\/","og_locale":"de_DE","og_type":"article","og_title":"Steckverbinder f\u00fcr LED und L\u00fcfter - Printer Box","og_description":"Sie wollen Ihre Dr\u00e4hte nicht l\u00f6ten? Wir bieten einen Bausatz an, mit dem Sie Ihr Zubeh\u00f6r wie LED oder L\u00fcfter verbinden k\u00f6nnen. Der Bausatz besteht aus :  1 Kunststoffbuchse  1 Kunststoffsteckdose  2 Buchsenkontaktstifte  2 Kontaktstifte F\u00fcr 24 bis 18 AWG rot\/schwarzes Kabel Verwenden Sie f\u00fcr die Montage eine Crimpzange f\u00fcr Steckverbinder. &nbsp; &nbsp;","og_url":"https:\/\/www.printer-box.com\/produkt\/wire-connectors\/","og_site_name":"Printer Box","article_publisher":"https:\/\/www.facebook.com\/theprinterbox\/","article_modified_time":"2024-03-23T08:15:15+00:00","og_image":[{"width":2044,"height":1353,"url":"https:\/\/www.printer-box.com\/wp-content\/uploads\/2022\/06\/IMG_4389-scaled-e1656420802719.jpg","type":"image\/jpeg"}],"twitter_card":"summary_large_image","twitter_misc":{"Gesch\u00e4tzte Lesezeit":"2\u00a0Minuten"},"schema":{"@context":"https:\/\/schema.org","@graph":[{"@type":"WebPage","@id":"https:\/\/www.printer-box.com\/produkt\/wire-connectors\/","url":"https:\/\/www.printer-box.com\/produkt\/wire-connectors\/","name":"Steckverbinder f\u00fcr LED und L\u00fcfter - Printer Box","isPartOf":{"@id":"https:\/\/www.printer-box.com\/de\/#website"},"primaryImageOfPage":{"@id":"https:\/\/www.printer-box.com\/produkt\/wire-connectors\/#primaryimage"},"image":{"@id":"https:\/\/www.printer-box.com\/produkt\/wire-connectors\/#primaryimage"},"thumbnailUrl":"https:\/\/www.printer-box.com\/wp-content\/uploads\/2022\/06\/IMG_4389-scaled-e1656420802719.jpg","datePublished":"2022-08-25T03:38:43+00:00","dateModified":"2024-03-23T08:15:15+00:00","breadcrumb":{"@id":"https:\/\/www.printer-box.com\/produkt\/wire-connectors\/#breadcrumb"},"inLanguage":"de","potentialAction":[{"@type":"ReadAction","target":["https:\/\/www.printer-box.com\/produkt\/wire-connectors\/"]}]},{"@type":"ImageObject","inLanguage":"de","@id":"https:\/\/www.printer-box.com\/produkt\/wire-connectors\/#primaryimage","url":"https:\/\/www.printer-box.com\/wp-content\/uploads\/2022\/06\/IMG_4389-scaled-e1656420802719.jpg","contentUrl":"https:\/\/www.printer-box.com\/wp-content\/uploads\/2022\/06\/IMG_4389-scaled-e1656420802719.jpg","width":2044,"height":1353},{"@type":"BreadcrumbList","@id":"https:\/\/www.printer-box.com\/produkt\/wire-connectors\/#breadcrumb","itemListElement":[{"@type":"ListItem","position":1,"name":"Home","item":"https:\/\/www.printer-box.com\/de\/home\/"},{"@type":"ListItem","position":2,"name":"Shop &#8211; Kasten","item":"https:\/\/www.printer-box.com\/shop-enclosure\/"},{"@type":"ListItem","position":3,"name":"Steckverbinder f\u00fcr LED und L\u00fcfter"}]},{"@type":"WebSite","@id":"https:\/\/www.printer-box.com\/de\/#website","url":"https:\/\/www.printer-box.com\/de\/","name":"Printer Box","description":"The best home for your printer","potentialAction":[{"@type":"SearchAction","target":{"@type":"EntryPoint","urlTemplate":"https:\/\/www.printer-box.com\/de\/?s={search_term_string}"},"query-input":{"@type":"PropertyValueSpecification","valueRequired":true,"valueName":"search_term_string"}}],"inLanguage":"de"}]}},"_links":{"self":[{"href":"https:\/\/www.printer-box.com\/de\/wp-json\/wp\/v2\/product\/31556","targetHints":{"allow":["GET"]}}],"collection":[{"href":"https:\/\/www.printer-box.com\/de\/wp-json\/wp\/v2\/product"}],"about":[{"href":"https:\/\/www.printer-box.com\/de\/wp-json\/wp\/v2\/types\/product"}],"replies":[{"embeddable":true,"href":"https:\/\/www.printer-box.com\/de\/wp-json\/wp\/v2\/comments?post=31556"}],"wp:featuredmedia":[{"embeddable":true,"href":"https:\/\/www.printer-box.com\/de\/wp-json\/wp\/v2\/media\/30848"}],"wp:attachment":[{"href":"https:\/\/www.printer-box.com\/de\/wp-json\/wp\/v2\/media?parent=31556"}],"wp:term":[{"taxonomy":"product_brand","embeddable":true,"href":"https:\/\/www.printer-box.com\/de\/wp-json\/wp\/v2\/product_brand?post=31556"},{"taxonomy":"product_cat","embeddable":true,"href":"https:\/\/www.printer-box.com\/de\/wp-json\/wp\/v2\/product_cat?post=31556"},{"taxonomy":"product_tag","embeddable":true,"href":"https:\/\/www.printer-box.com\/de\/wp-json\/wp\/v2\/product_tag?post=31556"}],"curies":[{"name":"wp","href":"https:\/\/api.w.org\/{rel}","templated":true}]}}