{"id":32199,"date":"2022-10-05T17:09:31","date_gmt":"2022-10-05T15:09:31","guid":{"rendered":"https:\/\/www.printer-box.com\/ueber-uns\/"},"modified":"2024-02-01T11:24:08","modified_gmt":"2024-02-01T10:24:08","slug":"ueber-uns","status":"publish","type":"page","link":"https:\/\/www.printer-box.com\/de\/ueber-uns\/","title":{"rendered":"\u00dcber uns"},"content":{"rendered":"<p>[et_pb_section fb_built=&#8220;1&#8243; _builder_version=&#8220;4.16&#8243; _module_preset=&#8220;default&#8220; global_colors_info=&#8220;{}&#8220;][et_pb_row _builder_version=&#8220;4.16&#8243; _module_preset=&#8220;default&#8220; global_colors_info=&#8220;{}&#8220;][et_pb_column type=&#8220;4_4&#8243; _builder_version=&#8220;4.16&#8243; _module_preset=&#8220;default&#8220; global_colors_info=&#8220;{}&#8220;][et_pb_text _builder_version=&#8220;4.16&#8243; _module_preset=&#8220;default&#8220; header_text_align=&#8220;center&#8220; global_colors_info=&#8220;{}&#8220;]<\/p>\n<h1>\u00dcber uns<\/h1>\n<p>[\/et_pb_text][\/et_pb_column][\/et_pb_row][et_pb_row column_structure=&#8220;1_2,1_2&#8243; _builder_version=&#8220;4.16&#8243; _module_preset=&#8220;default&#8220; global_colors_info=&#8220;{}&#8220;][et_pb_column type=&#8220;1_2&#8243; _builder_version=&#8220;4.16&#8243; _module_preset=&#8220;default&#8220; global_colors_info=&#8220;{}&#8220;][et_pb_text _builder_version=&#8220;4.18.0&#8243; _module_preset=&#8220;default&#8220; global_colors_info=&#8220;{}&#8220;]<\/p>\n<p>Prusabox wurde im Jahr 2020 von Julien mit Hilfe von Gregory und Vincent gegr\u00fcndet.<br \/>Am Anfang war das Ziel, das beste Geh\u00e4use f\u00fcr den Prusa mk2\/3 Drucker zu entwickeln.<br \/>Das Beste bedeutet f\u00fcr uns: hochwertiges Material, effiziente Komponenten und hohe Modularit\u00e4t mit einer Vielzahl von Modifikationen.<\/p>\n<p>Basierend auf dem Erfolg von Prusabox gr\u00fcndeten sie 2022 die Firma Printerbox 3d.<\/p>\n<p>Wir entwickeln jetzt neue Geh\u00e4use f\u00fcr andere Drucker und Spool-Tanks f\u00fcr die Lagerung von Filament, komplette 3D-Druck-Farm-L\u00f6sungen und 3D-Druck-System-Design f\u00fcr die Bed\u00fcrfnisse der Nutzer.<\/p>\n<p>[\/et_pb_text][\/et_pb_column][et_pb_column type=&#8220;1_2&#8243; _builder_version=&#8220;4.16&#8243; _module_preset=&#8220;default&#8220; global_colors_info=&#8220;{}&#8220;][et_pb_video src=&#8220;https:\/\/youtu.be\/xFFzBvYN_Q4&#8243; _builder_version=&#8220;4.16&#8243; _module_preset=&#8220;default&#8220; global_colors_info=&#8220;{}&#8220;][\/et_pb_video][\/et_pb_column][\/et_pb_row][et_pb_row column_structure=&#8220;1_3,1_3,1_3&#8243; _builder_version=&#8220;4.16&#8243; _module_preset=&#8220;default&#8220; global_colors_info=&#8220;{}&#8220;][et_pb_column type=&#8220;1_3&#8243; _builder_version=&#8220;4.16&#8243; _module_preset=&#8220;default&#8220; global_colors_info=&#8220;{}&#8220;][et_pb_text _builder_version=&#8220;4.18.0&#8243; _module_preset=&#8220;default&#8220; header_3_line_height=&#8220;1.5em&#8220; custom_margin=&#8220;||5px|||&#8220; global_colors_info=&#8220;{}&#8220;]<\/p>\n<h3>Standort:<\/h3>\n<p>Wir befinden uns in Frankreich, in einer kleinen Stadt in der N\u00e4he der Schweizer Grenze.<\/p>\n<p>Die Zufahrt ist von der Autobahn A36 aus sehr einfach.<\/p>\n<p>[\/et_pb_text][\/et_pb_column][et_pb_column type=&#8220;1_3&#8243; _builder_version=&#8220;4.16&#8243; _module_preset=&#8220;default&#8220; global_colors_info=&#8220;{}&#8220;][et_pb_text _builder_version=&#8220;4.18.0&#8243; _module_preset=&#8220;default&#8220; text_letter_spacing=&#8220;1px&#8220; text_line_height=&#8220;2.2em&#8220; custom_margin=&#8220;34px|||||&#8220; global_colors_info=&#8220;{}&#8220;]<\/p>\n<p>Adresse des Unternehmens:<br \/><strong>Druckerbox-3d<\/strong><br \/><strong>9 Route de Fontenotte D23,  <\/strong><br \/><strong>25110 Baume-les-Dames<\/strong><br \/><strong>Frankreich<\/strong><\/p>\n<p>[\/et_pb_text][\/et_pb_column][et_pb_column type=&#8220;1_3&#8243; _builder_version=&#8220;4.16&#8243; _module_preset=&#8220;default&#8220; global_colors_info=&#8220;{}&#8220;][et_pb_text _builder_version=&#8220;4.18.0&#8243; _module_preset=&#8220;default&#8220; custom_margin=&#8220;||5px|||&#8220; global_colors_info=&#8220;{}&#8220;]<iframe src=\"https:\/\/www.google.com\/maps\/embed?pb=!1m18!1m12!1m3!1d675.7716736166655!2d6.339075950068671!3d47.35170534774562!2m3!1f0!2f0!3f0!3m2!1i1024!2i768!4f13.1!3m3!1m2!1s0x478d6363c4d616bf%3A0x1d5500da55e25b08!2sPrinterbox%203d!5e0!3m2!1sfr!2sfr!4v1664504518106!5m2!1sfr!2sfr\" width=\"400\" height=\"300\" style=\"border:0;\" allowfullscreen=\"\" loading=\"lazy\" referrerpolicy=\"no-referrer-when-downgrade\"><\/iframe>[\/et_pb_text][\/et_pb_column][\/et_pb_row][et_pb_row column_structure=&#8220;1_3,1_3,1_3&#8243; _builder_version=&#8220;4.16&#8243; _module_preset=&#8220;default&#8220; global_colors_info=&#8220;{}&#8220;][et_pb_column type=&#8220;1_3&#8243; _builder_version=&#8220;4.16&#8243; _module_preset=&#8220;default&#8220; global_colors_info=&#8220;{}&#8220;][et_pb_text _builder_version=&#8220;4.18.0&#8243; _module_preset=&#8220;default&#8220; custom_margin=&#8220;||6px|||&#8220; global_colors_info=&#8220;{}&#8220;]<\/p>\n<h3>Zimmer zeigen:<\/h3>\n<p>[\/et_pb_text][et_pb_image src=&#8220;https:\/\/www.printer-box.com\/wp-content\/uploads\/2022\/10\/show-room.jpg&#8220; title_text=&#8220;Ausstellungsraum&#8220; show_in_lightbox=&#8220;on&#8220; align=&#8220;center&#8220; _builder_version=&#8220;4.18.0&#8243; _module_preset=&#8220;default&#8220; module_alignment=&#8220;center&#8220; max_height=&#8220;179px&#8220; global_colors_info=&#8220;{}&#8220;][\/et_pb_image][\/et_pb_column][et_pb_column type=&#8220;1_3&#8243; _builder_version=&#8220;4.16&#8243; _module_preset=&#8220;default&#8220; global_colors_info=&#8220;{}&#8220;][et_pb_text _builder_version=&#8220;4.18.0&#8243; _module_preset=&#8220;default&#8220; custom_margin=&#8220;||6px|||&#8220; global_colors_info=&#8220;{}&#8220;]<\/p>\n<h3>Druckerei:<\/h3>\n<p>[\/et_pb_text][et_pb_image src=&#8220;https:\/\/www.printer-box.com\/wp-content\/uploads\/2022\/10\/printer-farm.jpg&#8220; title_text=&#8220;Drucker-Bauernhof&#8220; show_in_lightbox=&#8220;on&#8220; align=&#8220;center&#8220; _builder_version=&#8220;4.18.0&#8243; _module_preset=&#8220;default&#8220; module_alignment=&#8220;center&#8220; max_height=&#8220;201px&#8220; global_colors_info=&#8220;{}&#8220;][\/et_pb_image][\/et_pb_column][et_pb_column type=&#8220;1_3&#8243; _builder_version=&#8220;4.16&#8243; _module_preset=&#8220;default&#8220; global_colors_info=&#8220;{}&#8220;][et_pb_text _builder_version=&#8220;4.16&#8243; _module_preset=&#8220;default&#8220; custom_margin=&#8220;||6px|||&#8220; global_colors_info=&#8220;{}&#8220;]<\/p>\n<h3>Verpacken:<\/h3>\n<p>[\/et_pb_text][et_pb_image src=&#8220;https:\/\/www.printer-box.com\/wp-content\/uploads\/2022\/10\/packing.jpg&#8220; title_text=&#8220;Verpackung&#8220; show_in_lightbox=&#8220;on&#8220; align=&#8220;center&#8220; _builder_version=&#8220;4.18.0&#8243; _module_preset=&#8220;default&#8220; module_alignment=&#8220;center&#8220; max_height=&#8220;179px&#8220; global_colors_info=&#8220;{}&#8220;][\/et_pb_image][\/et_pb_column][\/et_pb_row][et_pb_row _builder_version=&#8220;4.16&#8243; _module_preset=&#8220;default&#8220; global_colors_info=&#8220;{}&#8220;][et_pb_column type=&#8220;4_4&#8243; _builder_version=&#8220;4.16&#8243; _module_preset=&#8220;default&#8220; global_colors_info=&#8220;{}&#8220;][et_pb_text _builder_version=&#8220;4.16&#8243; _module_preset=&#8220;default&#8220; global_colors_info=&#8220;{}&#8220;]<\/p>\n<h1>Printerbox-Team:<\/h1>\n<p>[\/et_pb_text][\/et_pb_column][\/et_pb_row][et_pb_row column_structure=&#8220;1_4,1_4,1_4,1_4&#8243; _builder_version=&#8220;4.23.4&#8243; _module_preset=&#8220;default&#8220; hover_enabled=&#8220;0&#8243; global_colors_info=&#8220;{}&#8220; sticky_enabled=&#8220;0&#8243;][et_pb_column type=&#8220;1_4&#8243; _builder_version=&#8220;4.16&#8243; _module_preset=&#8220;default&#8220; global_colors_info=&#8220;{}&#8220;][et_pb_image src=&#8220;https:\/\/www.printer-box.com\/wp-content\/uploads\/2022\/07\/Avatar-Chloe.png&#8220; title_text=&#8220;Avatar Chlo\u00e9&#8220; align=&#8220;center&#8220; _builder_version=&#8220;4.18.0&#8243; _module_preset=&#8220;default&#8220; max_height=&#8220;142px&#8220; global_colors_info=&#8220;{}&#8220;][\/et_pb_image][et_pb_text _builder_version=&#8220;4.18.0&#8243; _module_preset=&#8220;default&#8220; text_orientation=&#8220;center&#8220; global_colors_info=&#8220;{}&#8220;]<\/p>\n<h4>Chlo\u00e9<\/h4>\n<p>Kundenbetreuung<\/p>\n<p>[\/et_pb_text][\/et_pb_column][et_pb_column type=&#8220;1_4&#8243; _builder_version=&#8220;4.16&#8243; _module_preset=&#8220;default&#8220; global_colors_info=&#8220;{}&#8220;][et_pb_image src=&#8220;https:\/\/www.printer-box.com\/wp-content\/uploads\/2022\/09\/Greg.jpeg&#8220; title_text=&#8220;Greg&#8220; align=&#8220;center&#8220; _builder_version=&#8220;4.18.0&#8243; _module_preset=&#8220;default&#8220; max_height=&#8220;142px&#8220; global_colors_info=&#8220;{}&#8220;][\/et_pb_image][et_pb_text _builder_version=&#8220;4.16&#8243; _module_preset=&#8220;default&#8220; text_orientation=&#8220;center&#8220; global_colors_info=&#8220;{}&#8220;]<\/p>\n<h4>Gregory<\/h4>\n<p>Marketing<br \/>Gr\u00fcnder<\/p>\n<p>[\/et_pb_text][\/et_pb_column][et_pb_column type=&#8220;1_4&#8243; _builder_version=&#8220;4.16&#8243; _module_preset=&#8220;default&#8220; global_colors_info=&#8220;{}&#8220;][et_pb_image src=&#8220;https:\/\/www.printer-box.com\/wp-content\/uploads\/2022\/09\/Julien.jpeg&#8220; title_text=&#8220;Julien&#8220; align=&#8220;center&#8220; _builder_version=&#8220;4.18.0&#8243; _module_preset=&#8220;default&#8220; max_height=&#8220;142px&#8220; global_colors_info=&#8220;{}&#8220;][\/et_pb_image][et_pb_text _builder_version=&#8220;4.16&#8243; _module_preset=&#8220;default&#8220; text_orientation=&#8220;center&#8220; global_colors_info=&#8220;{}&#8220;]<\/p>\n<h4>Julien<\/h4>\n<p>CEO<br \/>Gr\u00fcnder<\/p>\n<p>[\/et_pb_text][\/et_pb_column][et_pb_column type=&#8220;1_4&#8243; _builder_version=&#8220;4.16&#8243; _module_preset=&#8220;default&#8220; global_colors_info=&#8220;{}&#8220;][et_pb_image src=&#8220;https:\/\/www.printer-box.com\/wp-content\/uploads\/2022\/09\/Vincent.jpeg&#8220; title_text=&#8220;Vincent&#8220; align=&#8220;center&#8220; _builder_version=&#8220;4.18.0&#8243; _module_preset=&#8220;default&#8220; max_height=&#8220;142px&#8220; global_colors_info=&#8220;{}&#8220;][\/et_pb_image][et_pb_text _builder_version=&#8220;4.16&#8243; _module_preset=&#8220;default&#8220; text_orientation=&#8220;center&#8220; global_colors_info=&#8220;{}&#8220;]<\/p>\n<h4>Vincent<\/h4>\n<p>Marketing<br \/>Gr\u00fcnder<\/p>\n<p>[\/et_pb_text][\/et_pb_column][\/et_pb_row][\/et_pb_section]<\/p>\n<span class=\"et_bloom_bottom_trigger\"><\/span>","protected":false},"excerpt":{"rendered":"<p>\u00dcber unsPrusabox wurde im Jahr 2020 von Julien mit Hilfe von Gregory und Vincent gegr\u00fcndet.Am Anfang war das Ziel, das beste Geh\u00e4use f\u00fcr den Prusa mk2\/3 Drucker zu entwickeln.Das Beste bedeutet f\u00fcr uns: hochwertiges Material, effiziente Komponenten und hohe Modularit\u00e4t mit einer Vielzahl von Modifikationen. Basierend auf dem Erfolg von Prusabox gr\u00fcndeten sie 2022 die [&hellip;]<\/p>\n","protected":false},"author":5,"featured_media":0,"parent":0,"menu_order":0,"comment_status":"closed","ping_status":"closed","template":"","meta":{"_et_pb_use_builder":"on","_et_pb_old_content":"","_et_gb_content_width":"","footnotes":""},"class_list":["post-32199","page","type-page","status-publish","hentry"],"yoast_head":"<!-- This site is optimized with the Yoast SEO plugin v27.4 - https:\/\/yoast.com\/product\/yoast-seo-wordpress\/ -->\n<title>\u00dcber uns - Printer Box<\/title>\n<meta name=\"robots\" content=\"index, follow, max-snippet:-1, max-image-preview:large, max-video-preview:-1\" \/>\n<link rel=\"canonical\" href=\"https:\/\/www.printer-box.com\/de\/ueber-uns\/\" \/>\n<meta property=\"og:locale\" content=\"de_DE\" \/>\n<meta property=\"og:type\" content=\"article\" \/>\n<meta property=\"og:title\" content=\"\u00dcber uns - Printer Box\" \/>\n<meta property=\"og:description\" content=\"\u00dcber unsPrusabox wurde im Jahr 2020 von Julien mit Hilfe von Gregory und Vincent gegr\u00fcndet.Am Anfang war das Ziel, das beste Geh\u00e4use f\u00fcr den Prusa mk2\/3 Drucker zu entwickeln.Das Beste bedeutet f\u00fcr uns: hochwertiges Material, effiziente Komponenten und hohe Modularit\u00e4t mit einer Vielzahl von Modifikationen. Basierend auf dem Erfolg von Prusabox gr\u00fcndeten sie 2022 die [&hellip;]\" \/>\n<meta property=\"og:url\" content=\"https:\/\/www.printer-box.com\/de\/ueber-uns\/\" \/>\n<meta property=\"og:site_name\" content=\"Printer Box\" \/>\n<meta property=\"article:publisher\" content=\"https:\/\/www.facebook.com\/theprinterbox\/\" \/>\n<meta property=\"article:modified_time\" content=\"2024-02-01T10:24:08+00:00\" \/>\n<meta name=\"twitter:card\" content=\"summary_large_image\" \/>\n<meta name=\"twitter:label1\" content=\"Gesch\u00e4tzte Lesezeit\" \/>\n\t<meta name=\"twitter:data1\" content=\"5\u00a0Minuten\" \/>\n<script type=\"application\/ld+json\" class=\"yoast-schema-graph\">{\"@context\":\"https:\\\/\\\/schema.org\",\"@graph\":[{\"@type\":\"WebPage\",\"@id\":\"https:\\\/\\\/www.printer-box.com\\\/de\\\/ueber-uns\\\/\",\"url\":\"https:\\\/\\\/www.printer-box.com\\\/de\\\/ueber-uns\\\/\",\"name\":\"\u00dcber uns - Printer Box\",\"isPartOf\":{\"@id\":\"https:\\\/\\\/www.printer-box.com\\\/de\\\/#website\"},\"datePublished\":\"2022-10-05T15:09:31+00:00\",\"dateModified\":\"2024-02-01T10:24:08+00:00\",\"breadcrumb\":{\"@id\":\"https:\\\/\\\/www.printer-box.com\\\/de\\\/ueber-uns\\\/#breadcrumb\"},\"inLanguage\":\"de\",\"potentialAction\":[{\"@type\":\"ReadAction\",\"target\":[\"https:\\\/\\\/www.printer-box.com\\\/de\\\/ueber-uns\\\/\"]}]},{\"@type\":\"BreadcrumbList\",\"@id\":\"https:\\\/\\\/www.printer-box.com\\\/de\\\/ueber-uns\\\/#breadcrumb\",\"itemListElement\":[{\"@type\":\"ListItem\",\"position\":1,\"name\":\"Home\",\"item\":\"https:\\\/\\\/www.printer-box.com\\\/de\\\/home\\\/\"},{\"@type\":\"ListItem\",\"position\":2,\"name\":\"\u00dcber uns\"}]},{\"@type\":\"WebSite\",\"@id\":\"https:\\\/\\\/www.printer-box.com\\\/de\\\/#website\",\"url\":\"https:\\\/\\\/www.printer-box.com\\\/de\\\/\",\"name\":\"Printer Box\",\"description\":\"The best home for your printer\",\"potentialAction\":[{\"@type\":\"SearchAction\",\"target\":{\"@type\":\"EntryPoint\",\"urlTemplate\":\"https:\\\/\\\/www.printer-box.com\\\/de\\\/?s={search_term_string}\"},\"query-input\":{\"@type\":\"PropertyValueSpecification\",\"valueRequired\":true,\"valueName\":\"search_term_string\"}}],\"inLanguage\":\"de\"}]}<\/script>\n<!-- \/ Yoast SEO plugin. -->","yoast_head_json":{"title":"\u00dcber uns - Printer Box","robots":{"index":"index","follow":"follow","max-snippet":"max-snippet:-1","max-image-preview":"max-image-preview:large","max-video-preview":"max-video-preview:-1"},"canonical":"https:\/\/www.printer-box.com\/de\/ueber-uns\/","og_locale":"de_DE","og_type":"article","og_title":"\u00dcber uns - Printer Box","og_description":"\u00dcber unsPrusabox wurde im Jahr 2020 von Julien mit Hilfe von Gregory und Vincent gegr\u00fcndet.Am Anfang war das Ziel, das beste Geh\u00e4use f\u00fcr den Prusa mk2\/3 Drucker zu entwickeln.Das Beste bedeutet f\u00fcr uns: hochwertiges Material, effiziente Komponenten und hohe Modularit\u00e4t mit einer Vielzahl von Modifikationen. Basierend auf dem Erfolg von Prusabox gr\u00fcndeten sie 2022 die [&hellip;]","og_url":"https:\/\/www.printer-box.com\/de\/ueber-uns\/","og_site_name":"Printer Box","article_publisher":"https:\/\/www.facebook.com\/theprinterbox\/","article_modified_time":"2024-02-01T10:24:08+00:00","twitter_card":"summary_large_image","twitter_misc":{"Gesch\u00e4tzte Lesezeit":"5\u00a0Minuten"},"schema":{"@context":"https:\/\/schema.org","@graph":[{"@type":"WebPage","@id":"https:\/\/www.printer-box.com\/de\/ueber-uns\/","url":"https:\/\/www.printer-box.com\/de\/ueber-uns\/","name":"\u00dcber uns - Printer Box","isPartOf":{"@id":"https:\/\/www.printer-box.com\/de\/#website"},"datePublished":"2022-10-05T15:09:31+00:00","dateModified":"2024-02-01T10:24:08+00:00","breadcrumb":{"@id":"https:\/\/www.printer-box.com\/de\/ueber-uns\/#breadcrumb"},"inLanguage":"de","potentialAction":[{"@type":"ReadAction","target":["https:\/\/www.printer-box.com\/de\/ueber-uns\/"]}]},{"@type":"BreadcrumbList","@id":"https:\/\/www.printer-box.com\/de\/ueber-uns\/#breadcrumb","itemListElement":[{"@type":"ListItem","position":1,"name":"Home","item":"https:\/\/www.printer-box.com\/de\/home\/"},{"@type":"ListItem","position":2,"name":"\u00dcber uns"}]},{"@type":"WebSite","@id":"https:\/\/www.printer-box.com\/de\/#website","url":"https:\/\/www.printer-box.com\/de\/","name":"Printer Box","description":"The best home for your printer","potentialAction":[{"@type":"SearchAction","target":{"@type":"EntryPoint","urlTemplate":"https:\/\/www.printer-box.com\/de\/?s={search_term_string}"},"query-input":{"@type":"PropertyValueSpecification","valueRequired":true,"valueName":"search_term_string"}}],"inLanguage":"de"}]}},"_links":{"self":[{"href":"https:\/\/www.printer-box.com\/de\/wp-json\/wp\/v2\/pages\/32199","targetHints":{"allow":["GET"]}}],"collection":[{"href":"https:\/\/www.printer-box.com\/de\/wp-json\/wp\/v2\/pages"}],"about":[{"href":"https:\/\/www.printer-box.com\/de\/wp-json\/wp\/v2\/types\/page"}],"author":[{"embeddable":true,"href":"https:\/\/www.printer-box.com\/de\/wp-json\/wp\/v2\/users\/5"}],"replies":[{"embeddable":true,"href":"https:\/\/www.printer-box.com\/de\/wp-json\/wp\/v2\/comments?post=32199"}],"version-history":[{"count":10,"href":"https:\/\/www.printer-box.com\/de\/wp-json\/wp\/v2\/pages\/32199\/revisions"}],"predecessor-version":[{"id":39151,"href":"https:\/\/www.printer-box.com\/de\/wp-json\/wp\/v2\/pages\/32199\/revisions\/39151"}],"wp:attachment":[{"href":"https:\/\/www.printer-box.com\/de\/wp-json\/wp\/v2\/media?parent=32199"}],"curies":[{"name":"wp","href":"https:\/\/api.w.org\/{rel}","templated":true}]}}